{"id":19923,"date":"2022-09-06T17:37:00","date_gmt":"2022-09-11T06:31:38","guid":{"rendered":"https:\/\/apimat.ch\/?post_type=product&#038;p=19923"},"modified":"2022-09-11T08:31:38","modified_gmt":"2022-09-11T06:31:38","slug":"stahlkugel-rostfrei-fu%cc%88rs-bodenlager-bei-schleudern","status":"publish","type":"product","link":"https:\/\/apimat.ch\/de\/produit\/stahlkugel-rostfrei-fu%cc%88rs-bodenlager-bei-schleudern\/","title":{"rendered":"Stahlkugel rostfrei fu\u0308rs Bodenlager bei Schleudern"},"content":{"rendered":"<p>Stahlkugel rostfrei fu\u0308rs Bodenlager bei Schleudern<\/p>\n<p>In der Gr\u00f6\u00dfe:<\/p>\n<ul>\n<li>\u00d88 mm<\/li>\n<li>\u00d810 mm<\/li>\n<li>\u00d811 mm<\/li>\n<li>\u00d815 mm<\/li>\n<\/ul>\n<p class=\"p1\"><b>DIE PREISE SIND JE NACH MENGE DEGRESSIV.<\/b><\/p>\n<p class=\"p1\"><b>F\u00fcr weitere Informationen kontaktieren Sie mich bitte.<\/b><\/p>\n<p class=\"p2\"><span class=\"s1\"><a href=\"mailto:info@apimat.ch\"><b>info@apimat.ch<\/b><\/a><\/span><\/p>\n<p class=\"p1\"><b>Telefon: 076 213 80 33<\/b><\/p>\n","protected":false},"excerpt":{"rendered":"<p>Stahlkugel rostfrei fu\u0308rs Bodenlager bei Schleudern In der Gr\u00f6\u00dfe: \u00d88 mm \u00d810 mm \u00d811 mm \u00d815 mm DIE PREISE SIND JE NACH MENGE DEGRESSIV. F\u00fcr weitere Informationen kontaktieren Sie mich bitte. info@apimat.ch Telefon: 076 213 80 33<\/p>\n","protected":false},"featured_media":19621,"template":"","meta":{"_uf_show_specific_survey":0,"_uf_disable_surveys":false},"product_cat":[107],"product_tag":[],"aioseo_notices":[],"_links":{"self":[{"href":"https:\/\/apimat.ch\/de\/wp-json\/wp\/v2\/product\/19923"}],"collection":[{"href":"https:\/\/apimat.ch\/de\/wp-json\/wp\/v2\/product"}],"about":[{"href":"https:\/\/apimat.ch\/de\/wp-json\/wp\/v2\/types\/product"}],"wp:featuredmedia":[{"embeddable":true,"href":"https:\/\/apimat.ch\/de\/wp-json\/wp\/v2\/media\/19621"}],"wp:attachment":[{"href":"https:\/\/apimat.ch\/de\/wp-json\/wp\/v2\/media?parent=19923"}],"wp:term":[{"taxonomy":"product_cat","embeddable":true,"href":"https:\/\/apimat.ch\/de\/wp-json\/wp\/v2\/product_cat?post=19923"},{"taxonomy":"product_tag","embeddable":true,"href":"https:\/\/apimat.ch\/de\/wp-json\/wp\/v2\/product_tag?post=19923"}],"curies":[{"name":"wp","href":"https:\/\/api.w.org\/{rel}","templated":true}]}}