{"id":20250,"date":"2022-10-05T18:04:43","date_gmt":"2022-10-05T16:44:47","guid":{"rendered":"https:\/\/apimat.ch\/?post_type=product&#038;p=20250"},"modified":"2025-06-30T22:29:53","modified_gmt":"2025-06-30T20:29:53","slug":"rotes-ch-siegelband-100-200-300-400-500-stueck-mit-kartonabroller","status":"publish","type":"product","link":"https:\/\/apimat.ch\/de\/produit\/rotes-ch-siegelband-100-200-300-400-500-stueck-mit-kartonabroller\/","title":{"rendered":"Rotes CH-Siegelband \u2013 [100\/200\/300\/400\/500] St\u00fcck mit Kartonabroller"},"content":{"rendered":"<p class=\"p1\">Rotes CH-Siegelband \u2013 [100\/200\/300\/400\/500] St\u00fcck mit Kartonabroller<\/p>\n<p class=\"p1\">Karton mit 100 Siegelb\u00e4ndern<\/p>\n<p class=\"p1\">Karton mit 200 Siegelb\u00e4ndern<\/p>\n<p class=\"p1\">Karton mit 300 Siegelb\u00e4ndern<\/p>\n<p class=\"p1\">Karton mit 400 Siegelb\u00e4ndern<\/p>\n<p class=\"p1\">Karton mit 500 Siegelb\u00e4ndern<\/p>\n<p>&nbsp;<\/p>\n<p>&nbsp;<\/p>\n<p class=\"p1\"><b>DIE PREISE SIND JE NACH MENGE DEGRESSIV.<\/b><\/p>\n<p class=\"p1\"><b>F\u00fcr weitere Informationen kontaktieren Sie mich bitte.<\/b><\/p>\n<p class=\"p2\"><span class=\"s1\"><a href=\"mailto:info@apimat.ch\"><b>info@apimat.ch<\/b><\/a><\/span><\/p>\n<p class=\"p1\"><b>Telefon: 076 213 80 33<\/b><\/p>\n","protected":false},"excerpt":{"rendered":"<p>Rotes CH-Siegelband \u2013 [100\/200\/300\/400\/500] St\u00fcck mit Kartonabroller Karton mit 100 Siegelb\u00e4ndern Karton mit 200 Siegelb\u00e4ndern Karton mit 300 Siegelb\u00e4ndern Karton mit 400 Siegelb\u00e4ndern Karton mit 500 Siegelb\u00e4ndern &nbsp; &nbsp; DIE PREISE SIND JE NACH MENGE DEGRESSIV. F\u00fcr weitere Informationen kontaktieren Sie mich bitte. info@apimat.ch Telefon: 076 213 80 33<\/p>\n","protected":false},"featured_media":20238,"template":"","meta":{"_uf_show_specific_survey":0,"_uf_disable_surveys":false},"product_cat":[1066,1060,106],"product_tag":[],"aioseo_notices":[],"_links":{"self":[{"href":"https:\/\/apimat.ch\/de\/wp-json\/wp\/v2\/product\/20250"}],"collection":[{"href":"https:\/\/apimat.ch\/de\/wp-json\/wp\/v2\/product"}],"about":[{"href":"https:\/\/apimat.ch\/de\/wp-json\/wp\/v2\/types\/product"}],"wp:featuredmedia":[{"embeddable":true,"href":"https:\/\/apimat.ch\/de\/wp-json\/wp\/v2\/media\/20238"}],"wp:attachment":[{"href":"https:\/\/apimat.ch\/de\/wp-json\/wp\/v2\/media?parent=20250"}],"wp:term":[{"taxonomy":"product_cat","embeddable":true,"href":"https:\/\/apimat.ch\/de\/wp-json\/wp\/v2\/product_cat?post=20250"},{"taxonomy":"product_tag","embeddable":true,"href":"https:\/\/apimat.ch\/de\/wp-json\/wp\/v2\/product_tag?post=20250"}],"curies":[{"name":"wp","href":"https:\/\/api.w.org\/{rel}","templated":true}]}}