{"id":20326,"date":"2022-10-04T12:24:29","date_gmt":"2022-10-07T05:18:45","guid":{"rendered":"https:\/\/apimat.ch\/?post_type=product&#038;p=20326"},"modified":"2022-10-07T07:18:46","modified_gmt":"2022-10-07T05:18:46","slug":"rostfreier-metallstaender-fuer-abfuellkessel-thomas","status":"publish","type":"product","link":"https:\/\/apimat.ch\/de\/produit\/rostfreier-metallstaender-fuer-abfuellkessel-thomas\/","title":{"rendered":"Rostfreier Metallst\u00e4nder f\u00fcr Abf\u00fcllkessel Thomas"},"content":{"rendered":"<p>Die aus viereckigem Edelstahlrohr gefertigten Halterungen f\u00fcr Melinox-Maturatoren werden unter dem Maturator platziert, der durch vier auf seine genauen Abmessungen geschwei\u00dfte Keile in Position gehalten wird.<\/p>\n<p>In den Ausf\u00fchrungen 50 bis 200 kg erm\u00f6glichen sie es, ein 40 kg-Fass unter dem Hahn zu positionieren.<\/p>\n<p>In den Ausf\u00fchrungen 350 und 500 kg erm\u00f6glichen sie die Positionierung eines 300-kg-Fasses unter dem Hahn.<\/p>\n<p>Mechanisch geschwei\u00dfte Konstruktion, komplett aus Edelstahl.<\/p>\n<p>Hohe Stabilit\u00e4t, Keile zum Halten des Reifens. .<\/p>\n<p>Verschiedene Gr\u00f6\u00dfen erh\u00e4ltlich, bitte nebenstehend ausw\u00e4hlen:<\/p>\n<p>&#8211; F\u00fcr Melinox 50 oder 100 kg &#8211; H\u00f6he 390 mm &#8211; Gewicht 5,5 kg.<\/p>\n<p>&#8211; F\u00fcr Melinox 200 kg &#8211; H\u00f6he 390 mm &#8211; Gewicht 6,2 kg.<\/p>\n<p>&#8211; F\u00fcr Melinox 350 oder 500 kg &#8211; H\u00f6he 500 mm &#8211; Gewicht 19 kg.<\/p>\n<p>&#8211; F\u00fcr Melinox 350 oder 500 kg &#8211; H\u00f6he 1000 mm &#8211; Gewicht 22 kg<\/p>\n<p>&nbsp;<\/p>\n<p class=\"p1\"><b>DIE PREISE SIND JE NACH MENGE DEGRESSIV.<\/b><\/p>\n<p class=\"p1\"><b>F\u00fcr weitere Informationen kontaktieren Sie mich bitte.<\/b><\/p>\n<p class=\"p2\"><span class=\"s1\"><a href=\"mailto:info@apimat.ch\"><b>info@apimat.ch<\/b><\/a><\/span><\/p>\n<p class=\"p1\"><b>Telefon: 076 213 80 33<\/b><\/p>\n","protected":false},"excerpt":{"rendered":"<p>Die aus viereckigem Edelstahlrohr gefertigten Halterungen f\u00fcr Melinox-Maturatoren werden unter dem Maturator platziert, der durch vier auf seine genauen Abmessungen geschwei\u00dfte Keile in Position gehalten wird. In den Ausf\u00fchrungen 50 bis 200 kg erm\u00f6glichen sie es, ein 40 kg-Fass unter dem Hahn zu positionieren. In den Ausf\u00fchrungen 350 und 500 kg erm\u00f6glichen sie die Positionierung [&hellip;]<\/p>\n","protected":false},"featured_media":20165,"template":"","meta":{"_uf_show_specific_survey":0,"_uf_disable_surveys":false},"product_cat":[108],"product_tag":[],"aioseo_notices":[],"_links":{"self":[{"href":"https:\/\/apimat.ch\/de\/wp-json\/wp\/v2\/product\/20326"}],"collection":[{"href":"https:\/\/apimat.ch\/de\/wp-json\/wp\/v2\/product"}],"about":[{"href":"https:\/\/apimat.ch\/de\/wp-json\/wp\/v2\/types\/product"}],"wp:featuredmedia":[{"embeddable":true,"href":"https:\/\/apimat.ch\/de\/wp-json\/wp\/v2\/media\/20165"}],"wp:attachment":[{"href":"https:\/\/apimat.ch\/de\/wp-json\/wp\/v2\/media?parent=20326"}],"wp:term":[{"taxonomy":"product_cat","embeddable":true,"href":"https:\/\/apimat.ch\/de\/wp-json\/wp\/v2\/product_cat?post=20326"},{"taxonomy":"product_tag","embeddable":true,"href":"https:\/\/apimat.ch\/de\/wp-json\/wp\/v2\/product_tag?post=20326"}],"curies":[{"name":"wp","href":"https:\/\/api.w.org\/{rel}","templated":true}]}}