{"id":20334,"date":"2022-10-04T12:50:21","date_gmt":"2022-10-07T05:54:53","guid":{"rendered":"https:\/\/apimat.ch\/?post_type=product&#038;p=20334"},"modified":"2023-03-13T08:26:58","modified_gmt":"2023-03-13T07:26:58","slug":"trefle-dreheingang-oe-85-mm","status":"publish","type":"product","link":"https:\/\/apimat.ch\/de\/produit\/trefle-dreheingang-oe-85-mm\/","title":{"rendered":"Trefle Dreheingang \u00d8 85 mm"},"content":{"rendered":"<p>T\u00fcr, die sich dreht. Eine geschlossene, nicht bel\u00fcftete Seite, eine geschlossene, bel\u00fcftete Seite, eine Seite mit geringerer \u00d6ffnung und eine Seite mit weiter \u00d6ffnung.<\/p>\n<p class=\"p1\"><b>DIE PREISE SIND JE NACH MENGE DEGRESSIV.<\/b><\/p>\n<p class=\"p1\"><b>F\u00fcr weitere Informationen kontaktieren Sie mich bitte.<\/b><\/p>\n<p class=\"p2\"><span class=\"s1\"><a href=\"mailto:info@apimat.ch\"><b>info@apimat.ch<\/b><\/a><\/span><\/p>\n<p class=\"p1\"><b>Telefon: 076 213 80 33<\/b><\/p>\n","protected":false},"excerpt":{"rendered":"<p>T\u00fcr, die sich dreht. Eine geschlossene, nicht bel\u00fcftete Seite, eine geschlossene, bel\u00fcftete Seite, eine Seite mit geringerer \u00d6ffnung und eine Seite mit weiter \u00d6ffnung. DIE PREISE SIND JE NACH MENGE DEGRESSIV. F\u00fcr weitere Informationen kontaktieren Sie mich bitte. info@apimat.ch Telefon: 076 213 80 33<\/p>\n","protected":false},"featured_media":20175,"template":"","meta":{"_uf_show_specific_survey":0,"_uf_disable_surveys":false},"product_cat":[102],"product_tag":[],"aioseo_notices":[],"_links":{"self":[{"href":"https:\/\/apimat.ch\/de\/wp-json\/wp\/v2\/product\/20334"}],"collection":[{"href":"https:\/\/apimat.ch\/de\/wp-json\/wp\/v2\/product"}],"about":[{"href":"https:\/\/apimat.ch\/de\/wp-json\/wp\/v2\/types\/product"}],"wp:featuredmedia":[{"embeddable":true,"href":"https:\/\/apimat.ch\/de\/wp-json\/wp\/v2\/media\/20175"}],"wp:attachment":[{"href":"https:\/\/apimat.ch\/de\/wp-json\/wp\/v2\/media?parent=20334"}],"wp:term":[{"taxonomy":"product_cat","embeddable":true,"href":"https:\/\/apimat.ch\/de\/wp-json\/wp\/v2\/product_cat?post=20334"},{"taxonomy":"product_tag","embeddable":true,"href":"https:\/\/apimat.ch\/de\/wp-json\/wp\/v2\/product_tag?post=20334"}],"curies":[{"name":"wp","href":"https:\/\/api.w.org\/{rel}","templated":true}]}}