{"id":20340,"date":"2022-10-04T17:12:50","date_gmt":"2022-10-07T06:02:43","guid":{"rendered":"https:\/\/apimat.ch\/?post_type=product&#038;p=20340"},"modified":"2022-10-07T08:02:43","modified_gmt":"2022-10-07T06:02:43","slug":"schwarmfaenger-charme-des-abeilles","status":"publish","type":"product","link":"https:\/\/apimat.ch\/de\/produit\/schwarmfaenger-charme-des-abeilles\/","title":{"rendered":"Schwarmf\u00e4nger \u201cCharme des abeilles\u201d"},"content":{"rendered":"<p>Der bekannteste und wirksamste Schwarmf\u00e4nger!<\/p>\n<p>Das exklusive Rezept, das von Thomas Imkerei entwickelt wurde, ist weltweit anerkannt und stellt seine Benutzer weiterhin zufrieden.<\/p>\n<p>Der aus nat\u00fcrlichen Essenzen gewonnene Duftstoff zieht die Schw\u00e4rme an und leitet sie zu dem f\u00fcr sie vorbereiteten Ort.<\/p>\n<p>Verteilen Sie die Paste leicht auf einigen R\u00e4hmchen und der Eingangst\u00fcr Ihrer Fallenbeuten und wiederholen Sie den Vorgang alle acht Tage.<\/p>\n<p>Wenn Sie \u00fcber alte Waben verf\u00fcgen, legen Sie diese in Ihre Fallenbeuten. Sie erh\u00f6hen die Erfolgschancen noch weiter. Die Fallen sollten hoch oben auf einer stabilen Unterlage aufgestellt werden. Achten Sie darauf, dass sie w\u00e4hrend der hei\u00dfesten Stunden nicht in der Sonne stehen, um einen Anstieg der Innentemperatur zu vermeiden.<\/p>\n<p>Unser Tipp: Sobald Sie einen Schwarm eingefangen haben, isolieren Sie ihn in einem Quarant\u00e4ne-Bienenstand, vergewissern Sie sich, dass er gesund ist, und behandeln Sie ihn gegen die Varroa-Milbe.<\/p>\n<p>Achtung: Stellen Sie Ihre Fallen nicht in der N\u00e4he von Bienenst\u00f6cken auf, die Ihnen nicht geh\u00f6ren.<\/p>\n<p>&nbsp;<\/p>\n<p class=\"p1\"><b>DIE PREISE SIND JE NACH MENGE DEGRESSIV.<\/b><\/p>\n<p class=\"p1\"><b>F\u00fcr weitere Informationen kontaktieren Sie mich bitte.<\/b><\/p>\n<p class=\"p2\"><span class=\"s1\"><a href=\"mailto:info@apimat.ch\"><b>info@apimat.ch<\/b><\/a><\/span><\/p>\n<p class=\"p1\"><b>Telefon: 076 213 80 33<\/b><\/p>\n","protected":false},"excerpt":{"rendered":"<p>Der bekannteste und wirksamste Schwarmf\u00e4nger! Das exklusive Rezept, das von Thomas Imkerei entwickelt wurde, ist weltweit anerkannt und stellt seine Benutzer weiterhin zufrieden. Der aus nat\u00fcrlichen Essenzen gewonnene Duftstoff zieht die Schw\u00e4rme an und leitet sie zu dem f\u00fcr sie vorbereiteten Ort. Verteilen Sie die Paste leicht auf einigen R\u00e4hmchen und der Eingangst\u00fcr Ihrer Fallenbeuten [&hellip;]<\/p>\n","protected":false},"featured_media":20190,"template":"","meta":{"_uf_show_specific_survey":0,"_uf_disable_surveys":false},"product_cat":[98],"product_tag":[],"aioseo_notices":[],"_links":{"self":[{"href":"https:\/\/apimat.ch\/de\/wp-json\/wp\/v2\/product\/20340"}],"collection":[{"href":"https:\/\/apimat.ch\/de\/wp-json\/wp\/v2\/product"}],"about":[{"href":"https:\/\/apimat.ch\/de\/wp-json\/wp\/v2\/types\/product"}],"wp:featuredmedia":[{"embeddable":true,"href":"https:\/\/apimat.ch\/de\/wp-json\/wp\/v2\/media\/20190"}],"wp:attachment":[{"href":"https:\/\/apimat.ch\/de\/wp-json\/wp\/v2\/media?parent=20340"}],"wp:term":[{"taxonomy":"product_cat","embeddable":true,"href":"https:\/\/apimat.ch\/de\/wp-json\/wp\/v2\/product_cat?post=20340"},{"taxonomy":"product_tag","embeddable":true,"href":"https:\/\/apimat.ch\/de\/wp-json\/wp\/v2\/product_tag?post=20340"}],"curies":[{"name":"wp","href":"https:\/\/api.w.org\/{rel}","templated":true}]}}