{"id":20346,"date":"2022-10-04T18:45:30","date_gmt":"2022-10-07T06:07:03","guid":{"rendered":"https:\/\/apimat.ch\/?post_type=product&#038;p=20346"},"modified":"2022-10-07T08:07:04","modified_gmt":"2022-10-07T06:07:04","slug":"automatischer-etikettierer-fuer-1-station-auf-foerderanlage","status":"publish","type":"product","link":"https:\/\/apimat.ch\/de\/produit\/automatischer-etikettierer-fuer-1-station-auf-foerderanlage\/","title":{"rendered":"Automatischer Etikettierer f\u00fcr 1 Station auf F\u00f6rderanlage"},"content":{"rendered":"<p>Die Ninette Auto ist eine ultrakompakte automatische Etikettiermaschine, mit der bis zu zwei Etiketten gleichzeitig auf alle zylindrischen Produkte aufgebracht werden k\u00f6nnen. Sie l\u00e4sst sich einfach \u00fcber einen Touchscreen bedienen.<\/p>\n<p>Die Produktionskapazit\u00e4t betr\u00e4gt bis zu 17 Produkte pro Minute. Diese vielseitige Maschine ist mit einem motorisierten F\u00f6rderband aus eloxiertem Aluminium ausgestattet und kann verschiedene Beh\u00e4lterformate unabh\u00e4ngig von ihrer Zusammensetzung (Glas, PET, PVC) ohne Materialwechsel etikettieren.<\/p>\n<p>&gt; Motorisiertes F\u00f6rderband aus eloxiertem Aluminium,<\/p>\n<p>&gt; Steuerung \u00fcber einen intuitiven Touchscreen,<\/p>\n<p>&gt; Bis zu 2 Etikettierstationen,<\/p>\n<p>&gt; Rechteckiger Stautisch aus Edelstahl.<\/p>\n<p>Die St\u00e4rken der Ninette Auto :<br \/>\n&#8211; Geeignet f\u00fcr alle zylindrischen Produkte,<br \/>\n&#8211; Ultrakompakte Etikettiermaschine.<br \/>\n&#8211; Einfache Bedienung und Steuerung.<br \/>\n&#8211; Erm\u00f6glicht eine gro\u00dfe Flexibilit\u00e4t.<\/p>\n<p>F\u00fcr die Ninette Auto sind mehrere Optionen verf\u00fcgbar:<\/p>\n<p>&gt; Option 1: 2. Station f\u00fcr das Anbringen von Gegenschildern.<\/p>\n<p>&gt; Option 2: Anschluss an einen professionellen Drehtisch.<\/p>\n<p>&gt; Option 3: Edelstahlrahmen<\/p>\n<p>&gt; Option 4: HSA-Tintenstrahlmarkierungsmodul<\/p>\n<p>&nbsp;<\/p>\n<p class=\"p1\"><b>DIE PREISE SIND JE NACH MENGE DEGRESSIV.<\/b><\/p>\n<p class=\"p1\"><b>F\u00fcr weitere Informationen kontaktieren Sie mich bitte.<\/b><\/p>\n<p class=\"p2\"><span class=\"s1\"><a href=\"mailto:info@apimat.ch\"><b>info@apimat.ch<\/b><\/a><\/span><\/p>\n<p class=\"p1\"><b>Telefon: 076 213 80 33<\/b><\/p>\n","protected":false},"excerpt":{"rendered":"<p>Die Ninette Auto ist eine ultrakompakte automatische Etikettiermaschine, mit der bis zu zwei Etiketten gleichzeitig auf alle zylindrischen Produkte aufgebracht werden k\u00f6nnen. Sie l\u00e4sst sich einfach \u00fcber einen Touchscreen bedienen. Die Produktionskapazit\u00e4t betr\u00e4gt bis zu 17 Produkte pro Minute. Diese vielseitige Maschine ist mit einem motorisierten F\u00f6rderband aus eloxiertem Aluminium ausgestattet und kann verschiedene Beh\u00e4lterformate [&hellip;]<\/p>\n","protected":false},"featured_media":20199,"template":"","meta":{"_uf_show_specific_survey":0,"_uf_disable_surveys":false},"product_cat":[128],"product_tag":[],"aioseo_notices":[],"_links":{"self":[{"href":"https:\/\/apimat.ch\/de\/wp-json\/wp\/v2\/product\/20346"}],"collection":[{"href":"https:\/\/apimat.ch\/de\/wp-json\/wp\/v2\/product"}],"about":[{"href":"https:\/\/apimat.ch\/de\/wp-json\/wp\/v2\/types\/product"}],"wp:featuredmedia":[{"embeddable":true,"href":"https:\/\/apimat.ch\/de\/wp-json\/wp\/v2\/media\/20199"}],"wp:attachment":[{"href":"https:\/\/apimat.ch\/de\/wp-json\/wp\/v2\/media?parent=20346"}],"wp:term":[{"taxonomy":"product_cat","embeddable":true,"href":"https:\/\/apimat.ch\/de\/wp-json\/wp\/v2\/product_cat?post=20346"},{"taxonomy":"product_tag","embeddable":true,"href":"https:\/\/apimat.ch\/de\/wp-json\/wp\/v2\/product_tag?post=20346"}],"curies":[{"name":"wp","href":"https:\/\/api.w.org\/{rel}","templated":true}]}}