{"id":20349,"date":"2022-10-05T10:57:57","date_gmt":"2022-10-07T06:08:57","guid":{"rendered":"https:\/\/apimat.ch\/?post_type=product&#038;p=20349"},"modified":"2024-06-22T10:16:09","modified_gmt":"2024-06-22T08:16:09","slug":"massivholzstaender-mit-5-saeulen","status":"publish","type":"product","link":"https:\/\/apimat.ch\/de\/produit\/massivholzstaender-mit-5-saeulen\/","title":{"rendered":"Massivholzst\u00e4nder mit 5 S\u00e4ulen"},"content":{"rendered":"<p>Dieses Display aus Massivholz, das aus 5 S\u00e4ulen besteht, ist sehr dekorativ. Er ist ideal f\u00fcr die Pr\u00e4sentation von 500-Gramm-Chronig-Gl\u00e4sern TO82 mit einem Durchmesser von maximal 85 mm.<\/p>\n<p class=\"p1\"><b>DIE PREISE SIND JE NACH MENGE DEGRESSIV.<\/b><\/p>\n<p class=\"p1\"><b>F\u00fcr weitere Informationen kontaktieren Sie mich bitte.<\/b><\/p>\n<p class=\"p2\"><span class=\"s1\"><a href=\"mailto:info@apimat.ch\"><b>info@apimat.ch<\/b><\/a><\/span><\/p>\n<p class=\"p1\"><b>Telefon: 076 213 80 33<\/b><\/p>\n","protected":false},"excerpt":{"rendered":"<p>Dieses Display aus Massivholz, das aus 5 S\u00e4ulen besteht, ist sehr dekorativ. Er ist ideal f\u00fcr die Pr\u00e4sentation von 500-Gramm-Chronig-Gl\u00e4sern TO82 mit einem Durchmesser von maximal 85 mm. DIE PREISE SIND JE NACH MENGE DEGRESSIV. F\u00fcr weitere Informationen kontaktieren Sie mich bitte. info@apimat.ch Telefon: 076 213 80 33<\/p>\n","protected":false},"featured_media":20207,"template":"","meta":{"_uf_show_specific_survey":0,"_uf_disable_surveys":false},"product_cat":[106],"product_tag":[],"aioseo_notices":[],"_links":{"self":[{"href":"https:\/\/apimat.ch\/de\/wp-json\/wp\/v2\/product\/20349"}],"collection":[{"href":"https:\/\/apimat.ch\/de\/wp-json\/wp\/v2\/product"}],"about":[{"href":"https:\/\/apimat.ch\/de\/wp-json\/wp\/v2\/types\/product"}],"wp:featuredmedia":[{"embeddable":true,"href":"https:\/\/apimat.ch\/de\/wp-json\/wp\/v2\/media\/20207"}],"wp:attachment":[{"href":"https:\/\/apimat.ch\/de\/wp-json\/wp\/v2\/media?parent=20349"}],"wp:term":[{"taxonomy":"product_cat","embeddable":true,"href":"https:\/\/apimat.ch\/de\/wp-json\/wp\/v2\/product_cat?post=20349"},{"taxonomy":"product_tag","embeddable":true,"href":"https:\/\/apimat.ch\/de\/wp-json\/wp\/v2\/product_tag?post=20349"}],"curies":[{"name":"wp","href":"https:\/\/api.w.org\/{rel}","templated":true}]}}