{"id":20386,"date":"2022-10-06T08:25:30","date_gmt":"2022-10-07T06:28:56","guid":{"rendered":"https:\/\/apimat.ch\/?post_type=product&#038;p=20386"},"modified":"2022-10-07T08:28:57","modified_gmt":"2022-10-07T06:28:57","slug":"nylon-trockensieb-fuer-grosse-zentrifugen-oe-320-mm","status":"publish","type":"product","link":"https:\/\/apimat.ch\/de\/produit\/nylon-trockensieb-fuer-grosse-zentrifugen-oe-320-mm\/","title":{"rendered":"Nylon-Trockensieb f\u00fcr gro\u00dfe Zentrifugen \u00d8 320 mm."},"content":{"rendered":"<p>Nylon-Trockensieb f\u00fcr gro\u00dfe Zentrifugen \u00d8 320 mm.<\/p>\n<p class=\"p1\"><b>DIE PREISE SIND JE NACH MENGE DEGRESSIV.<\/b><\/p>\n<p class=\"p1\"><b>F\u00fcr weitere Informationen kontaktieren Sie mich bitte.<\/b><\/p>\n<p class=\"p2\"><span class=\"s1\"><a href=\"mailto:info@apimat.ch\"><b>info@apimat.ch<\/b><\/a><\/span><\/p>\n<p class=\"p1\"><b>Telefon: 076 213 80 33<\/b><\/p>\n","protected":false},"excerpt":{"rendered":"<p>Nylon-Trockensieb f\u00fcr gro\u00dfe Zentrifugen \u00d8 320 mm. DIE PREISE SIND JE NACH MENGE DEGRESSIV. F\u00fcr weitere Informationen kontaktieren Sie mich bitte. info@apimat.ch Telefon: 076 213 80 33<\/p>\n","protected":false},"featured_media":20260,"template":"","meta":{"_uf_show_specific_survey":0,"_uf_disable_surveys":false},"product_cat":[128],"product_tag":[],"aioseo_notices":[],"_links":{"self":[{"href":"https:\/\/apimat.ch\/de\/wp-json\/wp\/v2\/product\/20386"}],"collection":[{"href":"https:\/\/apimat.ch\/de\/wp-json\/wp\/v2\/product"}],"about":[{"href":"https:\/\/apimat.ch\/de\/wp-json\/wp\/v2\/types\/product"}],"wp:featuredmedia":[{"embeddable":true,"href":"https:\/\/apimat.ch\/de\/wp-json\/wp\/v2\/media\/20260"}],"wp:attachment":[{"href":"https:\/\/apimat.ch\/de\/wp-json\/wp\/v2\/media?parent=20386"}],"wp:term":[{"taxonomy":"product_cat","embeddable":true,"href":"https:\/\/apimat.ch\/de\/wp-json\/wp\/v2\/product_cat?post=20386"},{"taxonomy":"product_tag","embeddable":true,"href":"https:\/\/apimat.ch\/de\/wp-json\/wp\/v2\/product_tag?post=20386"}],"curies":[{"name":"wp","href":"https:\/\/api.w.org\/{rel}","templated":true}]}}