{"id":20403,"date":"2022-10-06T08:44:27","date_gmt":"2022-10-07T06:37:22","guid":{"rendered":"https:\/\/apimat.ch\/?post_type=product&#038;p=20403"},"modified":"2022-10-07T08:37:22","modified_gmt":"2022-10-07T06:37:22","slug":"alpha-mini-rahmenfoerderer-fuer-manuelle-entdecklungsmaschine","status":"publish","type":"product","link":"https:\/\/apimat.ch\/de\/produit\/alpha-mini-rahmenfoerderer-fuer-manuelle-entdecklungsmaschine\/","title":{"rendered":"ALPHA-MINI &#8211; Rahmenf\u00f6rderer f\u00fcr manuelle Entdecklungsmaschine"},"content":{"rendered":"<p>Sie k\u00f6nnen dieses F\u00f6rderband zu Ihren Entdeckelungsmaschinen &#8220;Alpha Mini&#8221; oder &#8220;Alpha Disc&#8221; hinzuf\u00fcgen, damit Sie Ihre entdeckelten R\u00e4hmchen bis zur Entnahme lagern k\u00f6nnen, w\u00e4hrend Sie gleichzeitig den Abtropfhonig dank seiner Edelstahl-Auffangschaufel auffangen k\u00f6nnen.<\/p>\n<p>Dieses F\u00f6rderband ist vollst\u00e4ndig aus Edelstahl gefertigt. Es reduziert die Handhabung der R\u00e4hmchen und erleichtert den Entdeckelungsprozess.<\/p>\n<p>&nbsp;<\/p>\n<p class=\"p1\"><b>DIE PREISE SIND JE NACH MENGE DEGRESSIV.<\/b><\/p>\n<p class=\"p1\"><b>F\u00fcr weitere Informationen kontaktieren Sie mich bitte.<\/b><\/p>\n<p class=\"p2\"><span class=\"s1\"><a href=\"mailto:info@apimat.ch\"><b>info@apimat.ch<\/b><\/a><\/span><\/p>\n<p class=\"p1\"><b>Telefon: 076 213 80 33<\/b><\/p>\n","protected":false},"excerpt":{"rendered":"<p>Sie k\u00f6nnen dieses F\u00f6rderband zu Ihren Entdeckelungsmaschinen &#8220;Alpha Mini&#8221; oder &#8220;Alpha Disc&#8221; hinzuf\u00fcgen, damit Sie Ihre entdeckelten R\u00e4hmchen bis zur Entnahme lagern k\u00f6nnen, w\u00e4hrend Sie gleichzeitig den Abtropfhonig dank seiner Edelstahl-Auffangschaufel auffangen k\u00f6nnen. Dieses F\u00f6rderband ist vollst\u00e4ndig aus Edelstahl gefertigt. Es reduziert die Handhabung der R\u00e4hmchen und erleichtert den Entdeckelungsprozess. &nbsp; DIE PREISE SIND JE [&hellip;]<\/p>\n","protected":false},"featured_media":20270,"template":"","meta":{"_uf_show_specific_survey":0,"_uf_disable_surveys":false},"product_cat":[128],"product_tag":[],"aioseo_notices":[],"_links":{"self":[{"href":"https:\/\/apimat.ch\/de\/wp-json\/wp\/v2\/product\/20403"}],"collection":[{"href":"https:\/\/apimat.ch\/de\/wp-json\/wp\/v2\/product"}],"about":[{"href":"https:\/\/apimat.ch\/de\/wp-json\/wp\/v2\/types\/product"}],"wp:featuredmedia":[{"embeddable":true,"href":"https:\/\/apimat.ch\/de\/wp-json\/wp\/v2\/media\/20270"}],"wp:attachment":[{"href":"https:\/\/apimat.ch\/de\/wp-json\/wp\/v2\/media?parent=20403"}],"wp:term":[{"taxonomy":"product_cat","embeddable":true,"href":"https:\/\/apimat.ch\/de\/wp-json\/wp\/v2\/product_cat?post=20403"},{"taxonomy":"product_tag","embeddable":true,"href":"https:\/\/apimat.ch\/de\/wp-json\/wp\/v2\/product_tag?post=20403"}],"curies":[{"name":"wp","href":"https:\/\/api.w.org\/{rel}","templated":true}]}}