{"id":20422,"date":"2022-10-06T09:52:35","date_gmt":"2022-10-07T06:49:11","guid":{"rendered":"https:\/\/apimat.ch\/?post_type=product&#038;p=20422"},"modified":"2022-10-07T08:49:11","modified_gmt":"2022-10-07T06:49:11","slug":"alpha-plus-beheizte-dekantertank-auf-raedern","status":"publish","type":"product","link":"https:\/\/apimat.ch\/de\/produit\/alpha-plus-beheizte-dekantertank-auf-raedern\/","title":{"rendered":"ALPHA PLUS &#8211; Beheizte Dekantertank auf R\u00e4dern"},"content":{"rendered":"<p>In diesem Beh\u00e4lter k\u00f6nnen Sie den Honig bei der Extraktion vorfiltern. Der Honig flie\u00dft von der Schleuder in die erste Schleuse des Dekantierbeh\u00e4lters. Er l\u00e4uft dann unter einer Reihe von Schikanen hindurch, die die meisten Unreinheiten auf der Oberfl\u00e4che des Honigs zur\u00fcckhalten.<\/p>\n<p>Der Dekantierbeh\u00e4lter ist der zentrale Punkt der Honigschleuder und beschleunigt den Prozess der Trennung von Unreinheiten vom extrahierten Honig. Die am Boden des Beh\u00e4lters entstehende W\u00e4rme erm\u00f6glicht ein schnelles Aufsteigen der Mikroverunreinigungen und Luftblasen, die von den aufeinanderfolgenden Schikanen zur\u00fcckgehalten werden.<\/p>\n<p>&gt; Rechteckige Wanne komplett aus Edelstahl,<\/p>\n<p>&gt; Modell mit nur einer Wanne,<\/p>\n<p>&gt; Bodenheizung durch thermostatgesteuerten Widerstand,<\/p>\n<p>&gt; Das Modell ist auf Rollen montiert, um die Reinigung und Aufbewahrung zu erleichtern,<\/p>\n<p>&gt; Wird mit verdrahteter F\u00fcllstandsanzeige f\u00fcr die Pumpensteuerung verkauft,<\/p>\n<p>&gt; Empfohlen f\u00fcr Extraktoren mit maximal 40 Rahmen,<\/p>\n<p>&gt; Ideal f\u00fcr unsere Extraktionslinien,<\/p>\n<p>&gt; Einphasig 220 V &#8211; 1000 W.<\/p>\n<p>&gt; Auf Rollen montiert, um die Reinigung und Aufbewahrung zu erleichtern.<\/p>\n<p>Wird ohne Sieb verkauft.<\/p>\n<p>&nbsp;<\/p>\n<p class=\"p1\"><b>DIE PREISE SIND JE NACH MENGE DEGRESSIV.<\/b><\/p>\n<p class=\"p1\"><b>F\u00fcr weitere Informationen kontaktieren Sie mich bitte.<\/b><\/p>\n<p class=\"p2\"><span class=\"s1\"><a href=\"mailto:info@apimat.ch\"><b>info@apimat.ch<\/b><\/a><\/span><\/p>\n<p class=\"p1\"><b>Telefon: 076 213 80 33<\/b><\/p>\n","protected":false},"excerpt":{"rendered":"<p>In diesem Beh\u00e4lter k\u00f6nnen Sie den Honig bei der Extraktion vorfiltern. Der Honig flie\u00dft von der Schleuder in die erste Schleuse des Dekantierbeh\u00e4lters. Er l\u00e4uft dann unter einer Reihe von Schikanen hindurch, die die meisten Unreinheiten auf der Oberfl\u00e4che des Honigs zur\u00fcckhalten. Der Dekantierbeh\u00e4lter ist der zentrale Punkt der Honigschleuder und beschleunigt den Prozess der [&hellip;]<\/p>\n","protected":false},"featured_media":20298,"template":"","meta":{"_uf_show_specific_survey":0,"_uf_disable_surveys":false},"product_cat":[128],"product_tag":[],"aioseo_notices":[],"_links":{"self":[{"href":"https:\/\/apimat.ch\/de\/wp-json\/wp\/v2\/product\/20422"}],"collection":[{"href":"https:\/\/apimat.ch\/de\/wp-json\/wp\/v2\/product"}],"about":[{"href":"https:\/\/apimat.ch\/de\/wp-json\/wp\/v2\/types\/product"}],"wp:featuredmedia":[{"embeddable":true,"href":"https:\/\/apimat.ch\/de\/wp-json\/wp\/v2\/media\/20298"}],"wp:attachment":[{"href":"https:\/\/apimat.ch\/de\/wp-json\/wp\/v2\/media?parent=20422"}],"wp:term":[{"taxonomy":"product_cat","embeddable":true,"href":"https:\/\/apimat.ch\/de\/wp-json\/wp\/v2\/product_cat?post=20422"},{"taxonomy":"product_tag","embeddable":true,"href":"https:\/\/apimat.ch\/de\/wp-json\/wp\/v2\/product_tag?post=20422"}],"curies":[{"name":"wp","href":"https:\/\/api.w.org\/{rel}","templated":true}]}}