{"id":20430,"date":"2022-10-06T10:05:51","date_gmt":"2022-10-07T06:54:23","guid":{"rendered":"https:\/\/apimat.ch\/?post_type=product&#038;p=20430"},"modified":"2022-10-07T08:54:23","modified_gmt":"2022-10-07T06:54:23","slug":"honig-fluegelzellenpumpe-edelstahl-400v-selbstansaugend","status":"publish","type":"product","link":"https:\/\/apimat.ch\/de\/produit\/honig-fluegelzellenpumpe-edelstahl-400v-selbstansaugend\/","title":{"rendered":"Honig-Fl\u00fcgelzellenpumpe Edelstahl 400v &#8211; selbstansaugend"},"content":{"rendered":"<p>Technologie mit einteiligen Edelstahlschaufeln, die von Thomas Imkerei entwickelt und hergestellt wurden: gew\u00e4hrleistet eine sanfte F\u00f6rderung ohne jegliche Emulsion und garantiert, dass der Honig alle seine Qualit\u00e4ten beh\u00e4lt.<\/p>\n<p>&gt; Die Pumpe funktioniert in beiden Drehrichtungen.<\/p>\n<p>&gt; Einfache Reinigung mit warmem Wasser.<\/p>\n<p>&gt; Einfache Demontage durch Abschrauben der 4 Fl\u00fcgelmuttern.<\/p>\n<p>&gt; Das komplett aus Edelstahl bestehende Pumpenteil (Rotor und Schaufeln) gew\u00e4hrleistet eine hohe Robustheit.<\/p>\n<p>Hauptmerkmale :<\/p>\n<p>&gt; F\u00f6rderleistung von ca. 900 kg pro Stunde (je nach Viskosit\u00e4t des Honigs).<\/p>\n<p>&gt; Diese Pumpe eignet sich besonders gut f\u00fcr den Eintank-Dekantierbeh\u00e4lter, den Cleanomel und den Rollbeh\u00e4lter (Ausl\u00f6sung durch Niveaukipper).<\/p>\n<p>&gt; Elektrischer Schaltkasten mit Not-Aus-Schalter.<\/p>\n<p>&gt; Dreiphasig 380 V &#8211; 550 W.<\/p>\n<p>&gt; Abmessungen: 590 x 380 x 250 mm.<\/p>\n<p>&gt; Gewicht: 23 kg.<\/p>\n<p>Datenblatt =&gt; <a href=\"https:\/\/apimat.ch\/wp-content\/uploads\/2022\/10\/811_817-Vane-Pump.pdf\">811_817 &#8211; Vane Pump<\/a><\/p>\n<p>Herstellung mit 3 Jahren Garantie.<\/p>\n<p>Wird ohne Anschlussst\u00fcck verkauft.<\/p>\n<p>Zus\u00e4tzliche Option :<br \/>\nAuf Anfrage ist es m\u00f6glich, eine Anpassung durch Pumpen von fl\u00fcssigem Honig (Bestellnummer 814) direkt aus einem Fass hinzuzuf\u00fcgen, bestehend aus:<br \/>\n&#8211; 1 Edelstahl-Pumpentr\u00e4ger,<br \/>\n&#8211; 1 Abf\u00fcllrohr aus Edelstahl, 90\u00b0 abgewinkelt.<\/p>\n<p><img loading=\"lazy\" decoding=\"async\" src=\"https:\/\/www.thomas-apiculture.com\/img\/cms\/Miellerie\/814.jpg\" alt=\"814.jpg\" width=\"200\" height=\"300\" \/><\/p>\n<p>&nbsp;<\/p>\n<p class=\"p1\"><b>DIE PREISE SIND JE NACH MENGE DEGRESSIV.<\/b><\/p>\n<p class=\"p1\"><b>F\u00fcr weitere Informationen kontaktieren Sie mich bitte.<\/b><\/p>\n<p class=\"p2\"><span class=\"s1\"><a href=\"mailto:info@apimat.ch\"><b>info@apimat.ch<\/b><\/a><\/span><\/p>\n<p class=\"p1\"><b>Telefon: 076 213 80 33<\/b><\/p>\n","protected":false},"excerpt":{"rendered":"<p>Technologie mit einteiligen Edelstahlschaufeln, die von Thomas Imkerei entwickelt und hergestellt wurden: gew\u00e4hrleistet eine sanfte F\u00f6rderung ohne jegliche Emulsion und garantiert, dass der Honig alle seine Qualit\u00e4ten beh\u00e4lt. &gt; Die Pumpe funktioniert in beiden Drehrichtungen. &gt; Einfache Reinigung mit warmem Wasser. &gt; Einfache Demontage durch Abschrauben der 4 Fl\u00fcgelmuttern. &gt; Das komplett aus Edelstahl bestehende [&hellip;]<\/p>\n","protected":false},"featured_media":20302,"template":"","meta":{"_uf_show_specific_survey":0,"_uf_disable_surveys":false},"product_cat":[384],"product_tag":[],"aioseo_notices":[],"_links":{"self":[{"href":"https:\/\/apimat.ch\/de\/wp-json\/wp\/v2\/product\/20430"}],"collection":[{"href":"https:\/\/apimat.ch\/de\/wp-json\/wp\/v2\/product"}],"about":[{"href":"https:\/\/apimat.ch\/de\/wp-json\/wp\/v2\/types\/product"}],"wp:featuredmedia":[{"embeddable":true,"href":"https:\/\/apimat.ch\/de\/wp-json\/wp\/v2\/media\/20302"}],"wp:attachment":[{"href":"https:\/\/apimat.ch\/de\/wp-json\/wp\/v2\/media?parent=20430"}],"wp:term":[{"taxonomy":"product_cat","embeddable":true,"href":"https:\/\/apimat.ch\/de\/wp-json\/wp\/v2\/product_cat?post=20430"},{"taxonomy":"product_tag","embeddable":true,"href":"https:\/\/apimat.ch\/de\/wp-json\/wp\/v2\/product_tag?post=20430"}],"curies":[{"name":"wp","href":"https:\/\/api.w.org\/{rel}","templated":true}]}}