{"id":20433,"date":"2022-10-06T10:16:56","date_gmt":"2022-10-07T06:56:25","guid":{"rendered":"https:\/\/apimat.ch\/?post_type=product&#038;p=20433"},"modified":"2024-09-30T21:37:01","modified_gmt":"2024-09-30T19:37:01","slug":"erhoehter-bienenstockhalter-aus-metall-30-cm","status":"publish","type":"product","link":"https:\/\/apimat.ch\/de\/produit\/erhoehter-bienenstockhalter-aus-metall-30-cm\/","title":{"rendered":"Erh\u00f6hter Bienenstockhalter aus Metall 30 cm."},"content":{"rendered":"<p>Sch\u00fctzen Sie Ihre Bienen vor Feuchtigkeit.<\/p>\n<p>Die Bienenstockst\u00fctze aus verzinktem und bichromatiertem Stahl sch\u00fctzt und isoliert Ihr Bienenvolk.<br \/>\nVor allem in kalten und feuchten Regionen sollten Sie Ihre Bienenst\u00f6cke h\u00f6her stellen, damit keine Feuchtigkeit eindringen kann. Mit der Beutenst\u00fctze optimieren Sie den Komfort Ihrer Bienen und die Lebensdauer Ihres h\u00f6lzernen Beutenbodens.<br \/>\nAuch f\u00fcr Sie ist dieser Artikel von Vorteil: Er entlastet Ihren R\u00fccken und Sie k\u00f6nnen leichter und bequemer hantieren.<br \/>\nSeine konische Form erm\u00f6glicht das Stapeln der Unterlagen.<\/p>\n<p>H\u00f6he: 30 cm<br \/>\nDurchmesser: 10 mm<br \/>\nGewicht: 1,50 kg<\/p>\n<p>Ma\u00dfe an der Basis: 60 x 50 cm<\/p>\n<p>Ma\u00dfe der Bienenstockauflage<\/p>\n<p>&gt; Breite max. : 52 cm<\/p>\n<p>&gt; L\u00e4nge min. : 42 cm<\/p>\n<p>&nbsp;<\/p>\n<h3>\nDie + Produkt :<\/h3>\n<h3>&#8211; Sehr robust,<br \/>\n&#8211; Kann bis zu 120 kg tragen,<br \/>\n&#8211; Kann gestapelt werden,<br \/>\n&#8211; Optimiert den Komfort der Imkerin\/des Imkers,<br \/>\n&#8211; Optimiert den Komfort der Bienen.<\/h3>\n<p>&nbsp;<\/p>\n<p class=\"p1\"><b>DIE PREISE SIND JE NACH MENGE DEGRESSIV.<\/b><\/p>\n<p class=\"p1\"><b>F\u00fcr weitere Informationen kontaktieren Sie mich bitte.<\/b><\/p>\n<p class=\"p2\"><span class=\"s1\"><a href=\"mailto:info@apimat.ch\"><b>info@apimat.ch<\/b><\/a><\/span><\/p>\n<p class=\"p1\"><b>Telefon: 076 213 80 33<\/b><\/p>\n","protected":false},"excerpt":{"rendered":"<p>Sch\u00fctzen Sie Ihre Bienen vor Feuchtigkeit. Die Bienenstockst\u00fctze aus verzinktem und bichromatiertem Stahl sch\u00fctzt und isoliert Ihr Bienenvolk. Vor allem in kalten und feuchten Regionen sollten Sie Ihre Bienenst\u00f6cke h\u00f6her stellen, damit keine Feuchtigkeit eindringen kann. Mit der Beutenst\u00fctze optimieren Sie den Komfort Ihrer Bienen und die Lebensdauer Ihres h\u00f6lzernen Beutenbodens. Auch f\u00fcr Sie ist [&hellip;]<\/p>\n","protected":false},"featured_media":20311,"template":"","meta":{"_uf_show_specific_survey":0,"_uf_disable_surveys":false},"product_cat":[98],"product_tag":[],"aioseo_notices":[],"_links":{"self":[{"href":"https:\/\/apimat.ch\/de\/wp-json\/wp\/v2\/product\/20433"}],"collection":[{"href":"https:\/\/apimat.ch\/de\/wp-json\/wp\/v2\/product"}],"about":[{"href":"https:\/\/apimat.ch\/de\/wp-json\/wp\/v2\/types\/product"}],"wp:featuredmedia":[{"embeddable":true,"href":"https:\/\/apimat.ch\/de\/wp-json\/wp\/v2\/media\/20311"}],"wp:attachment":[{"href":"https:\/\/apimat.ch\/de\/wp-json\/wp\/v2\/media?parent=20433"}],"wp:term":[{"taxonomy":"product_cat","embeddable":true,"href":"https:\/\/apimat.ch\/de\/wp-json\/wp\/v2\/product_cat?post=20433"},{"taxonomy":"product_tag","embeddable":true,"href":"https:\/\/apimat.ch\/de\/wp-json\/wp\/v2\/product_tag?post=20433"}],"curies":[{"name":"wp","href":"https:\/\/api.w.org\/{rel}","templated":true}]}}