{"id":20615,"date":"2022-10-22T12:22:31","date_gmt":"2022-10-22T10:59:51","guid":{"rendered":"https:\/\/apimat.ch\/?post_type=product&#038;p=20615"},"modified":"2022-10-22T13:05:30","modified_gmt":"2022-10-22T11:05:30","slug":"edelstahl-fuehrungsschienen-fuer-eingangstueren","status":"publish","type":"product","link":"https:\/\/apimat.ch\/de\/produit\/edelstahl-fuehrungsschienen-fuer-eingangstueren\/","title":{"rendered":"Edelstahl-F\u00fchrungsschienen f\u00fcr Eingangst\u00fcren"},"content":{"rendered":"<p>W\u00e4hlen Sie Ihre Gr\u00f6\u00dfe<\/p>\n<p>Edelstahl-F\u00fchrungsschienen f\u00fcr Eingangst\u00fcren 20cm &#8211; 105mm<br \/>\nEdelstahl-F\u00fchrungsschienen f\u00fcr Eingangst\u00fcren 25cm &#8211; 130mm<br \/>\nEdelstahl-F\u00fchrungsschienen f\u00fcr Eingangst\u00fcren30cm &#8211; 155mm.<br \/>\nEdelstahl-F\u00fchrungsschienen f\u00fcr Eingangst\u00fcren 42,5cm &#8211; 215mm.<br \/>\nEdelstahl-F\u00fchrungsschienen f\u00fcr Eingangst\u00fcren 50cm &#8211; 250mm.<\/p>\n<p>&nbsp;<\/p>\n<p class=\"p1\"><b>DIE PREISE SIND JE NACH MENGE DEGRESSIV.<\/b><\/p>\n<p class=\"p1\"><b>F\u00fcr weitere Informationen kontaktieren Sie mich bitte.<\/b><\/p>\n<p class=\"p2\"><span class=\"s1\"><a href=\"mailto:info@apimat.ch\"><b>info@apimat.ch<\/b><\/a><\/span><\/p>\n<p class=\"p1\"><b>Telefon: 076 213 80 33<\/b><\/p>\n","protected":false},"excerpt":{"rendered":"<p>W\u00e4hlen Sie Ihre Gr\u00f6\u00dfe Edelstahl-F\u00fchrungsschienen f\u00fcr Eingangst\u00fcren 20cm &#8211; 105mm Edelstahl-F\u00fchrungsschienen f\u00fcr Eingangst\u00fcren 25cm &#8211; 130mm Edelstahl-F\u00fchrungsschienen f\u00fcr Eingangst\u00fcren30cm &#8211; 155mm. Edelstahl-F\u00fchrungsschienen f\u00fcr Eingangst\u00fcren 42,5cm &#8211; 215mm. Edelstahl-F\u00fchrungsschienen f\u00fcr Eingangst\u00fcren 50cm &#8211; 250mm. &nbsp; DIE PREISE SIND JE NACH MENGE DEGRESSIV. F\u00fcr weitere Informationen kontaktieren Sie mich bitte. info@apimat.ch Telefon: 076 213 80 33<\/p>\n","protected":false},"featured_media":20614,"template":"","meta":{"_uf_show_specific_survey":0,"_uf_disable_surveys":false},"product_cat":[102],"product_tag":[],"aioseo_notices":[],"_links":{"self":[{"href":"https:\/\/apimat.ch\/de\/wp-json\/wp\/v2\/product\/20615"}],"collection":[{"href":"https:\/\/apimat.ch\/de\/wp-json\/wp\/v2\/product"}],"about":[{"href":"https:\/\/apimat.ch\/de\/wp-json\/wp\/v2\/types\/product"}],"wp:featuredmedia":[{"embeddable":true,"href":"https:\/\/apimat.ch\/de\/wp-json\/wp\/v2\/media\/20614"}],"wp:attachment":[{"href":"https:\/\/apimat.ch\/de\/wp-json\/wp\/v2\/media?parent=20615"}],"wp:term":[{"taxonomy":"product_cat","embeddable":true,"href":"https:\/\/apimat.ch\/de\/wp-json\/wp\/v2\/product_cat?post=20615"},{"taxonomy":"product_tag","embeddable":true,"href":"https:\/\/apimat.ch\/de\/wp-json\/wp\/v2\/product_tag?post=20615"}],"curies":[{"name":"wp","href":"https:\/\/api.w.org\/{rel}","templated":true}]}}