{"id":20712,"date":"2022-10-30T08:46:00","date_gmt":"2022-10-30T07:47:58","guid":{"rendered":"https:\/\/apimat.ch\/?post_type=product&#038;p=20712"},"modified":"2022-10-30T08:47:59","modified_gmt":"2022-10-30T07:47:59","slug":"isolationskaefig-fuer-koenigin-mega","status":"publish","type":"product","link":"https:\/\/apimat.ch\/de\/produit\/isolationskaefig-fuer-koenigin-mega\/","title":{"rendered":"Isolationsk\u00e4fig f\u00fcr K\u00f6nigin MEGA"},"content":{"rendered":"<p>MEGA-K\u00f6niginnenk\u00e4figsystem, um die Eiablage zu blockieren und 24 Tage sp\u00e4ter mit Oxals\u00e4ure zu behandeln.<\/p>\n<p>Dieses System erm\u00f6glicht es, die K\u00f6nigin zu k\u00e4figen, um die Familie \u00fcber den Winter zu halten und die Brut zu blockieren, um die Ausbreitung der Varroa einzud\u00e4mmen.<\/p>\n<p class=\"p1\"><b>DIE PREISE SIND JE NACH MENGE DEGRESSIV.<\/b><\/p>\n<p class=\"p1\"><b>F\u00fcr weitere Informationen kontaktieren Sie mich bitte.<\/b><\/p>\n<p class=\"p2\"><span class=\"s1\"><a href=\"mailto:info@apimat.ch\"><b>info@apimat.ch<\/b><\/a><\/span><\/p>\n<p class=\"p1\"><b>Telefon: 076 213 80 33<\/b><\/p>\n","protected":false},"excerpt":{"rendered":"<p>MEGA-K\u00f6niginnenk\u00e4figsystem, um die Eiablage zu blockieren und 24 Tage sp\u00e4ter mit Oxals\u00e4ure zu behandeln. Dieses System erm\u00f6glicht es, die K\u00f6nigin zu k\u00e4figen, um die Familie \u00fcber den Winter zu halten und die Brut zu blockieren, um die Ausbreitung der Varroa einzud\u00e4mmen. DIE PREISE SIND JE NACH MENGE DEGRESSIV. F\u00fcr weitere Informationen kontaktieren Sie mich bitte. [&hellip;]<\/p>\n","protected":false},"featured_media":20710,"template":"","meta":{"_uf_show_specific_survey":0,"_uf_disable_surveys":false},"product_cat":[1066,390,95],"product_tag":[],"aioseo_notices":[],"_links":{"self":[{"href":"https:\/\/apimat.ch\/de\/wp-json\/wp\/v2\/product\/20712"}],"collection":[{"href":"https:\/\/apimat.ch\/de\/wp-json\/wp\/v2\/product"}],"about":[{"href":"https:\/\/apimat.ch\/de\/wp-json\/wp\/v2\/types\/product"}],"wp:featuredmedia":[{"embeddable":true,"href":"https:\/\/apimat.ch\/de\/wp-json\/wp\/v2\/media\/20710"}],"wp:attachment":[{"href":"https:\/\/apimat.ch\/de\/wp-json\/wp\/v2\/media?parent=20712"}],"wp:term":[{"taxonomy":"product_cat","embeddable":true,"href":"https:\/\/apimat.ch\/de\/wp-json\/wp\/v2\/product_cat?post=20712"},{"taxonomy":"product_tag","embeddable":true,"href":"https:\/\/apimat.ch\/de\/wp-json\/wp\/v2\/product_tag?post=20712"}],"curies":[{"name":"wp","href":"https:\/\/api.w.org\/{rel}","templated":true}]}}