{"id":20797,"date":"2022-11-02T11:16:19","date_gmt":"2022-11-02T10:16:20","guid":{"rendered":"https:\/\/apimat.ch\/?post_type=product&#038;p=20797"},"modified":"2022-11-02T11:23:45","modified_gmt":"2022-11-02T10:23:45","slug":"dach-chalet-fuer-dadant-bienenstock-6-rahmen-holzkonstruktion-und-verzinktes-blech","status":"publish","type":"product","link":"https:\/\/apimat.ch\/de\/produit\/dach-chalet-fuer-dadant-bienenstock-6-rahmen-holzkonstruktion-und-verzinktes-blech\/","title":{"rendered":"Dach &#8220;Chalet&#8221; f\u00fcr kleiner Dadant-Bienenstock 6 Rahmen, Holzkonstruktion und verzinktes Blech"},"content":{"rendered":"<h3>Dach &#8220;Chalet&#8221; f\u00fcr kleiner Dadant-Bienenstock 6 Rahmen, Holzkonstruktion und verzinktes Blech<\/h3>\n<p>Au\u00dfenma\u00dfe: 620 x 291 mm.<br \/>\nInnenma\u00df: 510 x 280 mm.<\/p>\n<p><strong>DEGRESSIVE PREISE JE NACH MENGE.<\/strong><\/p>\n<p><strong>F\u00fcr weitere Informationen kontaktieren Sie mich bitte.<\/strong><\/p>\n<p><a href=\"mailto:info@apimat.ch\"><strong>info@apimat.ch<\/strong><\/a><\/p>\n<p><strong>Telefon: 076 213 80 33<\/strong><\/p>\n","protected":false},"excerpt":{"rendered":"<p>Dach &#8220;Chalet&#8221; f\u00fcr kleiner Dadant-Bienenstock 6 Rahmen, Holzkonstruktion und verzinktes Blech Au\u00dfenma\u00dfe: 620 x 291 mm. Innenma\u00df: 510 x 280 mm. DEGRESSIVE PREISE JE NACH MENGE. F\u00fcr weitere Informationen kontaktieren Sie mich bitte. info@apimat.ch Telefon: 076 213 80 33<\/p>\n","protected":false},"featured_media":20799,"template":"","meta":{"_uf_show_specific_survey":0,"_uf_disable_surveys":false},"product_cat":[102],"product_tag":[],"aioseo_notices":[],"_links":{"self":[{"href":"https:\/\/apimat.ch\/de\/wp-json\/wp\/v2\/product\/20797"}],"collection":[{"href":"https:\/\/apimat.ch\/de\/wp-json\/wp\/v2\/product"}],"about":[{"href":"https:\/\/apimat.ch\/de\/wp-json\/wp\/v2\/types\/product"}],"wp:featuredmedia":[{"embeddable":true,"href":"https:\/\/apimat.ch\/de\/wp-json\/wp\/v2\/media\/20799"}],"wp:attachment":[{"href":"https:\/\/apimat.ch\/de\/wp-json\/wp\/v2\/media?parent=20797"}],"wp:term":[{"taxonomy":"product_cat","embeddable":true,"href":"https:\/\/apimat.ch\/de\/wp-json\/wp\/v2\/product_cat?post=20797"},{"taxonomy":"product_tag","embeddable":true,"href":"https:\/\/apimat.ch\/de\/wp-json\/wp\/v2\/product_tag?post=20797"}],"curies":[{"name":"wp","href":"https:\/\/api.w.org\/{rel}","templated":true}]}}