{"id":20931,"date":"2022-11-14T21:32:40","date_gmt":"2022-11-14T20:55:19","guid":{"rendered":"https:\/\/apimat.ch\/?post_type=product&#038;p=20931"},"modified":"2025-11-05T16:34:21","modified_gmt":"2025-11-05T15:34:21","slug":"evolution-etikettiermaschine-solide-praezise-und-sehr-schnell","status":"publish","type":"product","link":"https:\/\/apimat.ch\/de\/produit\/evolution-etikettiermaschine-solide-praezise-und-sehr-schnell\/","title":{"rendered":"EVOLUTION Etikettiermaschine solide, pr\u00e4zise und sehr schnell"},"content":{"rendered":"<h3>Dieses Modell ver\u00e4ndert die Art der Etikettierung radikal, indem es das traditionelle Kurbelsystem durch das Hebelsystem ersetzt.<\/h3>\n<div style=\"width: 1080px;\" class=\"wp-video\"><!--[if lt IE 9]><script>document.createElement('video');<\/script><![endif]-->\n<video class=\"wp-video-shortcode\" id=\"video-20931-1\" width=\"1080\" height=\"608\" preload=\"metadata\" controls=\"controls\"><source type=\"video\/mp4\" src=\"https:\/\/apimat.ch\/wp-content\/uploads\/2022\/11\/Flexlabeller_EVOLUZIONE.mp4?_=1\" \/><a href=\"https:\/\/apimat.ch\/wp-content\/uploads\/2022\/11\/Flexlabeller_EVOLUZIONE.mp4\">https:\/\/apimat.ch\/wp-content\/uploads\/2022\/11\/Flexlabeller_EVOLUZIONE.mp4<\/a><\/video><\/div>\n<div style=\"width: 1080px;\" class=\"wp-video\"><video class=\"wp-video-shortcode\" id=\"video-20931-2\" width=\"1080\" height=\"608\" preload=\"metadata\" controls=\"controls\"><source type=\"video\/mp4\" src=\"https:\/\/apimat.ch\/wp-content\/uploads\/2022\/11\/Kit_Timbratura-1.mp4?_=2\" \/><a href=\"https:\/\/apimat.ch\/wp-content\/uploads\/2022\/11\/Kit_Timbratura-1.mp4\">https:\/\/apimat.ch\/wp-content\/uploads\/2022\/11\/Kit_Timbratura-1.mp4<\/a><\/video><\/div>\n<div style=\"width: 1080px;\" class=\"wp-video\"><video class=\"wp-video-shortcode\" id=\"video-20931-3\" width=\"1080\" height=\"608\" preload=\"metadata\" controls=\"controls\"><source type=\"video\/mp4\" src=\"https:\/\/apimat.ch\/wp-content\/uploads\/2022\/11\/Kit_Mignon.mp4?_=3\" \/><a href=\"https:\/\/apimat.ch\/wp-content\/uploads\/2022\/11\/Kit_Mignon.mp4\">https:\/\/apimat.ch\/wp-content\/uploads\/2022\/11\/Kit_Mignon.mp4<\/a><\/video><\/div>\n<p>Die Benutzerfreundlichkeit und das innovative Design belohnen Ihre Arbeit. Mit einer einfachen, leichten Bewegung haftet das Etikett auf dem Beh\u00e4lter.<\/p>\n<p>Mit den optionalen Kits k\u00f6nnen Sie das Ger\u00e4t an Ihre Bed\u00fcrfnisse anpassen.<\/p>\n<p>Technische Daten<br \/>\nDie Etikettiermaschine EVOLUTION Linea Vivace ist f\u00fcr die Etikettierung von zylindrischen Beh\u00e4ltern mit glatten Oberfl\u00e4chen wie Glas, Aluminium, Kunststoff usw. konzipiert.<br \/>\nSie hat viele Vorteile, die sie einzigartig machen:<\/p>\n<p>Das Hebelsystem erleichtert die Arbeit des Bedieners, da das Etikett mit einer einzigen linearen Bewegung des Hebels angebracht wird.<br \/>\nDie L\u00e4nge des Etiketts kann durch einen verstellbaren Anschlag eingestellt werden.<br \/>\nEinfache Positionierung der Etikettenrolle und des Papierwegs dank unserer mechanischen Systeme<br \/>\nEine breite Palette von Durchmessern kann erreicht werden<br \/>\nM\u00f6glichkeit der individuellen Anpassung dank zahlreicher Kits.<\/p>\n<p>&nbsp;<\/p>\n<p class=\"p1\"><b>DIE PREISE SIND JE NACH MENGE DEGRESSIV.<\/b><\/p>\n<p class=\"p1\"><b>F\u00fcr weitere Informationen kontaktieren Sie mich bitte.<\/b><\/p>\n<p class=\"p2\"><span class=\"s1\"><a href=\"mailto:info@apimat.ch\"><b>info@apimat.ch<\/b><\/a><\/span><\/p>\n<p class=\"p1\"><b>Telefon: 076 213 80 33<\/b><\/p>\n","protected":false},"excerpt":{"rendered":"<p>Dieses Modell ver\u00e4ndert die Art der Etikettierung radikal, indem es das traditionelle Kurbelsystem durch das Hebelsystem ersetzt. Die Benutzerfreundlichkeit und das innovative Design belohnen Ihre Arbeit. Mit einer einfachen, leichten Bewegung haftet das Etikett auf dem Beh\u00e4lter. Mit den optionalen Kits k\u00f6nnen Sie das Ger\u00e4t an Ihre Bed\u00fcrfnisse anpassen. Technische Daten Die Etikettiermaschine EVOLUTION Linea [&hellip;]<\/p>\n","protected":false},"featured_media":20953,"template":"","meta":{"_uf_show_specific_survey":0,"_uf_disable_surveys":false},"product_cat":[106],"product_tag":[],"aioseo_notices":[],"_links":{"self":[{"href":"https:\/\/apimat.ch\/de\/wp-json\/wp\/v2\/product\/20931"}],"collection":[{"href":"https:\/\/apimat.ch\/de\/wp-json\/wp\/v2\/product"}],"about":[{"href":"https:\/\/apimat.ch\/de\/wp-json\/wp\/v2\/types\/product"}],"wp:featuredmedia":[{"embeddable":true,"href":"https:\/\/apimat.ch\/de\/wp-json\/wp\/v2\/media\/20953"}],"wp:attachment":[{"href":"https:\/\/apimat.ch\/de\/wp-json\/wp\/v2\/media?parent=20931"}],"wp:term":[{"taxonomy":"product_cat","embeddable":true,"href":"https:\/\/apimat.ch\/de\/wp-json\/wp\/v2\/product_cat?post=20931"},{"taxonomy":"product_tag","embeddable":true,"href":"https:\/\/apimat.ch\/de\/wp-json\/wp\/v2\/product_tag?post=20931"}],"curies":[{"name":"wp","href":"https:\/\/api.w.org\/{rel}","templated":true}]}}