{"id":21003,"date":"2022-11-17T17:33:08","date_gmt":"2022-11-17T16:33:08","guid":{"rendered":"https:\/\/apimat.ch\/?post_type=product&#038;p=21003"},"modified":"2023-01-15T07:32:08","modified_gmt":"2023-01-15T06:32:08","slug":"schlauch-2-50-mm-durchsichtiger-kunststoff-lebensmittelqualitaet-verstaerkt-mit-nylonspirale-pro-laufendem-meter","status":"publish","type":"product","link":"https:\/\/apimat.ch\/de\/produit\/schlauch-2-50-mm-durchsichtiger-kunststoff-lebensmittelqualitaet-verstaerkt-mit-nylonspirale-pro-laufendem-meter\/","title":{"rendered":"Schlauch 2&#8243; 50 mm, durchsichtiger Kunststoff, Lebensmittelqualit\u00e4t, verst\u00e4rkt mit Nylonspirale pro laufendem Meter"},"content":{"rendered":"<p>Schlauch 2&#8243; 50 mm, durchsichtiger Kunststoff, Lebensmittelqualit\u00e4t, verst\u00e4rkt mit Nylonspirale<\/p>\n<h3>pro laufendem Meter<\/h3>\n<h3>Beschreibung<\/h3>\n<p>Der Schlauch ist ein Weich-PVC-Schlauch in Lebensmittelqualit\u00e4t, die glatte Seele garantiert einen geringen Durchflussverlust und verhindert Ablagerungen.<br \/>\nMaterial Weich-PVC, transparent<br \/>\nEinlage Stahldrahtspirale<br \/>\nBest\u00e4ndig Wasser, korrosive Salzl\u00f6sungen, die meisten S\u00e4uren und Laugen, Witterungseinfl\u00fcsse<br \/>\nBedingt best Benzin (leichte Verh\u00e4rtung), \u00d6le, Hydraulikfl\u00fcssigkeiten<br \/>\nBetriebstemperatur -15 \u00b0C bis +60 \u00b0C<br \/>\nNorm Lebensmittelecht nach (EU) N\u00b0 10\/2011 Sim A,B,C \/ DEHP frei (&lt; 0,1 %)<\/p>\n<p>&nbsp;<\/p>\n<p><strong>DIE PREISE SIND JE NACH MENGE DEGRESSIV.<\/strong><\/p>\n<p><strong>F\u00fcr weitere Informationen kontaktieren Sie mich bitte.<\/strong><\/p>\n<p><a href=\"mailto:info@apimat.ch\"><strong>info@apimat.ch<\/strong><\/a><\/p>\n<p><strong>Telefon: 076 213 80 33<\/strong><\/p>\n<p>&nbsp;<\/p>\n","protected":false},"excerpt":{"rendered":"<p>Schlauch 2&#8243; 50 mm, durchsichtiger Kunststoff, Lebensmittelqualit\u00e4t, verst\u00e4rkt mit Nylonspirale pro laufendem Meter Beschreibung Der Schlauch ist ein Weich-PVC-Schlauch in Lebensmittelqualit\u00e4t, die glatte Seele garantiert einen geringen Durchflussverlust und verhindert Ablagerungen. Material Weich-PVC, transparent Einlage Stahldrahtspirale Best\u00e4ndig Wasser, korrosive Salzl\u00f6sungen, die meisten S\u00e4uren und Laugen, Witterungseinfl\u00fcsse Bedingt best Benzin (leichte Verh\u00e4rtung), \u00d6le, Hydraulikfl\u00fcssigkeiten Betriebstemperatur -15 [&hellip;]<\/p>\n","protected":false},"featured_media":21573,"template":"","meta":{"_uf_show_specific_survey":0,"_uf_disable_surveys":false},"product_cat":[386],"product_tag":[],"aioseo_notices":[],"_links":{"self":[{"href":"https:\/\/apimat.ch\/de\/wp-json\/wp\/v2\/product\/21003"}],"collection":[{"href":"https:\/\/apimat.ch\/de\/wp-json\/wp\/v2\/product"}],"about":[{"href":"https:\/\/apimat.ch\/de\/wp-json\/wp\/v2\/types\/product"}],"wp:featuredmedia":[{"embeddable":true,"href":"https:\/\/apimat.ch\/de\/wp-json\/wp\/v2\/media\/21573"}],"wp:attachment":[{"href":"https:\/\/apimat.ch\/de\/wp-json\/wp\/v2\/media?parent=21003"}],"wp:term":[{"taxonomy":"product_cat","embeddable":true,"href":"https:\/\/apimat.ch\/de\/wp-json\/wp\/v2\/product_cat?post=21003"},{"taxonomy":"product_tag","embeddable":true,"href":"https:\/\/apimat.ch\/de\/wp-json\/wp\/v2\/product_tag?post=21003"}],"curies":[{"name":"wp","href":"https:\/\/api.w.org\/{rel}","templated":true}]}}