{"id":21025,"date":"2022-11-17T18:10:00","date_gmt":"2022-11-17T17:55:16","guid":{"rendered":"https:\/\/apimat.ch\/?post_type=product&#038;p=21025"},"modified":"2024-05-31T16:45:44","modified_gmt":"2024-05-31T14:45:44","slug":"honig-abfuellmaschine-fuer-fluessigen-oder-cremigen-honig-5-generation","status":"publish","type":"product","link":"https:\/\/apimat.ch\/de\/produit\/honig-abfuellmaschine-fuer-fluessigen-oder-cremigen-honig-5-generation\/","title":{"rendered":"Honig Abf\u00fcllmaschine f\u00fcr fl\u00fcssigen oder cremigen Honig &#8211; 5\u00b0 Generation"},"content":{"rendered":"<h3>Diese Dosiermaschine vereint Robustheit und Pr\u00e4zision mit einem eleganten und modernen Design. Von Fachleuten approbiert, stellt sie die ideale M\u00f6glichkeit dar, sicherzustellen, dass Ihr k\u00f6stlicher Honig richtig verpackt wird.<\/h3>\n<h3>Vorteile<\/h3>\n<ul>\n<li>Es gibt keine Notwendigkeit f\u00fcr eine Luftkompressionspumpe, kein Eintopfen mit dem Honigreifungsger\u00e4t.<\/li>\n<li>Er pumpt den Honig mit nur einem Schlauch, was praktisch und einfach ist. Sie ist auf fl\u00fcssigen Honig anwendbar.<\/li>\n<li>Die gesamte Maschine ist aus zertifizierten Materialien in Lebensmittelqualit\u00e4t hergestellt.<\/li>\n<li>Das Gewicht kann von 10 g bis 5 kg eingestellt werden.<\/li>\n<li>Es ist m\u00f6glich, zwischen manuellem und automatischem Modus zu wechseln. Es dauert nur 8 Sekunden, um 500g abzuf\u00fcllen und 13 Sekunden, um 1kg Honig abzuf\u00fcllen.<\/li>\n<li>Diese Maschine kann 2 Tonnen Honig pro Tag abf\u00fcllen, ist sehr effizient sauber und ger\u00e4uscharm. Sie ist ein sehr n\u00fctzliches Werkzeug zum Abf\u00fcllen von Honig. Au\u00dferdem kann sie Gelee Royal auf effiziente und praktische Weise abf\u00fcllen.<\/li>\n<li>Das Bedienfeld dieser Maschine hat zwei Modi, manuell und automatisch, die durch Dr\u00fccken der TaiJi-Taste umgeschaltet werden k\u00f6nnen.<\/li>\n<\/ul>\n<div class='avia-iframe-wrap'><iframe loading=\"lazy\" title=\"Doseuse pond\u00e9rale pour miel liquide ou cr\u00e9meux \u2013 5\u00b0 g\u00e9n\u00e9ration\" width=\"1500\" height=\"844\" src=\"https:\/\/www.youtube.com\/embed\/M-QKuFyNguQ?feature=oembed\" frameborder=\"0\" allow=\"accelerometer; autoplay; clipboard-write; encrypted-media; gyroscope; picture-in-picture; web-share\" referrerpolicy=\"strict-origin-when-cross-origin\" allowfullscreen><\/iframe><\/div>\n<p>&nbsp;<\/p>\n<p class=\"p1\"><b>DIE PREISE SIND JE NACH MENGE DEGRESSIV.<\/b><\/p>\n<p class=\"p1\"><b>F\u00fcr weitere Informationen kontaktieren Sie mich bitte.<\/b><\/p>\n<p class=\"p2\"><span class=\"s1\"><a href=\"mailto:info@apimat.ch\"><b>info@apimat.ch<\/b><\/a><\/span><\/p>\n<p class=\"p1\"><b>Telefon: 076 213 80 33<\/b><\/p>\n","protected":false},"excerpt":{"rendered":"<p>Diese Dosiermaschine vereint Robustheit und Pr\u00e4zision mit einem eleganten und modernen Design. Von Fachleuten approbiert, stellt sie die ideale M\u00f6glichkeit dar, sicherzustellen, dass Ihr k\u00f6stlicher Honig richtig verpackt wird. Vorteile Es gibt keine Notwendigkeit f\u00fcr eine Luftkompressionspumpe, kein Eintopfen mit dem Honigreifungsger\u00e4t. Er pumpt den Honig mit nur einem Schlauch, was praktisch und einfach ist. [&hellip;]<\/p>\n","protected":false},"featured_media":21035,"template":"","meta":{"_uf_show_specific_survey":0,"_uf_disable_surveys":false},"product_cat":[386,108,384,128,106],"product_tag":[],"aioseo_notices":[],"_links":{"self":[{"href":"https:\/\/apimat.ch\/de\/wp-json\/wp\/v2\/product\/21025"}],"collection":[{"href":"https:\/\/apimat.ch\/de\/wp-json\/wp\/v2\/product"}],"about":[{"href":"https:\/\/apimat.ch\/de\/wp-json\/wp\/v2\/types\/product"}],"wp:featuredmedia":[{"embeddable":true,"href":"https:\/\/apimat.ch\/de\/wp-json\/wp\/v2\/media\/21035"}],"wp:attachment":[{"href":"https:\/\/apimat.ch\/de\/wp-json\/wp\/v2\/media?parent=21025"}],"wp:term":[{"taxonomy":"product_cat","embeddable":true,"href":"https:\/\/apimat.ch\/de\/wp-json\/wp\/v2\/product_cat?post=21025"},{"taxonomy":"product_tag","embeddable":true,"href":"https:\/\/apimat.ch\/de\/wp-json\/wp\/v2\/product_tag?post=21025"}],"curies":[{"name":"wp","href":"https:\/\/api.w.org\/{rel}","templated":true}]}}