{"id":21216,"date":"2022-12-01T13:28:55","date_gmt":"2022-12-02T19:39:57","guid":{"rendered":"https:\/\/apimat.ch\/?post_type=product&#038;p=21216"},"modified":"2022-12-02T20:39:58","modified_gmt":"2022-12-02T19:39:58","slug":"abflusssystem-fuer-abfuellkessel-50mm-2-edelstahl","status":"publish","type":"product","link":"https:\/\/apimat.ch\/de\/produit\/abflusssystem-fuer-abfuellkessel-50mm-2-edelstahl\/","title":{"rendered":"Abflusssystem f\u00fcr Abf\u00fcllkessel 50mm. 2&#8243; &#8211; EDELSTAHL"},"content":{"rendered":"<p>Abflusssystem f\u00fcr Abf\u00fcllkessel 50mm. 2&#8243; &#8211; EDELSTAHL<\/p>\n<p>&nbsp;<\/p>\n<h3>Dieser Artikel besteht aus:<\/h3>\n<p>1- Auslaufkugelhahn\/Kugel 50mm. 2&#8243; &#8211; EDELSTAHL<\/p>\n<p>2- Schnellkupplung Kamlock 50mm. 2&#8243; &#8211; EDELSTAHL<\/p>\n<p>3- Adapter mit Innengewinde f\u00fcr 50mm Kamlock. 2&#8243; &#8211; EDELSTAHL<\/p>\n<p>4- 2&#8243; &#8211; 50 mm Stecknippel-Verschraubung &#8211; EDELSTAH<\/p>\n<p>&nbsp;<\/p>\n<p class=\"p1\"><b>DIE PREISE SIND JE NACH MENGE DEGRESSIV.<\/b><\/p>\n<p class=\"p1\"><b>F\u00fcr weitere Informationen kontaktieren Sie mich bitte.<\/b><\/p>\n<p class=\"p2\"><span class=\"s1\"><a href=\"mailto:info@apimat.ch\"><b>info@apimat.ch<\/b><\/a><\/span><\/p>\n<p class=\"p1\"><b>Telefon: 076 213 80 33<\/b><\/p>\n","protected":false},"excerpt":{"rendered":"<p>Abflusssystem f\u00fcr Abf\u00fcllkessel 50mm. 2&#8243; &#8211; EDELSTAHL &nbsp; Dieser Artikel besteht aus: 1- Auslaufkugelhahn\/Kugel 50mm. 2&#8243; &#8211; EDELSTAHL 2- Schnellkupplung Kamlock 50mm. 2&#8243; &#8211; EDELSTAHL 3- Adapter mit Innengewinde f\u00fcr 50mm Kamlock. 2&#8243; &#8211; EDELSTAHL 4- 2&#8243; &#8211; 50 mm Stecknippel-Verschraubung &#8211; EDELSTAH &nbsp; DIE PREISE SIND JE NACH MENGE DEGRESSIV. F\u00fcr weitere Informationen kontaktieren [&hellip;]<\/p>\n","protected":false},"featured_media":21001,"template":"","meta":{"_uf_show_specific_survey":0,"_uf_disable_surveys":false},"product_cat":[386],"product_tag":[],"aioseo_notices":[],"_links":{"self":[{"href":"https:\/\/apimat.ch\/de\/wp-json\/wp\/v2\/product\/21216"}],"collection":[{"href":"https:\/\/apimat.ch\/de\/wp-json\/wp\/v2\/product"}],"about":[{"href":"https:\/\/apimat.ch\/de\/wp-json\/wp\/v2\/types\/product"}],"wp:featuredmedia":[{"embeddable":true,"href":"https:\/\/apimat.ch\/de\/wp-json\/wp\/v2\/media\/21001"}],"wp:attachment":[{"href":"https:\/\/apimat.ch\/de\/wp-json\/wp\/v2\/media?parent=21216"}],"wp:term":[{"taxonomy":"product_cat","embeddable":true,"href":"https:\/\/apimat.ch\/de\/wp-json\/wp\/v2\/product_cat?post=21216"},{"taxonomy":"product_tag","embeddable":true,"href":"https:\/\/apimat.ch\/de\/wp-json\/wp\/v2\/product_tag?post=21216"}],"curies":[{"name":"wp","href":"https:\/\/api.w.org\/{rel}","templated":true}]}}