{"id":21538,"date":"2023-01-10T16:35:35","date_gmt":"2023-01-10T15:37:09","guid":{"rendered":"https:\/\/apimat.ch\/?post_type=product&#038;p=21538"},"modified":"2025-11-09T14:15:25","modified_gmt":"2025-11-09T13:15:25","slug":"5kg-kunststoffbehaelter-fuer-dampfwachsschmelzer","status":"publish","type":"product","link":"https:\/\/apimat.ch\/de\/produit\/5kg-kunststoffbehaelter-fuer-dampfwachsschmelzer\/","title":{"rendered":"5kg Kunststoffbeh\u00e4lter f\u00fcr Dampfwachsschmelzer"},"content":{"rendered":"<p>5kg Kunststoffbeh\u00e4lter f\u00fcr Dampfwachsschmelzer<\/p>\n<p>&nbsp;<\/p>\n<p class=\"p1\"><b>DIE PREISE SIND JE NACH MENGE DEGRESSIV.<\/b><\/p>\n<p class=\"p1\"><b>F\u00fcr weitere Informationen kontaktieren Sie mich bitte.<\/b><\/p>\n<p class=\"p2\"><span class=\"s1\"><a href=\"mailto:info@apimat.ch\"><b>info@apimat.ch<\/b><\/a><\/span><\/p>\n<p class=\"p1\"><b>Telefon: 076 213 80 33<\/b><\/p>\n","protected":false},"excerpt":{"rendered":"<p>5kg Kunststoffbeh\u00e4lter f\u00fcr Dampfwachsschmelzer &nbsp; DIE PREISE SIND JE NACH MENGE DEGRESSIV. F\u00fcr weitere Informationen kontaktieren Sie mich bitte. info@apimat.ch Telefon: 076 213 80 33<\/p>\n","protected":false},"featured_media":21534,"template":"","meta":{"_uf_show_specific_survey":0,"_uf_disable_surveys":false},"product_cat":[103],"product_tag":[],"aioseo_notices":[],"_links":{"self":[{"href":"https:\/\/apimat.ch\/de\/wp-json\/wp\/v2\/product\/21538"}],"collection":[{"href":"https:\/\/apimat.ch\/de\/wp-json\/wp\/v2\/product"}],"about":[{"href":"https:\/\/apimat.ch\/de\/wp-json\/wp\/v2\/types\/product"}],"wp:featuredmedia":[{"embeddable":true,"href":"https:\/\/apimat.ch\/de\/wp-json\/wp\/v2\/media\/21534"}],"wp:attachment":[{"href":"https:\/\/apimat.ch\/de\/wp-json\/wp\/v2\/media?parent=21538"}],"wp:term":[{"taxonomy":"product_cat","embeddable":true,"href":"https:\/\/apimat.ch\/de\/wp-json\/wp\/v2\/product_cat?post=21538"},{"taxonomy":"product_tag","embeddable":true,"href":"https:\/\/apimat.ch\/de\/wp-json\/wp\/v2\/product_tag?post=21538"}],"curies":[{"name":"wp","href":"https:\/\/api.w.org\/{rel}","templated":true}]}}