{"id":21550,"date":"2023-01-10T21:31:23","date_gmt":"2023-01-10T20:57:46","guid":{"rendered":"https:\/\/apimat.ch\/?post_type=product&#038;p=21550"},"modified":"2023-01-10T21:57:46","modified_gmt":"2023-01-10T20:57:46","slug":"volle-palette-mit-honigglas","status":"publish","type":"product","link":"https:\/\/apimat.ch\/de\/produit\/volle-palette-mit-honigglas\/","title":{"rendered":"Volle Palette mit honigglas"},"content":{"rendered":"<h3>Volle Palette &#8211; Honigglas 125g \u00d853mm ( 5760 = 144 Packungen \u00e0 40 St\u00fcck )<br \/>\nVolle Palette &#8211; Honigglas 250g \u00d863mm. ( 3276 = 117 paquets de 28 pi\u00e8ces )<br \/>\nVolle Palette &#8211; Honigglas 500g \u00d870mm. ( 1848 = 77 paquets de 24 pi\u00e8ces )<br \/>\nVolle Palette &#8211; Honigglas 1kg \u00d882 mm. ( 960 = 48 paquets de 20 pi\u00e8ces )<\/h3>\n<p>&nbsp;<\/p>\n<p class=\"p2\"><b>DIE PREISE SIND JE NACH MENGE DEGRESSIV.<\/b><\/p>\n<p class=\"p2\"><b>F\u00fcr weitere Informationen kontaktieren Sie mich bitte.<\/b><\/p>\n<p class=\"p3\"><span class=\"s1\"><a href=\"mailto:info@apimat.ch\"><b>info@apimat.ch<\/b><\/a><\/span><\/p>\n<p class=\"p2\"><b>Telefon: 076 213 80 33<\/b><\/p>\n","protected":false},"excerpt":{"rendered":"<p>Volle Palette &#8211; Honigglas 125g \u00d853mm ( 5760 = 144 Packungen \u00e0 40 St\u00fcck ) Volle Palette &#8211; Honigglas 250g \u00d863mm. ( 3276 = 117 paquets de 28 pi\u00e8ces ) Volle Palette &#8211; Honigglas 500g \u00d870mm. ( 1848 = 77 paquets de 24 pi\u00e8ces ) Volle Palette &#8211; Honigglas 1kg \u00d882 mm. ( 960 = [&hellip;]<\/p>\n","protected":false},"featured_media":21543,"template":"","meta":{"_uf_show_specific_survey":0,"_uf_disable_surveys":false},"product_cat":[106],"product_tag":[],"aioseo_notices":[],"_links":{"self":[{"href":"https:\/\/apimat.ch\/de\/wp-json\/wp\/v2\/product\/21550"}],"collection":[{"href":"https:\/\/apimat.ch\/de\/wp-json\/wp\/v2\/product"}],"about":[{"href":"https:\/\/apimat.ch\/de\/wp-json\/wp\/v2\/types\/product"}],"wp:featuredmedia":[{"embeddable":true,"href":"https:\/\/apimat.ch\/de\/wp-json\/wp\/v2\/media\/21543"}],"wp:attachment":[{"href":"https:\/\/apimat.ch\/de\/wp-json\/wp\/v2\/media?parent=21550"}],"wp:term":[{"taxonomy":"product_cat","embeddable":true,"href":"https:\/\/apimat.ch\/de\/wp-json\/wp\/v2\/product_cat?post=21550"},{"taxonomy":"product_tag","embeddable":true,"href":"https:\/\/apimat.ch\/de\/wp-json\/wp\/v2\/product_tag?post=21550"}],"curies":[{"name":"wp","href":"https:\/\/api.w.org\/{rel}","templated":true}]}}