{"id":21616,"date":"2023-01-15T07:47:09","date_gmt":"2023-01-15T07:04:36","guid":{"rendered":"https:\/\/apimat.ch\/?post_type=product&#038;p=21616"},"modified":"2023-01-15T09:21:33","modified_gmt":"2023-01-15T08:21:33","slug":"sieb-aus-edelstahl-fuer-abfuellkessel-lega","status":"publish","type":"product","link":"https:\/\/apimat.ch\/de\/produit\/sieb-aus-edelstahl-fuer-abfuellkessel-lega\/","title":{"rendered":"Sieb aus Edelstahl f\u00fcr Abf\u00fcllkessel Lega"},"content":{"rendered":"<p>Sieb aus Edelstahl f\u00fcr Abf\u00fcllkessel Lega<\/p>\n<p>&nbsp;<\/p>\n<ul>\n<li>Kapazit\u00e4t 50kg<\/li>\n<li>Kapazit\u00e4t 100kg<\/li>\n<li>Kapazit\u00e4t 200kg<\/li>\n<li>Kapazit\u00e4t 250kg<\/li>\n<li>Kapazit\u00e4t 400kg<\/li>\n<li>Kapazit\u00e4t 500kg<\/li>\n<\/ul>\n<p><img loading=\"lazy\" decoding=\"async\" class=\"alignnone size-large wp-image-14751\" src=\"https:\/\/apimat.ch\/wp-content\/uploads\/2020\/12\/6000__6005-6020__6025-6040__6045-6060__6065-1030x1030.jpg\" alt=\"\" width=\"1030\" height=\"1030\" srcset=\"https:\/\/apimat.ch\/wp-content\/uploads\/2020\/12\/6000__6005-6020__6025-6040__6045-6060__6065-1030x1030.jpg 1030w, https:\/\/apimat.ch\/wp-content\/uploads\/2020\/12\/6000__6005-6020__6025-6040__6045-6060__6065-300x300.jpg 300w, https:\/\/apimat.ch\/wp-content\/uploads\/2020\/12\/6000__6005-6020__6025-6040__6045-6060__6065-80x80.jpg 80w, https:\/\/apimat.ch\/wp-content\/uploads\/2020\/12\/6000__6005-6020__6025-6040__6045-6060__6065-768x768.jpg 768w, https:\/\/apimat.ch\/wp-content\/uploads\/2020\/12\/6000__6005-6020__6025-6040__6045-6060__6065-1536x1536.jpg 1536w, https:\/\/apimat.ch\/wp-content\/uploads\/2020\/12\/6000__6005-6020__6025-6040__6045-6060__6065-2048x2048.jpg 2048w, https:\/\/apimat.ch\/wp-content\/uploads\/2020\/12\/6000__6005-6020__6025-6040__6045-6060__6065-36x36.jpg 36w, https:\/\/apimat.ch\/wp-content\/uploads\/2020\/12\/6000__6005-6020__6025-6040__6045-6060__6065-180x180.jpg 180w, https:\/\/apimat.ch\/wp-content\/uploads\/2020\/12\/6000__6005-6020__6025-6040__6045-6060__6065-1500x1500.jpg 1500w, https:\/\/apimat.ch\/wp-content\/uploads\/2020\/12\/6000__6005-6020__6025-6040__6045-6060__6065-705x705.jpg 705w, https:\/\/apimat.ch\/wp-content\/uploads\/2020\/12\/6000__6005-6020__6025-6040__6045-6060__6065-100x100.jpg 100w, https:\/\/apimat.ch\/wp-content\/uploads\/2020\/12\/6000__6005-6020__6025-6040__6045-6060__6065-600x600.jpg 600w\" sizes=\"(max-width: 1030px) 100vw, 1030px\" \/> \u00a0<img loading=\"lazy\" decoding=\"async\" class=\"alignnone size-large wp-image-14204\" src=\"https:\/\/apimat.ch\/wp-content\/uploads\/2021\/09\/6070010-1030x1030.jpg\" alt=\"\" width=\"1030\" height=\"1030\" srcset=\"https:\/\/apimat.ch\/wp-content\/uploads\/2021\/09\/6070010-1030x1030.jpg 1030w, https:\/\/apimat.ch\/wp-content\/uploads\/2021\/09\/6070010-300x300.jpg 300w, https:\/\/apimat.ch\/wp-content\/uploads\/2021\/09\/6070010-80x80.jpg 80w, https:\/\/apimat.ch\/wp-content\/uploads\/2021\/09\/6070010-768x767.jpg 768w, https:\/\/apimat.ch\/wp-content\/uploads\/2021\/09\/6070010-36x36.jpg 36w, https:\/\/apimat.ch\/wp-content\/uploads\/2021\/09\/6070010-180x180.jpg 180w, https:\/\/apimat.ch\/wp-content\/uploads\/2021\/09\/6070010-705x705.jpg 705w, https:\/\/apimat.ch\/wp-content\/uploads\/2021\/09\/6070010-100x100.jpg 100w, https:\/\/apimat.ch\/wp-content\/uploads\/2021\/09\/6070010-600x599.jpg 600w, https:\/\/apimat.ch\/wp-content\/uploads\/2021\/09\/6070010.jpg 1038w\" sizes=\"(max-width: 1030px) 100vw, 1030px\" \/><\/p>\n<p><img loading=\"lazy\" decoding=\"async\" class=\"alignnone size-large wp-image-10891\" src=\"https:\/\/apimat.ch\/wp-content\/uploads\/2020\/11\/5870-5871-1030x1030.jpg\" alt=\"\" width=\"1030\" height=\"1030\" srcset=\"https:\/\/apimat.ch\/wp-content\/uploads\/2020\/11\/5870-5871-1030x1030.jpg 1030w, https:\/\/apimat.ch\/wp-content\/uploads\/2020\/11\/5870-5871-300x300.jpg 300w, https:\/\/apimat.ch\/wp-content\/uploads\/2020\/11\/5870-5871-80x80.jpg 80w, https:\/\/apimat.ch\/wp-content\/uploads\/2020\/11\/5870-5871-768x769.jpg 768w, https:\/\/apimat.ch\/wp-content\/uploads\/2020\/11\/5870-5871-36x36.jpg 36w, https:\/\/apimat.ch\/wp-content\/uploads\/2020\/11\/5870-5871-180x180.jpg 180w, https:\/\/apimat.ch\/wp-content\/uploads\/2020\/11\/5870-5871-705x705.jpg 705w, https:\/\/apimat.ch\/wp-content\/uploads\/2020\/11\/5870-5871-100x100.jpg 100w, https:\/\/apimat.ch\/wp-content\/uploads\/2020\/11\/5870-5871-600x600.jpg 600w, https:\/\/apimat.ch\/wp-content\/uploads\/2020\/11\/5870-5871.jpg 1232w\" sizes=\"(max-width: 1030px) 100vw, 1030px\" \/> <img loading=\"lazy\" decoding=\"async\" class=\"alignnone size-large wp-image-10889\" src=\"https:\/\/apimat.ch\/wp-content\/uploads\/2020\/11\/5840-5841-1030x1030.jpg\" alt=\"\" width=\"1030\" height=\"1030\" srcset=\"https:\/\/apimat.ch\/wp-content\/uploads\/2020\/11\/5840-5841-1030x1030.jpg 1030w, https:\/\/apimat.ch\/wp-content\/uploads\/2020\/11\/5840-5841-300x300.jpg 300w, https:\/\/apimat.ch\/wp-content\/uploads\/2020\/11\/5840-5841-80x80.jpg 80w, https:\/\/apimat.ch\/wp-content\/uploads\/2020\/11\/5840-5841-768x769.jpg 768w, https:\/\/apimat.ch\/wp-content\/uploads\/2020\/11\/5840-5841-36x36.jpg 36w, https:\/\/apimat.ch\/wp-content\/uploads\/2020\/11\/5840-5841-180x180.jpg 180w, https:\/\/apimat.ch\/wp-content\/uploads\/2020\/11\/5840-5841-705x705.jpg 705w, https:\/\/apimat.ch\/wp-content\/uploads\/2020\/11\/5840-5841-100x100.jpg 100w, https:\/\/apimat.ch\/wp-content\/uploads\/2020\/11\/5840-5841-600x601.jpg 600w, https:\/\/apimat.ch\/wp-content\/uploads\/2020\/11\/5840-5841.jpg 1064w\" sizes=\"(max-width: 1030px) 100vw, 1030px\" \/><\/p>\n<p class=\"p1\"><b>DIE PREISE SIND JE NACH MENGE DEGRESSIV.<\/b><\/p>\n<p class=\"p1\"><b>F\u00fcr weitere Informationen kontaktieren Sie mich bitte.<\/b><\/p>\n<p class=\"p2\"><span class=\"s1\"><a href=\"mailto:info@apimat.ch\"><b>info@apimat.ch<\/b><\/a><\/span><\/p>\n<p class=\"p1\"><b>Telefon: 076 213 80 33<\/b><\/p>\n","protected":false},"excerpt":{"rendered":"<p>Sieb aus Edelstahl f\u00fcr Abf\u00fcllkessel Lega &nbsp; Kapazit\u00e4t 50kg Kapazit\u00e4t 100kg Kapazit\u00e4t 200kg Kapazit\u00e4t 250kg Kapazit\u00e4t 400kg Kapazit\u00e4t 500kg \u00a0 DIE PREISE SIND JE NACH MENGE DEGRESSIV. F\u00fcr weitere Informationen kontaktieren Sie mich bitte. info@apimat.ch Telefon: 076 213 80 33<\/p>\n","protected":false},"featured_media":21593,"template":"","meta":{"_uf_show_specific_survey":0,"_uf_disable_surveys":false},"product_cat":[108],"product_tag":[],"aioseo_notices":[],"_links":{"self":[{"href":"https:\/\/apimat.ch\/de\/wp-json\/wp\/v2\/product\/21616"}],"collection":[{"href":"https:\/\/apimat.ch\/de\/wp-json\/wp\/v2\/product"}],"about":[{"href":"https:\/\/apimat.ch\/de\/wp-json\/wp\/v2\/types\/product"}],"wp:featuredmedia":[{"embeddable":true,"href":"https:\/\/apimat.ch\/de\/wp-json\/wp\/v2\/media\/21593"}],"wp:attachment":[{"href":"https:\/\/apimat.ch\/de\/wp-json\/wp\/v2\/media?parent=21616"}],"wp:term":[{"taxonomy":"product_cat","embeddable":true,"href":"https:\/\/apimat.ch\/de\/wp-json\/wp\/v2\/product_cat?post=21616"},{"taxonomy":"product_tag","embeddable":true,"href":"https:\/\/apimat.ch\/de\/wp-json\/wp\/v2\/product_tag?post=21616"}],"curies":[{"name":"wp","href":"https:\/\/api.w.org\/{rel}","templated":true}]}}