{"id":21645,"date":"2023-01-15T06:54:26","date_gmt":"2023-01-15T08:42:28","guid":{"rendered":"https:\/\/apimat.ch\/?post_type=product&#038;p=21645"},"modified":"2023-01-15T09:44:10","modified_gmt":"2023-01-15T08:44:10","slug":"breiter-stockmeissel-fuer-styropor-bienenstoecke","status":"publish","type":"product","link":"https:\/\/apimat.ch\/de\/produit\/breiter-stockmeissel-fuer-styropor-bienenstoecke\/","title":{"rendered":"Breiter Stockmeissel f\u00fcr Styropor-Bienenst\u00f6cke"},"content":{"rendered":"<p>Breiter Stockmeissel um das Zerbrechen von Styroporbeuten zu vermeiden.<\/p>\n<p>&nbsp;<\/p>\n<ul>\n<li>Aus geschmiedetem rostfreiem Stahl<\/li>\n<li>Eine gro\u00dfe Auflagefl\u00e4che<\/li>\n<li>Hergestellt, um Besch\u00e4digungen von Styroporbeuten zu vermeiden.<\/li>\n<li>Entnahmeseite mit Aussparung zum Reinigen des Propolis.<\/li>\n<li>Hergestellt in Italien<\/li>\n<\/ul>\n<p>&nbsp;<\/p>\n<p class=\"p1\"><b>DIE PREISE SIND JE NACH MENGE DEGRESSIV.<\/b><\/p>\n<p class=\"p1\"><b>F\u00fcr weitere Informationen kontaktieren Sie mich bitte.<\/b><\/p>\n<p class=\"p2\"><span class=\"s1\"><a href=\"mailto:info@apimat.ch\"><b>info@apimat.ch<\/b><\/a><\/span><\/p>\n<p class=\"p1\"><b>Telefon: 076 213 80 33<\/b><\/p>\n","protected":false},"excerpt":{"rendered":"<p>Breiter Stockmeissel um das Zerbrechen von Styroporbeuten zu vermeiden. &nbsp; Aus geschmiedetem rostfreiem Stahl Eine gro\u00dfe Auflagefl\u00e4che Hergestellt, um Besch\u00e4digungen von Styroporbeuten zu vermeiden. Entnahmeseite mit Aussparung zum Reinigen des Propolis. Hergestellt in Italien &nbsp; DIE PREISE SIND JE NACH MENGE DEGRESSIV. F\u00fcr weitere Informationen kontaktieren Sie mich bitte. info@apimat.ch Telefon: 076 213 80 33<\/p>\n","protected":false},"featured_media":21575,"template":"","meta":{"_uf_show_specific_survey":0,"_uf_disable_surveys":false},"product_cat":[98],"product_tag":[],"aioseo_notices":[],"_links":{"self":[{"href":"https:\/\/apimat.ch\/de\/wp-json\/wp\/v2\/product\/21645"}],"collection":[{"href":"https:\/\/apimat.ch\/de\/wp-json\/wp\/v2\/product"}],"about":[{"href":"https:\/\/apimat.ch\/de\/wp-json\/wp\/v2\/types\/product"}],"wp:featuredmedia":[{"embeddable":true,"href":"https:\/\/apimat.ch\/de\/wp-json\/wp\/v2\/media\/21575"}],"wp:attachment":[{"href":"https:\/\/apimat.ch\/de\/wp-json\/wp\/v2\/media?parent=21645"}],"wp:term":[{"taxonomy":"product_cat","embeddable":true,"href":"https:\/\/apimat.ch\/de\/wp-json\/wp\/v2\/product_cat?post=21645"},{"taxonomy":"product_tag","embeddable":true,"href":"https:\/\/apimat.ch\/de\/wp-json\/wp\/v2\/product_tag?post=21645"}],"curies":[{"name":"wp","href":"https:\/\/api.w.org\/{rel}","templated":true}]}}