{"id":21656,"date":"2023-01-15T09:00:56","date_gmt":"2023-01-15T08:56:02","guid":{"rendered":"https:\/\/apimat.ch\/?post_type=product&#038;p=21656"},"modified":"2023-01-15T09:56:02","modified_gmt":"2023-01-15T08:56:02","slug":"sieb-oe-510-mm-aus-edelstahl-fuer-logar-abfuellkessel-200-kg-logar","status":"publish","type":"product","link":"https:\/\/apimat.ch\/de\/produit\/sieb-oe-510-mm-aus-edelstahl-fuer-logar-abfuellkessel-200-kg-logar\/","title":{"rendered":"Sieb \u00d8 510 mm aus Edelstahl, f\u00fcr Logar Abf\u00fcllkessel 200 kg Logar"},"content":{"rendered":"<p>Sieb \u00d8 510 mm aus Edelstahl, f\u00fcr Logar Abf\u00fcllkessel 200 kg Logar<\/p>\n<p><img loading=\"lazy\" decoding=\"async\" class=\"alignnone size-large wp-image-11051\" src=\"https:\/\/apimat.ch\/wp-content\/uploads\/2018\/12\/2228o-200kg-1030x1030.jpg\" alt=\"\" width=\"1030\" height=\"1030\" srcset=\"https:\/\/apimat.ch\/wp-content\/uploads\/2018\/12\/2228o-200kg-1030x1030.jpg 1030w, https:\/\/apimat.ch\/wp-content\/uploads\/2018\/12\/2228o-200kg-300x300.jpg 300w, https:\/\/apimat.ch\/wp-content\/uploads\/2018\/12\/2228o-200kg-80x80.jpg 80w, https:\/\/apimat.ch\/wp-content\/uploads\/2018\/12\/2228o-200kg-768x768.jpg 768w, https:\/\/apimat.ch\/wp-content\/uploads\/2018\/12\/2228o-200kg-1536x1536.jpg 1536w, https:\/\/apimat.ch\/wp-content\/uploads\/2018\/12\/2228o-200kg-2048x2048.jpg 2048w, https:\/\/apimat.ch\/wp-content\/uploads\/2018\/12\/2228o-200kg-36x36.jpg 36w, https:\/\/apimat.ch\/wp-content\/uploads\/2018\/12\/2228o-200kg-180x180.jpg 180w, https:\/\/apimat.ch\/wp-content\/uploads\/2018\/12\/2228o-200kg-1500x1500.jpg 1500w, https:\/\/apimat.ch\/wp-content\/uploads\/2018\/12\/2228o-200kg-705x705.jpg 705w, https:\/\/apimat.ch\/wp-content\/uploads\/2018\/12\/2228o-200kg-100x100.jpg 100w, https:\/\/apimat.ch\/wp-content\/uploads\/2018\/12\/2228o-200kg-600x600.jpg 600w\" sizes=\"(max-width: 1030px) 100vw, 1030px\" \/><\/p>\n<p>&nbsp;<\/p>\n<p class=\"p1\"><b>DIE PREISE SIND JE NACH MENGE DEGRESSIV.<\/b><\/p>\n<p class=\"p1\"><b>F\u00fcr weitere Informationen kontaktieren Sie mich bitte.<\/b><\/p>\n<p class=\"p2\"><span class=\"s1\"><a href=\"mailto:info@apimat.ch\"><b>info@apimat.ch<\/b><\/a><\/span><\/p>\n<p class=\"p1\"><b>Telefon: 076 213 80 33<\/b><\/p>\n","protected":false},"excerpt":{"rendered":"<p>Sieb \u00d8 510 mm aus Edelstahl, f\u00fcr Logar Abf\u00fcllkessel 200 kg Logar &nbsp; DIE PREISE SIND JE NACH MENGE DEGRESSIV. F\u00fcr weitere Informationen kontaktieren Sie mich bitte. info@apimat.ch Telefon: 076 213 80 33<\/p>\n","protected":false},"featured_media":21593,"template":"","meta":{"_uf_show_specific_survey":0,"_uf_disable_surveys":false},"product_cat":[108],"product_tag":[],"aioseo_notices":[],"_links":{"self":[{"href":"https:\/\/apimat.ch\/de\/wp-json\/wp\/v2\/product\/21656"}],"collection":[{"href":"https:\/\/apimat.ch\/de\/wp-json\/wp\/v2\/product"}],"about":[{"href":"https:\/\/apimat.ch\/de\/wp-json\/wp\/v2\/types\/product"}],"wp:featuredmedia":[{"embeddable":true,"href":"https:\/\/apimat.ch\/de\/wp-json\/wp\/v2\/media\/21593"}],"wp:attachment":[{"href":"https:\/\/apimat.ch\/de\/wp-json\/wp\/v2\/media?parent=21656"}],"wp:term":[{"taxonomy":"product_cat","embeddable":true,"href":"https:\/\/apimat.ch\/de\/wp-json\/wp\/v2\/product_cat?post=21656"},{"taxonomy":"product_tag","embeddable":true,"href":"https:\/\/apimat.ch\/de\/wp-json\/wp\/v2\/product_tag?post=21656"}],"curies":[{"name":"wp","href":"https:\/\/api.w.org\/{rel}","templated":true}]}}