{"id":21814,"date":"2023-01-22T08:16:18","date_gmt":"2023-01-22T08:14:09","guid":{"rendered":"https:\/\/apimat.ch\/?post_type=product&#038;p=21814"},"modified":"2024-09-05T07:57:40","modified_gmt":"2024-09-05T05:57:40","slug":"imkerjacke-mit-rundem-segel-typ-camouflage-mit-reissverschluss-groesse-smlxlxxl","status":"publish","type":"product","link":"https:\/\/apimat.ch\/de\/produit\/imkerjacke-mit-rundem-segel-typ-camouflage-mit-reissverschluss-groesse-smlxlxxl\/","title":{"rendered":"Imkerjacke mit rundem Segel Typ &#8220;Camouflage&#8221; mit Rei\u00dfverschluss &#8211; Gr\u00f6\u00dfe: S, M, L, XL, XXL, XXXL"},"content":{"rendered":"<p>Imkerjacke mit rundem Segel Typ &#8220;Camouflage&#8221; mit Rei\u00dfverschluss &#8211; Gr\u00f6\u00dfe: S, M, L, XL, XXL, XXXL<\/p>\n<p class=\"p1\"><b>DIE PREISE SIND JE NACH MENGE DEGRESSIV.<\/b><\/p>\n<p class=\"p1\"><b>F\u00fcr weitere Informationen kontaktieren Sie mich bitte.<\/b><\/p>\n<p class=\"p2\"><span class=\"s1\"><a href=\"mailto:info@apimat.ch\"><b>info@apimat.ch<\/b><\/a><\/span><\/p>\n<p class=\"p1\"><b>Telefon: 076 213 80 33<\/b><\/p>\n","protected":false},"excerpt":{"rendered":"<p>Imkerjacke mit rundem Segel Typ &#8220;Camouflage&#8221; mit Rei\u00dfverschluss &#8211; Gr\u00f6\u00dfe: S, M, L, XL, XXL, XXXL DIE PREISE SIND JE NACH MENGE DEGRESSIV. F\u00fcr weitere Informationen kontaktieren Sie mich bitte. info@apimat.ch Telefon: 076 213 80 33<\/p>\n","protected":false},"featured_media":21790,"template":"","meta":{"_uf_show_specific_survey":0,"_uf_disable_surveys":false},"product_cat":[97],"product_tag":[],"aioseo_notices":[],"_links":{"self":[{"href":"https:\/\/apimat.ch\/de\/wp-json\/wp\/v2\/product\/21814"}],"collection":[{"href":"https:\/\/apimat.ch\/de\/wp-json\/wp\/v2\/product"}],"about":[{"href":"https:\/\/apimat.ch\/de\/wp-json\/wp\/v2\/types\/product"}],"wp:featuredmedia":[{"embeddable":true,"href":"https:\/\/apimat.ch\/de\/wp-json\/wp\/v2\/media\/21790"}],"wp:attachment":[{"href":"https:\/\/apimat.ch\/de\/wp-json\/wp\/v2\/media?parent=21814"}],"wp:term":[{"taxonomy":"product_cat","embeddable":true,"href":"https:\/\/apimat.ch\/de\/wp-json\/wp\/v2\/product_cat?post=21814"},{"taxonomy":"product_tag","embeddable":true,"href":"https:\/\/apimat.ch\/de\/wp-json\/wp\/v2\/product_tag?post=21814"}],"curies":[{"name":"wp","href":"https:\/\/api.w.org\/{rel}","templated":true}]}}