{"id":22029,"date":"2023-02-10T21:31:12","date_gmt":"2023-02-10T20:35:03","guid":{"rendered":"https:\/\/apimat.ch\/?post_type=product&#038;p=22029"},"modified":"2023-02-10T21:35:03","modified_gmt":"2023-02-10T20:35:03","slug":"swienty-premium-wabenzieher","status":"publish","type":"product","link":"https:\/\/apimat.ch\/de\/produit\/swienty-premium-wabenzieher\/","title":{"rendered":"Swienty Premium Wabenzieher"},"content":{"rendered":"<h3 class=\"product-details__name\">Swienty Premium Wabenzieher<\/h3>\n<p>Das Einzigartige an diesem von Swienty entwickelten und patentierten Wabenzieher ist, dass\u00a0er sich beim Zusammendr\u00fccken \u00f6ffnet und sich beim Loslassen schlie\u00dft (entgegengesetzte Funktionsweise eines herk\u00f6mmlichen Wabenziehers). Das bedeutet, dass der Wabenzieher das R\u00e4hmchen von alleine h\u00e4lt, was zu einem viel angenehmeren und kraftschonenderen Arbeiten f\u00fchrt.<\/p>\n<p>Aus kr\u00e4ftigem Edelstahl und einer \u00e4u\u00dferst robusten Feder gefertigt. Aufgrund des ergonomischen Gummi-Handgriffs liegt der Wabenzieher sehr gut in der Hand und verhindert, dass\u00a0er aus der Hand f\u00e4llt.<\/p>\n<p>Dieser Wabenzieher ist ein praktisches Werkzeug und eine gutes Hilfsmittel, um R\u00e4hmchen aus dem Magazin hochzuheben. Sie ist ebenfalls daf\u00fcr geeignet, warme R\u00e4hmchen beim Schmelzen von Wachs festzuhalten.<\/p>\n<p>Der Wabenzieher kann eine Trageleistebreite von\u00a0bis\u00a0zu 3,2 cm greifen.<\/p>\n<p>Technische Daten:<br \/>\nGesamte\u00a0Breite: 125 mm<br \/>\nBreite Griff: 118 mm<br \/>\nH\u00f6he: 180 mm<br \/>\nGewicht: 366 Gram<\/p>\n<p class=\"p1\"><b>DIE PREISE SIND JE NACH MENGE DEGRESSIV.<\/b><\/p>\n<p class=\"p1\"><b>F\u00fcr weitere Informationen kontaktieren Sie mich bitte.<\/b><\/p>\n<p class=\"p2\"><span class=\"s1\"><a href=\"mailto:info@apimat.ch\"><b>info@apimat.ch<\/b><\/a><\/span><\/p>\n<p class=\"p1\"><b>Telefon: 076 213 80 33<\/b><\/p>\n","protected":false},"excerpt":{"rendered":"<p>Swienty Premium Wabenzieher Das Einzigartige an diesem von Swienty entwickelten und patentierten Wabenzieher ist, dass\u00a0er sich beim Zusammendr\u00fccken \u00f6ffnet und sich beim Loslassen schlie\u00dft (entgegengesetzte Funktionsweise eines herk\u00f6mmlichen Wabenziehers). Das bedeutet, dass der Wabenzieher das R\u00e4hmchen von alleine h\u00e4lt, was zu einem viel angenehmeren und kraftschonenderen Arbeiten f\u00fchrt. Aus kr\u00e4ftigem Edelstahl und einer \u00e4u\u00dferst robusten [&hellip;]<\/p>\n","protected":false},"featured_media":22027,"template":"","meta":{"_uf_show_specific_survey":0,"_uf_disable_surveys":false},"product_cat":[98],"product_tag":[],"aioseo_notices":[],"_links":{"self":[{"href":"https:\/\/apimat.ch\/de\/wp-json\/wp\/v2\/product\/22029"}],"collection":[{"href":"https:\/\/apimat.ch\/de\/wp-json\/wp\/v2\/product"}],"about":[{"href":"https:\/\/apimat.ch\/de\/wp-json\/wp\/v2\/types\/product"}],"wp:featuredmedia":[{"embeddable":true,"href":"https:\/\/apimat.ch\/de\/wp-json\/wp\/v2\/media\/22027"}],"wp:attachment":[{"href":"https:\/\/apimat.ch\/de\/wp-json\/wp\/v2\/media?parent=22029"}],"wp:term":[{"taxonomy":"product_cat","embeddable":true,"href":"https:\/\/apimat.ch\/de\/wp-json\/wp\/v2\/product_cat?post=22029"},{"taxonomy":"product_tag","embeddable":true,"href":"https:\/\/apimat.ch\/de\/wp-json\/wp\/v2\/product_tag?post=22029"}],"curies":[{"name":"wp","href":"https:\/\/api.w.org\/{rel}","templated":true}]}}