{"id":22239,"date":"2023-02-17T07:40:06","date_gmt":"2023-02-17T21:57:23","guid":{"rendered":"https:\/\/apimat.ch\/?post_type=product&#038;p=22239"},"modified":"2023-02-17T22:57:24","modified_gmt":"2023-02-17T21:57:24","slug":"varroa-control-koeniginnenkaefig-varroa-bekaempfung","status":"publish","type":"product","link":"https:\/\/apimat.ch\/de\/produit\/varroa-control-koeniginnenkaefig-varroa-bekaempfung\/","title":{"rendered":"Varroa-Control-K\u00f6niginnenk\u00e4fig &#8211; Varroa-Bek\u00e4mpfung"},"content":{"rendered":"<p>Mit dem Var-Control-K\u00e4fig k\u00f6nnen Sie die Eiablage der K\u00f6nigin vollst\u00e4ndig blockieren, um die Ausbreitung der Varroa-Milbe zu kontrollieren oder die Wirksamkeit von Behandlungen zu verbessern. Die Arbeitsbienen k\u00fcmmern sich weiterhin um sie, indem sie durch die Schlitze schl\u00fcpfen. Sobald die K\u00f6nigin in den K\u00e4fig gesperrt ist, h\u00f6rt sie f\u00fcr die Dauer der K\u00e4fighaltung auf, Eier zu legen.<\/p>\n<p>&nbsp;<\/p>\n<p class=\"p1\"><b>DIE PREISE SIND JE NACH MENGE DEGRESSIV.<\/b><\/p>\n<p class=\"p1\"><b>F\u00fcr weitere Informationen kontaktieren Sie mich bitte.<\/b><\/p>\n<p class=\"p2\"><span class=\"s1\"><a href=\"mailto:info@apimat.ch\"><b>info@apimat.ch<\/b><\/a><\/span><\/p>\n<p class=\"p1\"><b>Telefon: 076 213 80 33<\/b><\/p>\n","protected":false},"excerpt":{"rendered":"<p>Mit dem Var-Control-K\u00e4fig k\u00f6nnen Sie die Eiablage der K\u00f6nigin vollst\u00e4ndig blockieren, um die Ausbreitung der Varroa-Milbe zu kontrollieren oder die Wirksamkeit von Behandlungen zu verbessern. Die Arbeitsbienen k\u00fcmmern sich weiterhin um sie, indem sie durch die Schlitze schl\u00fcpfen. Sobald die K\u00f6nigin in den K\u00e4fig gesperrt ist, h\u00f6rt sie f\u00fcr die Dauer der K\u00e4fighaltung auf, Eier [&hellip;]<\/p>\n","protected":false},"featured_media":22166,"template":"","meta":{"_uf_show_specific_survey":0,"_uf_disable_surveys":false},"product_cat":[390],"product_tag":[],"aioseo_notices":[],"_links":{"self":[{"href":"https:\/\/apimat.ch\/de\/wp-json\/wp\/v2\/product\/22239"}],"collection":[{"href":"https:\/\/apimat.ch\/de\/wp-json\/wp\/v2\/product"}],"about":[{"href":"https:\/\/apimat.ch\/de\/wp-json\/wp\/v2\/types\/product"}],"wp:featuredmedia":[{"embeddable":true,"href":"https:\/\/apimat.ch\/de\/wp-json\/wp\/v2\/media\/22166"}],"wp:attachment":[{"href":"https:\/\/apimat.ch\/de\/wp-json\/wp\/v2\/media?parent=22239"}],"wp:term":[{"taxonomy":"product_cat","embeddable":true,"href":"https:\/\/apimat.ch\/de\/wp-json\/wp\/v2\/product_cat?post=22239"},{"taxonomy":"product_tag","embeddable":true,"href":"https:\/\/apimat.ch\/de\/wp-json\/wp\/v2\/product_tag?post=22239"}],"curies":[{"name":"wp","href":"https:\/\/api.w.org\/{rel}","templated":true}]}}