{"id":22249,"date":"2023-02-17T06:57:34","date_gmt":"2023-02-17T22:24:21","guid":{"rendered":"https:\/\/apimat.ch\/?post_type=product&#038;p=22249"},"modified":"2025-12-27T15:37:21","modified_gmt":"2025-12-27T14:37:21","slug":"transport-system-fuer-bienenstoecke-mit-ergonomischen-griffen-2er-set","status":"publish","type":"product","link":"https:\/\/apimat.ch\/de\/produit\/transport-system-fuer-bienenstoecke-mit-ergonomischen-griffen-2er-set\/","title":{"rendered":"Transport-System f\u00fcr Bienenst\u00f6cke mit ergonomischen Griffen \u2013 2er-Set"},"content":{"rendered":"<p>Transport-System f\u00fcr Bienenst\u00f6cke mit ergonomischen Griffen \u2013 2er-Set<\/p>\n<p data-start=\"118\" data-end=\"397\" data-is-last-node=\"\" data-is-only-node=\"\"><strong data-start=\"118\" data-end=\"135\">Beschreibung:<\/strong><br data-start=\"135\" data-end=\"138\" \/>Erleichtern Sie den Transport Ihrer Bienenst\u00f6cke mit diesem praktischen System, das aus zwei robusten Spanngurten und ergonomischen Griffen besteht. Transportieren Sie Ihre Bienenst\u00f6cke sicher, schnell und m\u00fchelos f\u00fcr eine vereinfachte und effiziente Imkerei.<\/p>\n<p><img loading=\"lazy\" decoding=\"async\" class=\"alignnone size-large wp-image-22886\" src=\"https:\/\/apimat.ch\/wp-content\/uploads\/2023\/02\/Tragehilfe-1030x672.png\" alt=\"\" width=\"1030\" height=\"672\" srcset=\"https:\/\/apimat.ch\/wp-content\/uploads\/2023\/02\/Tragehilfe-1030x672.png 1030w, https:\/\/apimat.ch\/wp-content\/uploads\/2023\/02\/Tragehilfe-300x196.png 300w, https:\/\/apimat.ch\/wp-content\/uploads\/2023\/02\/Tragehilfe-768x501.png 768w, https:\/\/apimat.ch\/wp-content\/uploads\/2023\/02\/Tragehilfe-1536x1003.png 1536w, https:\/\/apimat.ch\/wp-content\/uploads\/2023\/02\/Tragehilfe-1500x979.png 1500w, https:\/\/apimat.ch\/wp-content\/uploads\/2023\/02\/Tragehilfe-705x460.png 705w, https:\/\/apimat.ch\/wp-content\/uploads\/2023\/02\/Tragehilfe-450x294.png 450w, https:\/\/apimat.ch\/wp-content\/uploads\/2023\/02\/Tragehilfe-600x392.png 600w, https:\/\/apimat.ch\/wp-content\/uploads\/2023\/02\/Tragehilfe.png 1866w\" sizes=\"(max-width: 1030px) 100vw, 1030px\" \/><\/p>\n<p class=\"p1\"><b>DIE PREISE SIND JE NACH MENGE DEGRESSIV.<\/b><\/p>\n<p class=\"p1\"><b>F\u00fcr weitere Informationen kontaktieren Sie mich bitte.<\/b><\/p>\n<p class=\"p2\"><span class=\"s1\"><a href=\"mailto:info@apimat.ch\"><b>info@apimat.ch<\/b><\/a><\/span><\/p>\n<p class=\"p1\"><b>Telefon: 076 213 80 33<\/b><\/p>\n","protected":false},"excerpt":{"rendered":"<p>Transport-System f\u00fcr Bienenst\u00f6cke mit ergonomischen Griffen \u2013 2er-Set Beschreibung:Erleichtern Sie den Transport Ihrer Bienenst\u00f6cke mit diesem praktischen System, das aus zwei robusten Spanngurten und ergonomischen Griffen besteht. Transportieren Sie Ihre Bienenst\u00f6cke sicher, schnell und m\u00fchelos f\u00fcr eine vereinfachte und effiziente Imkerei. DIE PREISE SIND JE NACH MENGE DEGRESSIV. F\u00fcr weitere Informationen kontaktieren Sie mich bitte. [&hellip;]<\/p>\n","protected":false},"featured_media":41153,"template":"","meta":{"_uf_show_specific_survey":0,"_uf_disable_surveys":false},"product_cat":[1066,98],"product_tag":[],"aioseo_notices":[],"_links":{"self":[{"href":"https:\/\/apimat.ch\/de\/wp-json\/wp\/v2\/product\/22249"}],"collection":[{"href":"https:\/\/apimat.ch\/de\/wp-json\/wp\/v2\/product"}],"about":[{"href":"https:\/\/apimat.ch\/de\/wp-json\/wp\/v2\/types\/product"}],"wp:featuredmedia":[{"embeddable":true,"href":"https:\/\/apimat.ch\/de\/wp-json\/wp\/v2\/media\/41153"}],"wp:attachment":[{"href":"https:\/\/apimat.ch\/de\/wp-json\/wp\/v2\/media?parent=22249"}],"wp:term":[{"taxonomy":"product_cat","embeddable":true,"href":"https:\/\/apimat.ch\/de\/wp-json\/wp\/v2\/product_cat?post=22249"},{"taxonomy":"product_tag","embeddable":true,"href":"https:\/\/apimat.ch\/de\/wp-json\/wp\/v2\/product_tag?post=22249"}],"curies":[{"name":"wp","href":"https:\/\/api.w.org\/{rel}","templated":true}]}}