{"id":22252,"date":"2023-02-17T08:33:22","date_gmt":"2023-02-17T22:26:00","guid":{"rendered":"https:\/\/apimat.ch\/?post_type=product&#038;p=22252"},"modified":"2023-02-19T15:48:07","modified_gmt":"2023-02-19T14:48:07","slug":"siegel-mit-rundem-kopf-unbedruckt","status":"publish","type":"product","link":"https:\/\/apimat.ch\/de\/produit\/siegel-mit-rundem-kopf-unbedruckt\/","title":{"rendered":"Siegel mit rundem Kopf, unbedruckt"},"content":{"rendered":"<p>Siegel mit rundem Kopf, unbedruckt<\/p>\n<p>&nbsp;<\/p>\n<ul>\n<li>\n<h3>320 St\u00fcck f\u00fcr 125g &#8211; Ma\u00df 80 x 10 mm.<\/h3>\n<\/li>\n<li>\n<h3>240 St\u00fcck f\u00fcr 250g &#8211; Ma\u00df 100 x 14 mm.<\/h3>\n<\/li>\n<li>\n<h3>240 St\u00fcck f\u00fcr 500g &#8211; Ma\u00df 120 x 16 mm.<\/h3>\n<\/li>\n<\/ul>\n<h3><\/h3>\n<p class=\"p1\"><b>DIE PREISE SIND JE NACH MENGE DEGRESSIV.<\/b><\/p>\n<p class=\"p1\"><b>F\u00fcr weitere Informationen kontaktieren Sie mich bitte.<\/b><\/p>\n<p class=\"p2\"><span class=\"s1\"><a href=\"mailto:info@apimat.ch\"><b>info@apimat.ch<\/b><\/a><\/span><\/p>\n<p class=\"p1\"><b>Telefon: 076 213 80 33<\/b><\/p>\n","protected":false},"excerpt":{"rendered":"<p>Siegel mit rundem Kopf, unbedruckt &nbsp; 320 St\u00fcck f\u00fcr 125g &#8211; Ma\u00df 80 x 10 mm. 240 St\u00fcck f\u00fcr 250g &#8211; Ma\u00df 100 x 14 mm. 240 St\u00fcck f\u00fcr 500g &#8211; Ma\u00df 120 x 16 mm. DIE PREISE SIND JE NACH MENGE DEGRESSIV. F\u00fcr weitere Informationen kontaktieren Sie mich bitte. info@apimat.ch Telefon: 076 213 80 [&hellip;]<\/p>\n","protected":false},"featured_media":22175,"template":"","meta":{"_uf_show_specific_survey":0,"_uf_disable_surveys":false},"product_cat":[106],"product_tag":[],"aioseo_notices":[],"_links":{"self":[{"href":"https:\/\/apimat.ch\/de\/wp-json\/wp\/v2\/product\/22252"}],"collection":[{"href":"https:\/\/apimat.ch\/de\/wp-json\/wp\/v2\/product"}],"about":[{"href":"https:\/\/apimat.ch\/de\/wp-json\/wp\/v2\/types\/product"}],"wp:featuredmedia":[{"embeddable":true,"href":"https:\/\/apimat.ch\/de\/wp-json\/wp\/v2\/media\/22175"}],"wp:attachment":[{"href":"https:\/\/apimat.ch\/de\/wp-json\/wp\/v2\/media?parent=22252"}],"wp:term":[{"taxonomy":"product_cat","embeddable":true,"href":"https:\/\/apimat.ch\/de\/wp-json\/wp\/v2\/product_cat?post=22252"},{"taxonomy":"product_tag","embeddable":true,"href":"https:\/\/apimat.ch\/de\/wp-json\/wp\/v2\/product_tag?post=22252"}],"curies":[{"name":"wp","href":"https:\/\/api.w.org\/{rel}","templated":true}]}}