{"id":22258,"date":"2023-02-17T08:34:28","date_gmt":"2023-02-17T22:27:23","guid":{"rendered":"https:\/\/apimat.ch\/?post_type=product&#038;p=22258"},"modified":"2023-02-19T15:43:38","modified_gmt":"2023-02-19T14:43:38","slug":"siegelstreifen-rechteckig-unbedruckt","status":"publish","type":"product","link":"https:\/\/apimat.ch\/de\/produit\/siegelstreifen-rechteckig-unbedruckt\/","title":{"rendered":"Siegelstreifen rechteckig, unbedruckt"},"content":{"rendered":"<p>Siegelstreifen rechteckig, unbedruckt<\/p>\n<ul>\n<li>\n<h3>160 St\u00fcck f\u00fcr 125g &#8211; Ma\u00df 60 x 10 mm.<\/h3>\n<\/li>\n<li>\n<h3>120 St\u00fcck f\u00fcr 250g &#8211; Ma\u00df 70 x 12 mm.<\/h3>\n<\/li>\n<li>\n<h3>120 St\u00fcck f\u00fcr 500g &#8211; Ma\u00df 95 x 18 mm.<\/h3>\n<\/li>\n<\/ul>\n<p>&nbsp;<\/p>\n<p class=\"p1\"><b>DIE PREISE SIND JE NACH MENGE DEGRESSIV.<\/b><\/p>\n<p class=\"p1\"><b>F\u00fcr weitere Informationen kontaktieren Sie mich bitte.<\/b><\/p>\n<p class=\"p2\"><span class=\"s1\"><a href=\"mailto:info@apimat.ch\"><b>info@apimat.ch<\/b><\/a><\/span><\/p>\n<p class=\"p1\"><b>Telefon: 076 213 80 33<\/b><\/p>\n","protected":false},"excerpt":{"rendered":"<p>Siegelstreifen rechteckig, unbedruckt 160 St\u00fcck f\u00fcr 125g &#8211; Ma\u00df 60 x 10 mm. 120 St\u00fcck f\u00fcr 250g &#8211; Ma\u00df 70 x 12 mm. 120 St\u00fcck f\u00fcr 500g &#8211; Ma\u00df 95 x 18 mm. &nbsp; DIE PREISE SIND JE NACH MENGE DEGRESSIV. F\u00fcr weitere Informationen kontaktieren Sie mich bitte. info@apimat.ch Telefon: 076 213 80 33<\/p>\n","protected":false},"featured_media":22173,"template":"","meta":{"_uf_show_specific_survey":0,"_uf_disable_surveys":false},"product_cat":[106],"product_tag":[],"aioseo_notices":[],"_links":{"self":[{"href":"https:\/\/apimat.ch\/de\/wp-json\/wp\/v2\/product\/22258"}],"collection":[{"href":"https:\/\/apimat.ch\/de\/wp-json\/wp\/v2\/product"}],"about":[{"href":"https:\/\/apimat.ch\/de\/wp-json\/wp\/v2\/types\/product"}],"wp:featuredmedia":[{"embeddable":true,"href":"https:\/\/apimat.ch\/de\/wp-json\/wp\/v2\/media\/22173"}],"wp:attachment":[{"href":"https:\/\/apimat.ch\/de\/wp-json\/wp\/v2\/media?parent=22258"}],"wp:term":[{"taxonomy":"product_cat","embeddable":true,"href":"https:\/\/apimat.ch\/de\/wp-json\/wp\/v2\/product_cat?post=22258"},{"taxonomy":"product_tag","embeddable":true,"href":"https:\/\/apimat.ch\/de\/wp-json\/wp\/v2\/product_tag?post=22258"}],"curies":[{"name":"wp","href":"https:\/\/api.w.org\/{rel}","templated":true}]}}