{"id":22291,"date":"2023-02-18T07:48:01","date_gmt":"2023-02-18T06:52:45","guid":{"rendered":"https:\/\/apimat.ch\/?post_type=product&#038;p=22291"},"modified":"2023-02-18T07:52:46","modified_gmt":"2023-02-18T06:52:46","slug":"transparente-abdeckfolie-zum-auflegen-auf-den-bienenkoerper-verschiedene-groessen","status":"publish","type":"product","link":"https:\/\/apimat.ch\/de\/produit\/transparente-abdeckfolie-zum-auflegen-auf-den-bienenkoerper-verschiedene-groessen\/","title":{"rendered":"Transparente Abdeckfolie zum Auflegen auf den Bienenk\u00f6rper &#8211; verschiedene Gr\u00f6\u00dfen"},"content":{"rendered":"<p>Transparente Abdeckfolie zum Auflegen auf den Bienenk\u00f6rper &#8211; verschiedene Gr\u00f6\u00dfen<\/p>\n<p>&nbsp;<\/p>\n<ul>\n<li>Dadant 10 \u2013 43 x 50cm.<\/li>\n<li>Dadant 12 \u2013 50 x 50cm.<\/li>\n<li>Dadant 6 \u2013 28 x 50cm.<\/li>\n<li>Miniplus \u2013 27 x 27 cm.<\/li>\n<li>Warr\u00e9 30 x 30 cm.<\/li>\n<\/ul>\n<p class=\"p1\"><b>DIE PREISE SIND JE NACH MENGE DEGRESSIV.<\/b><\/p>\n<p class=\"p1\"><b>F\u00fcr weitere Informationen kontaktieren Sie mich bitte.<\/b><\/p>\n<p class=\"p2\"><span class=\"s1\"><a href=\"mailto:info@apimat.ch\"><b>info@apimat.ch<\/b><\/a><\/span><\/p>\n<p class=\"p1\"><b>Telefon: 076 213 80 33<\/b><\/p>\n","protected":false},"excerpt":{"rendered":"<p>Transparente Abdeckfolie zum Auflegen auf den Bienenk\u00f6rper &#8211; verschiedene Gr\u00f6\u00dfen &nbsp; Dadant 10 \u2013 43 x 50cm. Dadant 12 \u2013 50 x 50cm. Dadant 6 \u2013 28 x 50cm. Miniplus \u2013 27 x 27 cm. Warr\u00e9 30 x 30 cm. DIE PREISE SIND JE NACH MENGE DEGRESSIV. F\u00fcr weitere Informationen kontaktieren Sie mich bitte. info@apimat.ch [&hellip;]<\/p>\n","protected":false},"featured_media":22278,"template":"","meta":{"_uf_show_specific_survey":0,"_uf_disable_surveys":false},"product_cat":[102],"product_tag":[],"aioseo_notices":[],"_links":{"self":[{"href":"https:\/\/apimat.ch\/de\/wp-json\/wp\/v2\/product\/22291"}],"collection":[{"href":"https:\/\/apimat.ch\/de\/wp-json\/wp\/v2\/product"}],"about":[{"href":"https:\/\/apimat.ch\/de\/wp-json\/wp\/v2\/types\/product"}],"wp:featuredmedia":[{"embeddable":true,"href":"https:\/\/apimat.ch\/de\/wp-json\/wp\/v2\/media\/22278"}],"wp:attachment":[{"href":"https:\/\/apimat.ch\/de\/wp-json\/wp\/v2\/media?parent=22291"}],"wp:term":[{"taxonomy":"product_cat","embeddable":true,"href":"https:\/\/apimat.ch\/de\/wp-json\/wp\/v2\/product_cat?post=22291"},{"taxonomy":"product_tag","embeddable":true,"href":"https:\/\/apimat.ch\/de\/wp-json\/wp\/v2\/product_tag?post=22291"}],"curies":[{"name":"wp","href":"https:\/\/api.w.org\/{rel}","templated":true}]}}