{"id":22640,"date":"2023-03-11T14:00:06","date_gmt":"2023-03-11T13:00:06","guid":{"rendered":"https:\/\/apimat.ch\/?post_type=product&#038;p=22640"},"modified":"2025-05-04T22:00:03","modified_gmt":"2025-05-04T20:00:03","slug":"waben-ruckstandsfrei-zertifiziert-fur-brutrahmen-bio-pestizide-frei-copie","status":"publish","type":"product","link":"https:\/\/apimat.ch\/de\/produit\/waben-ruckstandsfrei-zertifiziert-fur-brutrahmen-bio-pestizide-frei-copie\/","title":{"rendered":"Waben r\u00fcckstandsfrei zertifiziert f\u00fcr Brutrahmen &#8211; BIO SCHWEIZ Pestizide frei &#8211; ( SOLANGE DER VORRAT REICHT )"},"content":{"rendered":"<p>Waben r\u00fcckstandsfrei zertifiziert f\u00fcr Brutrahmen &#8211; BIO SCHWEIZ Pestizide frei &#8211; ( SOLANGE DER VORRAT REICHT )<\/p>\n<p>Gr\u00f6\u00dfe 41 x 26 cm \/ Anzahl der Bl\u00e4tter pro Kilo 8<\/p>\n<p>Wir versenden das Zertifikat nur auf Anfrage.<\/p>\n<p><strong>DEGRESSIVE PREISE JE NACH MENGE.<\/strong><\/p>\n<p>Andere Abmessungen auf Anfrage.<\/p>\n<p><strong>F\u00fcr weitere Informationen kontaktieren Sie mich bitte.<\/strong><\/p>\n<p><a href=\"mailto:info@apimat.ch\"><strong>info@apimat.ch<\/strong><\/a><\/p>\n<p><strong>Telefon: 076 213 80 33<\/strong><\/p>\n<p>&nbsp;<\/p>\n","protected":false},"excerpt":{"rendered":"<p>Waben r\u00fcckstandsfrei zertifiziert f\u00fcr Brutrahmen &#8211; BIO SCHWEIZ Pestizide frei &#8211; ( SOLANGE DER VORRAT REICHT ) Gr\u00f6\u00dfe 41 x 26 cm \/ Anzahl der Bl\u00e4tter pro Kilo 8 Wir versenden das Zertifikat nur auf Anfrage. DEGRESSIVE PREISE JE NACH MENGE. Andere Abmessungen auf Anfrage. F\u00fcr weitere Informationen kontaktieren Sie mich bitte. info@apimat.ch Telefon: 076 [&hellip;]<\/p>\n","protected":false},"featured_media":22643,"template":"","meta":{"_uf_show_specific_survey":0,"_uf_disable_surveys":false},"product_cat":[1060,103],"product_tag":[],"aioseo_notices":[],"_links":{"self":[{"href":"https:\/\/apimat.ch\/de\/wp-json\/wp\/v2\/product\/22640"}],"collection":[{"href":"https:\/\/apimat.ch\/de\/wp-json\/wp\/v2\/product"}],"about":[{"href":"https:\/\/apimat.ch\/de\/wp-json\/wp\/v2\/types\/product"}],"wp:featuredmedia":[{"embeddable":true,"href":"https:\/\/apimat.ch\/de\/wp-json\/wp\/v2\/media\/22643"}],"wp:attachment":[{"href":"https:\/\/apimat.ch\/de\/wp-json\/wp\/v2\/media?parent=22640"}],"wp:term":[{"taxonomy":"product_cat","embeddable":true,"href":"https:\/\/apimat.ch\/de\/wp-json\/wp\/v2\/product_cat?post=22640"},{"taxonomy":"product_tag","embeddable":true,"href":"https:\/\/apimat.ch\/de\/wp-json\/wp\/v2\/product_tag?post=22640"}],"curies":[{"name":"wp","href":"https:\/\/api.w.org\/{rel}","templated":true}]}}