{"id":22710,"date":"2023-03-15T07:28:00","date_gmt":"2023-03-15T07:23:33","guid":{"rendered":"https:\/\/apimat.ch\/?post_type=product&#038;p=22710"},"modified":"2023-03-15T08:23:34","modified_gmt":"2023-03-15T07:23:34","slug":"honigglas-500g-glas-deep-oe70mm-packung-mit-20-stueck-ohne-deckel","status":"publish","type":"product","link":"https:\/\/apimat.ch\/de\/produit\/honigglas-500g-glas-deep-oe70mm-packung-mit-20-stueck-ohne-deckel\/","title":{"rendered":"Honigglas 500g Glas DEEP \u00d870mm. ( Packung mit 20 St\u00fcck ohne Deckel )"},"content":{"rendered":"<p>Honigglas 500g Glas DEEP \u00d870mm. ( Packung mit 20 St\u00fcck ohne Deckel )<\/p>\n<p>&nbsp;<\/p>\n<p class=\"p1\"><b>DIE PREISE SIND JE NACH MENGE DEGRESSIV.<\/b><\/p>\n<p class=\"p1\"><b>F\u00fcr weitere Informationen kontaktieren Sie mich bitte.<\/b><\/p>\n<p class=\"p2\"><span class=\"s1\"><a href=\"mailto:info@apimat.ch\"><b>info@apimat.ch<\/b><\/a><\/span><\/p>\n<p class=\"p1\"><b>Telefon: 076 213 80 33<\/b><\/p>\n","protected":false},"excerpt":{"rendered":"<p>Honigglas 500g Glas DEEP \u00d870mm. ( Packung mit 20 St\u00fcck ohne Deckel ) &nbsp; DIE PREISE SIND JE NACH MENGE DEGRESSIV. F\u00fcr weitere Informationen kontaktieren Sie mich bitte. info@apimat.ch Telefon: 076 213 80 33<\/p>\n","protected":false},"featured_media":22700,"template":"","meta":{"_uf_show_specific_survey":0,"_uf_disable_surveys":false},"product_cat":[106],"product_tag":[],"aioseo_notices":[],"_links":{"self":[{"href":"https:\/\/apimat.ch\/de\/wp-json\/wp\/v2\/product\/22710"}],"collection":[{"href":"https:\/\/apimat.ch\/de\/wp-json\/wp\/v2\/product"}],"about":[{"href":"https:\/\/apimat.ch\/de\/wp-json\/wp\/v2\/types\/product"}],"wp:featuredmedia":[{"embeddable":true,"href":"https:\/\/apimat.ch\/de\/wp-json\/wp\/v2\/media\/22700"}],"wp:attachment":[{"href":"https:\/\/apimat.ch\/de\/wp-json\/wp\/v2\/media?parent=22710"}],"wp:term":[{"taxonomy":"product_cat","embeddable":true,"href":"https:\/\/apimat.ch\/de\/wp-json\/wp\/v2\/product_cat?post=22710"},{"taxonomy":"product_tag","embeddable":true,"href":"https:\/\/apimat.ch\/de\/wp-json\/wp\/v2\/product_tag?post=22710"}],"curies":[{"name":"wp","href":"https:\/\/api.w.org\/{rel}","templated":true}]}}