{"id":22759,"date":"2023-03-18T22:03:31","date_gmt":"2023-03-18T21:08:23","guid":{"rendered":"https:\/\/apimat.ch\/?post_type=product&#038;p=22759"},"modified":"2023-03-18T22:08:23","modified_gmt":"2023-03-18T21:08:23","slug":"linsenkopfnaegel-aus-edelstahl-%e2%88%85-19-x-185-mm-verpackt-im-beutel-mit-100-naegeln","status":"publish","type":"product","link":"https:\/\/apimat.ch\/de\/produit\/linsenkopfnaegel-aus-edelstahl-%e2%88%85-19-x-185-mm-verpackt-im-beutel-mit-100-naegeln\/","title":{"rendered":"LINSENKOPFN\u00c4GEL Aus Edelstahl \u2205 1,9 x 18,5 mm &#8211; Verpackt im Beutel mit 100 N\u00e4geln"},"content":{"rendered":"<p>LINSENKOPFN\u00c4GEL Aus Edelstahl \u2205 1,9 x 18,5 mm<\/p>\n<p>Zur Befestigung von Abstandsrechen sowie<br \/>\nTrageschienen<\/p>\n<p>Verpackt im Beutel mit 100 N\u00e4geln oder unverpackt als Sch\u00fcttgut<\/p>\n<p class=\"p1\"><b>DIE PREISE SIND JE NACH MENGE DEGRESSIV.<\/b><\/p>\n<p class=\"p1\"><b>F\u00fcr weitere Informationen kontaktieren Sie mich bitte.<\/b><\/p>\n<p class=\"p2\"><span class=\"s1\"><a href=\"mailto:info@apimat.ch\"><b>info@apimat.ch<\/b><\/a><\/span><\/p>\n<p class=\"p1\"><b>Telefon: 076 213 80 33<\/b><\/p>\n","protected":false},"excerpt":{"rendered":"<p>LINSENKOPFN\u00c4GEL Aus Edelstahl \u2205 1,9 x 18,5 mm Zur Befestigung von Abstandsrechen sowie Trageschienen Verpackt im Beutel mit 100 N\u00e4geln oder unverpackt als Sch\u00fcttgut DIE PREISE SIND JE NACH MENGE DEGRESSIV. F\u00fcr weitere Informationen kontaktieren Sie mich bitte. info@apimat.ch Telefon: 076 213 80 33<\/p>\n","protected":false},"featured_media":22757,"template":"","meta":{"_uf_show_specific_survey":0,"_uf_disable_surveys":false},"product_cat":[102],"product_tag":[],"aioseo_notices":[],"_links":{"self":[{"href":"https:\/\/apimat.ch\/de\/wp-json\/wp\/v2\/product\/22759"}],"collection":[{"href":"https:\/\/apimat.ch\/de\/wp-json\/wp\/v2\/product"}],"about":[{"href":"https:\/\/apimat.ch\/de\/wp-json\/wp\/v2\/types\/product"}],"wp:featuredmedia":[{"embeddable":true,"href":"https:\/\/apimat.ch\/de\/wp-json\/wp\/v2\/media\/22757"}],"wp:attachment":[{"href":"https:\/\/apimat.ch\/de\/wp-json\/wp\/v2\/media?parent=22759"}],"wp:term":[{"taxonomy":"product_cat","embeddable":true,"href":"https:\/\/apimat.ch\/de\/wp-json\/wp\/v2\/product_cat?post=22759"},{"taxonomy":"product_tag","embeddable":true,"href":"https:\/\/apimat.ch\/de\/wp-json\/wp\/v2\/product_tag?post=22759"}],"curies":[{"name":"wp","href":"https:\/\/api.w.org\/{rel}","templated":true}]}}