{"id":22782,"date":"2023-03-19T06:53:36","date_gmt":"2023-03-19T06:26:40","guid":{"rendered":"https:\/\/apimat.ch\/?post_type=product&#038;p=22782"},"modified":"2023-03-19T07:26:41","modified_gmt":"2023-03-19T06:26:41","slug":"amerikanische-trageschiene-fuer-hoffmann-rahmen-verschiedene-formate","status":"publish","type":"product","link":"https:\/\/apimat.ch\/de\/produit\/amerikanische-trageschiene-fuer-hoffmann-rahmen-verschiedene-formate\/","title":{"rendered":"Amerikanische trageschiene f\u00fcr Hoffmann-Rahmen ( verschiedene Formate )"},"content":{"rendered":"<h3>Amerikanische trageschiene f\u00fcr Hoffmann-Rahmen ( verschiedene Formate )<\/h3>\n<ul>\n<li>Amerikanische trageschiene f\u00fcr Hoffmann-Rahmen 228mm. Dadant 6<\/li>\n<li>Amerikanische trageschiene f\u00fcr Hoffmann-Rahmen 300mm. Warr\u00e9<\/li>\n<li>Amerikanische trageschiene f\u00fcr Hoffmann-Rahmen 328mm.<\/li>\n<li>Amerikanische trageschiene f\u00fcr Hoffmann-Rahmen 370mm.<\/li>\n<li>Amerikanische trageschiene f\u00fcr Hoffmann-Rahmen 375mm. Dadant 10<\/li>\n<li>Amerikanische trageschiene f\u00fcr Hoffmann-Rahmen 390mm.<\/li>\n<li>Amerikanische trageschiene f\u00fcr Hoffmann-Rahmen 400mm.<\/li>\n<li>Amerikanische trageschiene f\u00fcr Hoffmann-Rahmen Zander<\/li>\n<li>Amerikanische trageschiene f\u00fcr Hoffmann-Rahmen 430mm.<\/li>\n<li>Amerikanische trageschiene f\u00fcr Hoffmann-Rahmen 445mm. Dadant 12<\/li>\n<li>Amerikanische trageschiene f\u00fcr Hoffmann-Rahmen 460mm.<\/li>\n<li>Amerikanische trageschiene f\u00fcr Hoffmann-Rahmen 600mm.<\/li>\n<\/ul>\n<h3>Weitere individuelle Gr\u00f6\u00dfen sind auf Anfrage per E-Mail erh\u00e4ltlich.&#8221;<\/h3>\n<p>&nbsp;<\/p>\n<p class=\"p1\"><b>DIE PREISE SIND JE NACH MENGE DEGRESSIV.<\/b><\/p>\n<p class=\"p1\"><b>F\u00fcr weitere Informationen kontaktieren Sie mich bitte.<\/b><\/p>\n<p class=\"p2\"><span class=\"s1\"><a href=\"mailto:info@apimat.ch\"><b>info@apimat.ch<\/b><\/a><\/span><\/p>\n<p class=\"p1\"><b>Telefon: 076 213 80 33<\/b><\/p>\n","protected":false},"excerpt":{"rendered":"<p>Amerikanische trageschiene f\u00fcr Hoffmann-Rahmen ( verschiedene Formate ) Amerikanische trageschiene f\u00fcr Hoffmann-Rahmen 228mm. Dadant 6 Amerikanische trageschiene f\u00fcr Hoffmann-Rahmen 300mm. Warr\u00e9 Amerikanische trageschiene f\u00fcr Hoffmann-Rahmen 328mm. Amerikanische trageschiene f\u00fcr Hoffmann-Rahmen 370mm. Amerikanische trageschiene f\u00fcr Hoffmann-Rahmen 375mm. Dadant 10 Amerikanische trageschiene f\u00fcr Hoffmann-Rahmen 390mm. Amerikanische trageschiene f\u00fcr Hoffmann-Rahmen 400mm. Amerikanische trageschiene f\u00fcr Hoffmann-Rahmen Zander Amerikanische trageschiene [&hellip;]<\/p>\n","protected":false},"featured_media":22779,"template":"","meta":{"_uf_show_specific_survey":0,"_uf_disable_surveys":false},"product_cat":[102],"product_tag":[],"aioseo_notices":[],"_links":{"self":[{"href":"https:\/\/apimat.ch\/de\/wp-json\/wp\/v2\/product\/22782"}],"collection":[{"href":"https:\/\/apimat.ch\/de\/wp-json\/wp\/v2\/product"}],"about":[{"href":"https:\/\/apimat.ch\/de\/wp-json\/wp\/v2\/types\/product"}],"wp:featuredmedia":[{"embeddable":true,"href":"https:\/\/apimat.ch\/de\/wp-json\/wp\/v2\/media\/22779"}],"wp:attachment":[{"href":"https:\/\/apimat.ch\/de\/wp-json\/wp\/v2\/media?parent=22782"}],"wp:term":[{"taxonomy":"product_cat","embeddable":true,"href":"https:\/\/apimat.ch\/de\/wp-json\/wp\/v2\/product_cat?post=22782"},{"taxonomy":"product_tag","embeddable":true,"href":"https:\/\/apimat.ch\/de\/wp-json\/wp\/v2\/product_tag?post=22782"}],"curies":[{"name":"wp","href":"https:\/\/api.w.org\/{rel}","templated":true}]}}