{"id":22802,"date":"2023-03-19T07:35:03","date_gmt":"2023-03-19T06:38:00","guid":{"rendered":"https:\/\/apimat.ch\/?post_type=product&#038;p=22802"},"modified":"2023-03-19T07:38:00","modified_gmt":"2023-03-19T06:38:00","slug":"abstandsroellchen-hoehe-10-mm-packung-mit-100-stueck-mehrere-farben-erhaeltlich","status":"publish","type":"product","link":"https:\/\/apimat.ch\/de\/produit\/abstandsroellchen-hoehe-10-mm-packung-mit-100-stueck-mehrere-farben-erhaeltlich\/","title":{"rendered":"Abstandsr\u00f6llchen &#8211; h\u00f6he: 10 mm &#8211; Packung mit 100 St\u00fcck ( mehrere Farben erh\u00e4ltlich )"},"content":{"rendered":"<p>Abstandsr\u00f6llchen &#8211; h\u00f6he: 10 mm &#8211; Packung mit 100 St\u00fcck ( mehrere Farben erh\u00e4ltlich )<\/p>\n<p>&nbsp;<\/p>\n<p class=\"p1\"><b>DIE PREISE SIND JE NACH MENGE DEGRESSIV.<\/b><\/p>\n<p class=\"p1\"><b>F\u00fcr weitere Informationen kontaktieren Sie mich bitte.<\/b><\/p>\n<p class=\"p2\"><span class=\"s1\"><a href=\"mailto:info@apimat.ch\"><b>info@apimat.ch<\/b><\/a><\/span><\/p>\n<p class=\"p1\"><b>Telefon: 076 213 80 33<\/b><\/p>\n","protected":false},"excerpt":{"rendered":"<p>Abstandsr\u00f6llchen &#8211; h\u00f6he: 10 mm &#8211; Packung mit 100 St\u00fcck ( mehrere Farben erh\u00e4ltlich ) &nbsp; DIE PREISE SIND JE NACH MENGE DEGRESSIV. F\u00fcr weitere Informationen kontaktieren Sie mich bitte. info@apimat.ch Telefon: 076 213 80 33<\/p>\n","protected":false},"featured_media":42104,"template":"","meta":{"_uf_show_specific_survey":0,"_uf_disable_surveys":false},"product_cat":[103],"product_tag":[],"aioseo_notices":[],"_links":{"self":[{"href":"https:\/\/apimat.ch\/de\/wp-json\/wp\/v2\/product\/22802"}],"collection":[{"href":"https:\/\/apimat.ch\/de\/wp-json\/wp\/v2\/product"}],"about":[{"href":"https:\/\/apimat.ch\/de\/wp-json\/wp\/v2\/types\/product"}],"wp:featuredmedia":[{"embeddable":true,"href":"https:\/\/apimat.ch\/de\/wp-json\/wp\/v2\/media\/42104"}],"wp:attachment":[{"href":"https:\/\/apimat.ch\/de\/wp-json\/wp\/v2\/media?parent=22802"}],"wp:term":[{"taxonomy":"product_cat","embeddable":true,"href":"https:\/\/apimat.ch\/de\/wp-json\/wp\/v2\/product_cat?post=22802"},{"taxonomy":"product_tag","embeddable":true,"href":"https:\/\/apimat.ch\/de\/wp-json\/wp\/v2\/product_tag?post=22802"}],"curies":[{"name":"wp","href":"https:\/\/api.w.org\/{rel}","templated":true}]}}