{"id":23651,"date":"2023-04-29T07:07:29","date_gmt":"2023-04-30T08:41:32","guid":{"rendered":"https:\/\/apimat.ch\/?post_type=product&#038;p=23651"},"modified":"2024-06-24T17:18:03","modified_gmt":"2024-06-24T15:18:03","slug":"1-vi-x-xii-abnehmbare-veranda-fuer-imperia-bienenstock","status":"publish","type":"product","link":"https:\/\/apimat.ch\/de\/produit\/1-vi-x-xii-abnehmbare-veranda-fuer-imperia-bienenstock\/","title":{"rendered":"1 VI-X-XII Abnehmbare Veranda f\u00fcr APIMAT EXTRA Bienenstock"},"content":{"rendered":"<h3>VI-X-XII Abnehmbare Veranda f\u00fcr APIMAT EXTRA Bienenstock<\/h3>\n<p class=\"p2\"><b>BIENENSTOCK APIMAT<\/b><\/p>\n<p class=\"p2\"><b>&#8220;DIE K\u00d6NIGIN ALLER BIENENST\u00d6CKE&#8221;<\/b><\/p>\n<p>Diese Veranda wird mit speziellen Klammern fest an der Vorderseite des Bienenstocks befestigt, sodass sie schnell und in nur 5 Sekunden installiert werden kann. Au\u00dferdem kann dieser Schutz bei Bedarf in 5 Sekunden leicht wieder entfernt werden.<\/p>\n<p>Diese Vorrichtung wurde entwickelt, um die Bienenv\u00f6lker vor Witterungseinfl\u00fcssen wie Regen, Wind und Schnee zu sch\u00fctzen. Au\u00dferdem ist sie ideal f\u00fcr den Transport von Bienenv\u00f6lkern, da sie geschlossen werden kann, so dass die Bienen sicher nach drau\u00dfen gehen und sich bel\u00fcften k\u00f6nnen.<\/p>\n<div class='avia-iframe-wrap'><iframe loading=\"lazy\" title=\"Pr\u00e9sentation de 3 MOD\u00c8LES de RUCHES DADANT s\u00e9lectionn\u00e9s par Matteo D&#039;APIMAT - Des innovations !\" width=\"1500\" height=\"844\" src=\"https:\/\/www.youtube.com\/embed\/_pN-D7cWoU0?start=483&#038;feature=oembed\" frameborder=\"0\" allow=\"accelerometer; autoplay; clipboard-write; encrypted-media; gyroscope; picture-in-picture; web-share\" referrerpolicy=\"strict-origin-when-cross-origin\" allowfullscreen><\/iframe><\/div>\n<p class=\"p1\"><b>DIE PREISE SIND JE NACH MENGE DEGRESSIV.<\/b><\/p>\n<p class=\"p1\"><b>F\u00fcr weitere Informationen kontaktieren Sie mich bitte.<\/b><\/p>\n<p class=\"p2\"><span class=\"s1\"><a href=\"mailto:info@apimat.ch\"><b>info@apimat.ch<\/b><\/a><\/span><\/p>\n<p class=\"p1\"><b>Telefon: 076 213 80 33<\/b><\/p>\n","protected":false},"excerpt":{"rendered":"<p>VI-X-XII Abnehmbare Veranda f\u00fcr APIMAT EXTRA Bienenstock BIENENSTOCK APIMAT &#8220;DIE K\u00d6NIGIN ALLER BIENENST\u00d6CKE&#8221; Diese Veranda wird mit speziellen Klammern fest an der Vorderseite des Bienenstocks befestigt, sodass sie schnell und in nur 5 Sekunden installiert werden kann. Au\u00dferdem kann dieser Schutz bei Bedarf in 5 Sekunden leicht wieder entfernt werden. Diese Vorrichtung wurde entwickelt, um [&hellip;]<\/p>\n","protected":false},"featured_media":23561,"template":"","meta":{"_uf_show_specific_survey":0,"_uf_disable_surveys":false},"product_cat":[1013,101,102],"product_tag":[],"aioseo_notices":[],"_links":{"self":[{"href":"https:\/\/apimat.ch\/de\/wp-json\/wp\/v2\/product\/23651"}],"collection":[{"href":"https:\/\/apimat.ch\/de\/wp-json\/wp\/v2\/product"}],"about":[{"href":"https:\/\/apimat.ch\/de\/wp-json\/wp\/v2\/types\/product"}],"wp:featuredmedia":[{"embeddable":true,"href":"https:\/\/apimat.ch\/de\/wp-json\/wp\/v2\/media\/23561"}],"wp:attachment":[{"href":"https:\/\/apimat.ch\/de\/wp-json\/wp\/v2\/media?parent=23651"}],"wp:term":[{"taxonomy":"product_cat","embeddable":true,"href":"https:\/\/apimat.ch\/de\/wp-json\/wp\/v2\/product_cat?post=23651"},{"taxonomy":"product_tag","embeddable":true,"href":"https:\/\/apimat.ch\/de\/wp-json\/wp\/v2\/product_tag?post=23651"}],"curies":[{"name":"wp","href":"https:\/\/api.w.org\/{rel}","templated":true}]}}