{"id":23658,"date":"2023-04-29T07:21:33","date_gmt":"2023-04-30T08:46:00","guid":{"rendered":"https:\/\/apimat.ch\/?post_type=product&#038;p=23658"},"modified":"2024-06-24T17:17:36","modified_gmt":"2024-06-24T15:17:36","slug":"1-vi-x-xii-vordach-aus-laerche-fuer-bienenstock-imperia","status":"publish","type":"product","link":"https:\/\/apimat.ch\/de\/produit\/1-vi-x-xii-vordach-aus-laerche-fuer-bienenstock-imperia\/","title":{"rendered":"1 VI-X-XII Vordach aus L\u00e4rche f\u00fcr Bienenstock APIMAT EXTRA"},"content":{"rendered":"<h3>1 VI-X-XII Vordach aus L\u00e4rche f\u00fcr Bienenstock APIMAT EXTRA<\/h3>\n<p class=\"p2\"><b>BIENENSTOCK APIMAT<\/b><\/p>\n<p class=\"p2\"><b>&#8220;DIE K\u00d6NIGIN ALLER BIENENST\u00d6CKE&#8221;<\/b><\/p>\n<p>&nbsp;<\/p>\n<p>Das L\u00e4rchenholzdach f\u00fcr die IMPERIA-Bienenbeute ist ein praktisches und elegantes Zubeh\u00f6rteil, das entwickelt wurde, um Bienenv\u00f6lker vor schlechtem Wetter zu sch\u00fctzen. Hergestellt aus hochwertigem L\u00e4rchenholz, ist dieses Dach besonders widerstandsf\u00e4hig gegen schwierige Wetterbedingungen wie Regen, Schnee und UV-Strahlen der Sonne.<\/p>\n<p>Dank seiner Robustheit und einfachen Installation ist es eine ideale Wahl f\u00fcr professionelle und Hobby-Imker. Dar\u00fcber hinaus kann es f\u00fcr den Transport zusammengeklappt werden, um Platz zu sparen.<\/p>\n<div class='avia-iframe-wrap'><iframe loading=\"lazy\" title=\"Pr\u00e9sentation de 3 MOD\u00c8LES de RUCHES DADANT s\u00e9lectionn\u00e9s par Matteo D&#039;APIMAT - Des innovations !\" width=\"1500\" height=\"844\" src=\"https:\/\/www.youtube.com\/embed\/_pN-D7cWoU0?start=483&#038;feature=oembed\" frameborder=\"0\" allow=\"accelerometer; autoplay; clipboard-write; encrypted-media; gyroscope; picture-in-picture; web-share\" referrerpolicy=\"strict-origin-when-cross-origin\" allowfullscreen><\/iframe><\/div>\n<p class=\"p1\"><b>DIE PREISE SIND JE NACH MENGE DEGRESSIV.<\/b><\/p>\n<p class=\"p1\"><b>F\u00fcr weitere Informationen kontaktieren Sie mich bitte.<\/b><\/p>\n<p class=\"p2\"><span class=\"s1\"><a href=\"mailto:info@apimat.ch\"><b>info@apimat.ch<\/b><\/a><\/span><\/p>\n<p class=\"p1\"><b>Telefon: 076 213 80 33<\/b><\/p>\n","protected":false},"excerpt":{"rendered":"<p>1 VI-X-XII Vordach aus L\u00e4rche f\u00fcr Bienenstock APIMAT EXTRA BIENENSTOCK APIMAT &#8220;DIE K\u00d6NIGIN ALLER BIENENST\u00d6CKE&#8221; &nbsp; Das L\u00e4rchenholzdach f\u00fcr die IMPERIA-Bienenbeute ist ein praktisches und elegantes Zubeh\u00f6rteil, das entwickelt wurde, um Bienenv\u00f6lker vor schlechtem Wetter zu sch\u00fctzen. Hergestellt aus hochwertigem L\u00e4rchenholz, ist dieses Dach besonders widerstandsf\u00e4hig gegen schwierige Wetterbedingungen wie Regen, Schnee und UV-Strahlen der [&hellip;]<\/p>\n","protected":false},"featured_media":23565,"template":"","meta":{"_uf_show_specific_survey":0,"_uf_disable_surveys":false},"product_cat":[101,102],"product_tag":[],"aioseo_notices":[],"_links":{"self":[{"href":"https:\/\/apimat.ch\/de\/wp-json\/wp\/v2\/product\/23658"}],"collection":[{"href":"https:\/\/apimat.ch\/de\/wp-json\/wp\/v2\/product"}],"about":[{"href":"https:\/\/apimat.ch\/de\/wp-json\/wp\/v2\/types\/product"}],"wp:featuredmedia":[{"embeddable":true,"href":"https:\/\/apimat.ch\/de\/wp-json\/wp\/v2\/media\/23565"}],"wp:attachment":[{"href":"https:\/\/apimat.ch\/de\/wp-json\/wp\/v2\/media?parent=23658"}],"wp:term":[{"taxonomy":"product_cat","embeddable":true,"href":"https:\/\/apimat.ch\/de\/wp-json\/wp\/v2\/product_cat?post=23658"},{"taxonomy":"product_tag","embeddable":true,"href":"https:\/\/apimat.ch\/de\/wp-json\/wp\/v2\/product_tag?post=23658"}],"curies":[{"name":"wp","href":"https:\/\/api.w.org\/{rel}","templated":true}]}}