{"id":23665,"date":"2023-04-28T06:58:18","date_gmt":"2023-04-30T08:49:03","guid":{"rendered":"https:\/\/apimat.ch\/?post_type=product&#038;p=23665"},"modified":"2024-06-24T17:14:08","modified_gmt":"2024-06-24T15:14:08","slug":"1-apimat-x-premium-bienenstock-dadant-10","status":"publish","type":"product","link":"https:\/\/apimat.ch\/de\/produit\/1-apimat-x-premium-bienenstock-dadant-10\/","title":{"rendered":"1 APIMAT EXTRA X Bienenstock &#8211; Dadant 10"},"content":{"rendered":"<h3>APIMAT EXTRA X Bienenstock &#8211; Dadant 10 (Apimat Garantie von 3 Jahren)<\/h3>\n<h3 class=\"p1\"><strong>&#8220;DIE K\u00d6NIGIN ALLER BIENENST\u00d6CKE&#8221;<\/strong><\/h3>\n<p><strong>Komplett ausgestattetes Edelstahlsystem mit besonderen Kontrasten zwischen der Strenge der Technik und der Sanftheit des Holzes.<\/strong><\/p>\n<ul>\n<li>Das Stecksystem aller Komponenten reduziert die Verpropolisierung des Bienenstocks erheblich.<\/li>\n<li>Die Montage mit D\u00fcbeln gew\u00e4hrleistet eine optimale Widerstandsf\u00e4higkeit des Bienenstocks.<\/li>\n<li>Die Holzfasern sind seitlich vertikal angeordnet, um eine h\u00f6here Festigkeit zu gew\u00e4hrleisten.<\/li>\n<li>Eine dreischichtige Impr\u00e4gnierung sorgt f\u00fcr eine lange Lebensdauer des Bienenstocks.<\/li>\n<li>Der verst\u00e4rkte Boden aus Edelstahl und L\u00e4rche ist mit einem Edelstahl-Antivarroa-Gitter und einer Schublade f\u00fcr die Inspektion ausgestattet.<\/li>\n<li>Der K\u00f6rper des Bienenstocks ist so konzipiert, dass er die Entwicklung des Bienenvolks f\u00f6rdert, mit einem L\u00e4rchenband, das es erm\u00f6glicht, den Rahmen- oder Honigraumdeckel ohne Sch\u00e4den anzuheben.<\/li>\n<li>Das integrierte System zur Behandlung mit Oxals\u00e4ure durch Sublimation erleichtert die Verwaltung des Bienenstocks erheblich.<\/li>\n<li>Der EXTRA- oder TOP-Honigraum ist mit L\u00e4rchendetails ausgestattet, die eine optimale Widerstandsf\u00e4higkeit gew\u00e4hrleisten.<\/li>\n<li>Die Deckelplatte passt perfekt zum Bienenstockk\u00f6rper und verf\u00fcgt \u00fcber ein zentrales Loch zur F\u00fctterung.<\/li>\n<li>Das Dach aus Blech ist ein unverzichtbares Schutzelement f\u00fcr den Bienenstock.<\/li>\n<li>Verschiedene Edelstahl-Metallzubeh\u00f6rteile (abgerundete Spangen, Zwischenrahmenb\u00e4nder, gezackte Eingangst\u00fcr) erg\u00e4nzen die Funktionen des Bienenstocks und gew\u00e4hrleisten eine praktische und dauerhafte Verwendung.<\/li>\n<\/ul>\n<div class='avia-iframe-wrap'><iframe loading=\"lazy\" title=\"Pr\u00e9sentation de 3 MOD\u00c8LES de RUCHES DADANT s\u00e9lectionn\u00e9s par Matteo D&#039;APIMAT - Des innovations !\" width=\"1500\" height=\"844\" src=\"https:\/\/www.youtube.com\/embed\/_pN-D7cWoU0?start=483&#038;feature=oembed\" frameborder=\"0\" allow=\"accelerometer; autoplay; clipboard-write; encrypted-media; gyroscope; picture-in-picture; web-share\" referrerpolicy=\"strict-origin-when-cross-origin\" allowfullscreen><\/iframe><\/div>\n<h3>3-JAHRES-GARANTIE<\/h3>\n<h3>APIMAT verpflichtet sich, nach eigenem Ermessen das Produkt oder die defekten Teile, die zur Behebung des Material- oder Herstellungsfehlers erforderlich sind, zu reparieren oder zu ersetzen, wenn APIMAT nach einer Inspektion und nach Vorlage einer Kopie der Kaufrechnung den Fehler akzeptiert. Die Reparatur oder der Austausch des defekten Produkts oder der defekten Teile unterbricht nicht und setzt keine neue Garantiefrist in Gang. Die Versandkosten gehen zu Lasten des K\u00e4ufers.<\/h3>\n<p class=\"p2\"><b>DIE PREISE SIND JE NACH MENGE DEGRESSIV.<\/b><\/p>\n<p class=\"p2\"><b>F\u00fcr weitere Informationen kontaktieren Sie mich bitte.<\/b><\/p>\n<p class=\"p3\"><span class=\"s1\"><a href=\"mailto:info@apimat.ch\"><b>info@apimat.ch<\/b><\/a><\/span><\/p>\n<p class=\"p2\"><b>Telefon: 076 213 80 33<\/b><\/p>\n","protected":false},"excerpt":{"rendered":"<p>APIMAT EXTRA X Bienenstock &#8211; Dadant 10 (Apimat Garantie von 3 Jahren) &#8220;DIE K\u00d6NIGIN ALLER BIENENST\u00d6CKE&#8221; Komplett ausgestattetes Edelstahlsystem mit besonderen Kontrasten zwischen der Strenge der Technik und der Sanftheit des Holzes. Das Stecksystem aller Komponenten reduziert die Verpropolisierung des Bienenstocks erheblich. Die Montage mit D\u00fcbeln gew\u00e4hrleistet eine optimale Widerstandsf\u00e4higkeit des Bienenstocks. Die Holzfasern sind [&hellip;]<\/p>\n","protected":false},"featured_media":29600,"template":"","meta":{"_uf_show_specific_survey":0,"_uf_disable_surveys":false},"product_cat":[101],"product_tag":[],"aioseo_notices":[],"_links":{"self":[{"href":"https:\/\/apimat.ch\/de\/wp-json\/wp\/v2\/product\/23665"}],"collection":[{"href":"https:\/\/apimat.ch\/de\/wp-json\/wp\/v2\/product"}],"about":[{"href":"https:\/\/apimat.ch\/de\/wp-json\/wp\/v2\/types\/product"}],"wp:featuredmedia":[{"embeddable":true,"href":"https:\/\/apimat.ch\/de\/wp-json\/wp\/v2\/media\/29600"}],"wp:attachment":[{"href":"https:\/\/apimat.ch\/de\/wp-json\/wp\/v2\/media?parent=23665"}],"wp:term":[{"taxonomy":"product_cat","embeddable":true,"href":"https:\/\/apimat.ch\/de\/wp-json\/wp\/v2\/product_cat?post=23665"},{"taxonomy":"product_tag","embeddable":true,"href":"https:\/\/apimat.ch\/de\/wp-json\/wp\/v2\/product_tag?post=23665"}],"curies":[{"name":"wp","href":"https:\/\/api.w.org\/{rel}","templated":true}]}}