{"id":24728,"date":"2023-06-07T17:16:45","date_gmt":"2023-06-17T04:37:14","guid":{"rendered":"https:\/\/apimat.ch\/?post_type=product&#038;p=24728"},"modified":"2025-09-12T13:32:08","modified_gmt":"2025-09-12T11:32:08","slug":"instantvap-18v-akku-oxalsaeure-verdampfer-bis-zu-30-bienenstoecke-mit-einer-batterie","status":"publish","type":"product","link":"https:\/\/apimat.ch\/de\/produit\/instantvap-18v-akku-oxalsaeure-verdampfer-bis-zu-30-bienenstoecke-mit-einer-batterie\/","title":{"rendered":"InstantVap 18V ORIGINAL Akku Oxals\u00e4ure Verdampfer (25 Sekunden pro Volk)"},"content":{"rendered":"<h3><strong>InstantVap 18V Akku Oxals\u00e4ure Verdampfer &#8211; bis zu 30 Bienenst\u00f6cke mit einer Batterie<\/strong><\/h3>\n<h3>BATTERIE NICHT ENTHALTEN<\/h3>\n<p>Der Oxals\u00e4ureverdampfer ist gem\u00e4\u00df europ\u00e4ischen Standards zertifiziert.<\/p>\n<p>Dieser Verdampfer wurde entwickelt, um in Verbindung mit Batterien die Sublimation noch bequemer zu machen.<\/p>\n<p>Der moderne Erhitzungsprozess ist dank isoliertem Boiler und Rohr \u00e4u\u00dferst energieeffizient.<\/p>\n<p>Eine 4-Ah-Batterie kann je nach Au\u00dfentemperatur und der Menge an verdampfter Oxals\u00e4ure bis zu 18 Bienenst\u00f6cke sublimieren.<\/p>\n<p>Erh\u00e4ltlich mit den verschiedenen Batterieadaptern, die derzeit auf dem Markt erh\u00e4ltlich sind:<\/p>\n<ul>\n<li>\n<h3>Makita\u00ae LTX<\/h3>\n<\/li>\n<li>\n<h3>Parkside\u00ae X20 V-Team<\/h3>\n<\/li>\n<li>\n<h3>Einhell\u00ae Power X change<\/h3>\n<\/li>\n<li>\n<h3>Metabo\u00ae 18V<\/h3>\n<\/li>\n<li>\n<h3>Milwaukee\u00ae M18<\/h3>\n<\/li>\n<li>\n<h3>Bosch\u00ae GBA\/Procore 18V<\/h3>\n<\/li>\n<li>\n<h3>Dewalt\u00ae XR\/FlexVolt 18\/20 V<\/h3>\n<\/li>\n<li>\n<h3>AEG\u00ae<\/h3>\n<\/li>\n<li>\n<h3>Rigid\u00ae<\/h3>\n<\/li>\n<li>\n<h3>Hikoki\/Hitachi\u00ae<\/h3>\n<\/li>\n<\/ul>\n<div class='avia-iframe-wrap'><iframe loading=\"lazy\" title=\"The Best Vaporizer yet? Check out InstantVap!!\" width=\"1500\" height=\"844\" src=\"https:\/\/www.youtube.com\/embed\/7ZMngUjWicA?feature=oembed\" frameborder=\"0\" allow=\"accelerometer; autoplay; clipboard-write; encrypted-media; gyroscope; picture-in-picture; web-share\" referrerpolicy=\"strict-origin-when-cross-origin\" allowfullscreen><\/iframe><\/div>\n<div class='avia-iframe-wrap'><iframe loading=\"lazy\" title=\"How to clean the InstantVap\" width=\"1500\" height=\"844\" src=\"https:\/\/www.youtube.com\/embed\/fjSS-0ffonE?start=3&#038;feature=oembed\" frameborder=\"0\" allow=\"accelerometer; autoplay; clipboard-write; encrypted-media; gyroscope; picture-in-picture; web-share\" referrerpolicy=\"strict-origin-when-cross-origin\" allowfullscreen><\/iframe><\/div>\n<p>&nbsp;<\/p>\n<p>Schlie\u00dfen Sie die Batterie an das Ger\u00e4t an und warten Sie 5 Minuten, bis der Verdampfer aufgew\u00e4rmt ist.<\/p>\n<p>Platzieren Sie den Verdampfer vor dem Bienenstock, so dass das Ausgangsrohr auf den Ausgang des Bienenstocks zeigt. Dr\u00fccken Sie den Dosierer in die vorbereitete Oxals\u00e4ure, bis er voll ist. Stecken Sie den Dosierer in die obere \u00d6ffnung des Beh\u00e4lters und dr\u00fccken Sie den Knopf oben auf dem Dosierer.<\/p>\n<p>Die Temperatur wird w\u00e4hrend des Verdampfungsvorgangs um 10 bis 15 Grad fallen. Wenn die Temperatur zu steigen beginnt, ist dies ein Zeichen daf\u00fcr, dass die Oxals\u00e4ure verdampft wurde, und Sie k\u00f6nnen zum n\u00e4chsten Bienenstock \u00fcbergehen. Der Dosierer kann herausgenommen und nachgef\u00fcllt werden.<\/p>\n<p>Wenn die Arbeit beendet ist, trennen Sie die Batterie ab. Nach Abschluss des Vorgangs trennen Sie die Batterie ab und reinigen die Oxals\u00e4ure mit Wasser.<\/p>\n<h3>Batterieleistung:<\/h3>\n<h3>6 Ah = maximal 35 Bienenst\u00f6cke<\/h3>\n<h3>5 Ah = maximal 25 Bienenst\u00f6cke<\/h3>\n<h3>4 Ah = maximal 15 Bienenst\u00f6cke<\/h3>\n<h3>3 Ah = maximal 7 Bienenst\u00f6cke<\/h3>\n<h3>2 Ah = maximal 1 Bienenst\u00f6cke<\/h3>\n<p>&nbsp;<\/p>\n<p>WENN DAS GER\u00c4T SICH EINSCHALTET UND AUSSCHALTET UND DIE TEMPERATUR NICHT STEIGT, IST DAS EIN ANZEICHEN DAF\u00dcR, DASS DIE BATTERIE ENTLADEN IST. TRENEN SIE DIE BATTERIE AB UND ERSETZEN SIE SIE DURCH EINE VOLL AUFGELADENE BATTERIE.<\/p>\n<p>Achtung! Oxals\u00e4ure ist \u00e4u\u00dferst gef\u00e4hrlich f\u00fcr den menschlichen K\u00f6rper und sollte ohne Schutzausr\u00fcstung nicht verwendet werden!<\/p>\n<p class=\"p1\"><b>DIE PREISE SIND JE NACH MENGE DEGRESSIV.<\/b><\/p>\n<p class=\"p1\"><b>F\u00fcr weitere Informationen kontaktieren Sie mich bitte.<\/b><\/p>\n<p class=\"p2\"><span class=\"s1\"><a href=\"mailto:info@apimat.ch\"><b>info@apimat.ch<\/b><\/a><\/span><\/p>\n<p class=\"p1\"><b>Telefon: 076 213 80 33<\/b><\/p>\n<p>&nbsp;<\/p>\n","protected":false},"excerpt":{"rendered":"<p>InstantVap 18V Akku Oxals\u00e4ure Verdampfer &#8211; bis zu 30 Bienenst\u00f6cke mit einer Batterie BATTERIE NICHT ENTHALTEN Der Oxals\u00e4ureverdampfer ist gem\u00e4\u00df europ\u00e4ischen Standards zertifiziert. Dieser Verdampfer wurde entwickelt, um in Verbindung mit Batterien die Sublimation noch bequemer zu machen. Der moderne Erhitzungsprozess ist dank isoliertem Boiler und Rohr \u00e4u\u00dferst energieeffizient. Eine 4-Ah-Batterie kann je nach Au\u00dfentemperatur [&hellip;]<\/p>\n","protected":false},"featured_media":28034,"template":"","meta":{"_uf_show_specific_survey":0,"_uf_disable_surveys":false},"product_cat":[390],"product_tag":[],"aioseo_notices":[],"_links":{"self":[{"href":"https:\/\/apimat.ch\/de\/wp-json\/wp\/v2\/product\/24728"}],"collection":[{"href":"https:\/\/apimat.ch\/de\/wp-json\/wp\/v2\/product"}],"about":[{"href":"https:\/\/apimat.ch\/de\/wp-json\/wp\/v2\/types\/product"}],"wp:featuredmedia":[{"embeddable":true,"href":"https:\/\/apimat.ch\/de\/wp-json\/wp\/v2\/media\/28034"}],"wp:attachment":[{"href":"https:\/\/apimat.ch\/de\/wp-json\/wp\/v2\/media?parent=24728"}],"wp:term":[{"taxonomy":"product_cat","embeddable":true,"href":"https:\/\/apimat.ch\/de\/wp-json\/wp\/v2\/product_cat?post=24728"},{"taxonomy":"product_tag","embeddable":true,"href":"https:\/\/apimat.ch\/de\/wp-json\/wp\/v2\/product_tag?post=24728"}],"curies":[{"name":"wp","href":"https:\/\/api.w.org\/{rel}","templated":true}]}}