{"id":24826,"date":"2023-06-23T06:29:09","date_gmt":"2023-06-23T04:29:10","guid":{"rendered":"https:\/\/apimat.ch\/?post_type=product&#038;p=24826"},"modified":"2023-06-23T06:40:40","modified_gmt":"2023-06-23T04:40:40","slug":"bio-baginbox-10-kg","status":"publish","type":"product","link":"https:\/\/apimat.ch\/de\/produit\/bio-baginbox-10-kg\/","title":{"rendered":"BIO-BAGINBOX 10 KG"},"content":{"rendered":"<div class=\"content--title\">\n<div class=\"content--title\">Produktinformationen Bio-BagInBox 10 kg<\/div>\n<div class=\"product--description\">\n<ul>\n<li>BagInBox 20 kg \/ Beutel mit Ausguss<\/li>\n<li>rationell<\/li>\n<\/ul>\n<p>Hostettlers Futtersirup f\u00fcr Bienen aus\u00a0<strong>Bio-Knospe-Zucker<\/strong>\u00a0der\u00a0<strong>Schweizer Zucker AG<\/strong>.<\/p>\n<p><strong>Basispreise<\/strong><br \/>\nDer angegebene Basispreis (abz\u00fcglich Mengenrabatt) ist abgeholt ab Betrieb in Lenzburg.<br \/>\nAbgeholt ab Depot gilt der angegebene Basispreise (abz\u00fcglich Mengenrabatt) ab 4 Verpackungseinheiten pro Bezug.<br \/>\nAlle Verpackungseinheiten sind frei kombinierbar, und das \u00fcber alle Produkte und Verpackungen.<\/p>\n<p><strong>Mengenrabatte Sirup konventionell und Bio-Sirup<\/strong><br \/>\nDie Mengenrabatte gelten f\u00fcr Futtersirup konventionell und Bio-Futtersirup.\u00a0<strong>Mengenkumulation pro Kalenderjahr:<\/strong>\u00a0Sie k\u00f6nnen so oft Sie wollen, in beliebigen Mengen und Verpackungen Hostettlers Futtersirup und\/oder Bio-Futtersirup beziehen. Bei jedem neuen Bezug wird die Menge zur bereits bezogenen Menge hinzugez\u00e4hlt (pro Kalenderjahr). So kommen Sie automatisch in die h\u00f6here Rabattstufe. Alle Verpackungsgr\u00f6ssen sind dabei frei kombinierbar.<\/p>\n<p><strong>DIE PREISE SIND JE NACH MENGE DEGRESSIV.<\/strong><\/p>\n<\/div>\n<\/div>\n<p><strong>F\u00fcr weitere Informationen kontaktieren Sie mich bitte.<\/strong><\/p>\n<p><a href=\"mailto:info@apimat.ch\"><strong>info@apimat.ch<\/strong><\/a><\/p>\n<p><strong>Telefon: 076 213 80 33<\/strong><\/p>\n","protected":false},"excerpt":{"rendered":"<p>Produktinformationen Bio-BagInBox 10 kg BagInBox 20 kg \/ Beutel mit Ausguss rationell Hostettlers Futtersirup f\u00fcr Bienen aus\u00a0Bio-Knospe-Zucker\u00a0der\u00a0Schweizer Zucker AG. Basispreise Der angegebene Basispreis (abz\u00fcglich Mengenrabatt) ist abgeholt ab Betrieb in Lenzburg. Abgeholt ab Depot gilt der angegebene Basispreise (abz\u00fcglich Mengenrabatt) ab 4 Verpackungseinheiten pro Bezug. Alle Verpackungseinheiten sind frei kombinierbar, und das \u00fcber alle Produkte [&hellip;]<\/p>\n","protected":false},"featured_media":24838,"template":"","meta":{"_uf_show_specific_survey":0,"_uf_disable_surveys":false},"product_cat":[94],"product_tag":[],"aioseo_notices":[],"_links":{"self":[{"href":"https:\/\/apimat.ch\/de\/wp-json\/wp\/v2\/product\/24826"}],"collection":[{"href":"https:\/\/apimat.ch\/de\/wp-json\/wp\/v2\/product"}],"about":[{"href":"https:\/\/apimat.ch\/de\/wp-json\/wp\/v2\/types\/product"}],"wp:featuredmedia":[{"embeddable":true,"href":"https:\/\/apimat.ch\/de\/wp-json\/wp\/v2\/media\/24838"}],"wp:attachment":[{"href":"https:\/\/apimat.ch\/de\/wp-json\/wp\/v2\/media?parent=24826"}],"wp:term":[{"taxonomy":"product_cat","embeddable":true,"href":"https:\/\/apimat.ch\/de\/wp-json\/wp\/v2\/product_cat?post=24826"},{"taxonomy":"product_tag","embeddable":true,"href":"https:\/\/apimat.ch\/de\/wp-json\/wp\/v2\/product_tag?post=24826"}],"curies":[{"name":"wp","href":"https:\/\/api.w.org\/{rel}","templated":true}]}}