{"id":24863,"date":"2023-06-23T17:59:26","date_gmt":"2023-06-23T16:28:24","guid":{"rendered":"https:\/\/apimat.ch\/?post_type=product&#038;p=24863"},"modified":"2023-06-23T18:29:22","modified_gmt":"2023-06-23T16:29:22","slug":"quadri-hive-4er-futterzarge","status":"publish","type":"product","link":"https:\/\/apimat.ch\/de\/produit\/quadri-hive-4er-futterzarge\/","title":{"rendered":"QUADRI-HIVE &#8211; 4er Futterzarge"},"content":{"rendered":"<p>QUADRI-HIVE &#8211; 4er Futterzarge<\/p>\n<p>Entwickelt, um die Bewohner des Bienenstocks sowohl mit Sirup (sieht einen Anti-Ertrinkungswinkel vor) als auch mit fester Nahrung (ohne Winkel) zu f\u00fcttern.<\/p>\n<p>QUADRI-HIVE komplett mit Boden, Nest, Edelstahl- und PVC-Trennw\u00e4nden, F\u00fctterungen, D\u00e4chern und 12 Miniplus-Rahmen, die ineinander geschoben werden k\u00f6nnen.<\/p>\n<div class='avia-iframe-wrap'><iframe loading=\"lazy\" title=\"P-HIVE: LA RUCHE EN POLYSTYR\u00c8NE QUI FAIT AVANCER L\u2019APICULTURE VERS L\u2019AVENIR.\" width=\"1500\" height=\"844\" src=\"https:\/\/www.youtube.com\/embed\/zaXSGsmqa78?feature=oembed\" frameborder=\"0\" allow=\"accelerometer; autoplay; clipboard-write; encrypted-media; gyroscope; picture-in-picture; web-share\" allowfullscreen><\/iframe><\/div>\n<p class=\"p1\"><b>DIE PREISE SIND JE NACH MENGE DEGRESSIV.<\/b><\/p>\n<p class=\"p1\"><b>F\u00fcr weitere Informationen kontaktieren Sie mich bitte.<\/b><\/p>\n<p class=\"p2\"><span class=\"s1\"><a href=\"mailto:info@apimat.ch\"><b>info@apimat.ch<\/b><\/a><\/span><\/p>\n<p class=\"p1\"><b>Telefon: 076 213 80 33<\/b><\/p>\n","protected":false},"excerpt":{"rendered":"<p>QUADRI-HIVE &#8211; 4er Futterzarge Entwickelt, um die Bewohner des Bienenstocks sowohl mit Sirup (sieht einen Anti-Ertrinkungswinkel vor) als auch mit fester Nahrung (ohne Winkel) zu f\u00fcttern. QUADRI-HIVE komplett mit Boden, Nest, Edelstahl- und PVC-Trennw\u00e4nden, F\u00fctterungen, D\u00e4chern und 12 Miniplus-Rahmen, die ineinander geschoben werden k\u00f6nnen. DIE PREISE SIND JE NACH MENGE DEGRESSIV. F\u00fcr weitere Informationen kontaktieren [&hellip;]<\/p>\n","protected":false},"featured_media":24846,"template":"","meta":{"_uf_show_specific_survey":0,"_uf_disable_surveys":false},"product_cat":[378],"product_tag":[],"aioseo_notices":[],"_links":{"self":[{"href":"https:\/\/apimat.ch\/de\/wp-json\/wp\/v2\/product\/24863"}],"collection":[{"href":"https:\/\/apimat.ch\/de\/wp-json\/wp\/v2\/product"}],"about":[{"href":"https:\/\/apimat.ch\/de\/wp-json\/wp\/v2\/types\/product"}],"wp:featuredmedia":[{"embeddable":true,"href":"https:\/\/apimat.ch\/de\/wp-json\/wp\/v2\/media\/24846"}],"wp:attachment":[{"href":"https:\/\/apimat.ch\/de\/wp-json\/wp\/v2\/media?parent=24863"}],"wp:term":[{"taxonomy":"product_cat","embeddable":true,"href":"https:\/\/apimat.ch\/de\/wp-json\/wp\/v2\/product_cat?post=24863"},{"taxonomy":"product_tag","embeddable":true,"href":"https:\/\/apimat.ch\/de\/wp-json\/wp\/v2\/product_tag?post=24863"}],"curies":[{"name":"wp","href":"https:\/\/api.w.org\/{rel}","templated":true}]}}