{"id":24876,"date":"2023-06-23T18:39:05","date_gmt":"2023-06-23T16:42:00","guid":{"rendered":"https:\/\/apimat.ch\/?post_type=product&#038;p=24876"},"modified":"2023-06-23T18:42:00","modified_gmt":"2023-06-23T16:42:00","slug":"quadri-hive-pvc-4-stueck","status":"publish","type":"product","link":"https:\/\/apimat.ch\/de\/produit\/quadri-hive-pvc-4-stueck\/","title":{"rendered":"QUADRI-HIVE PVC 4 St\u00fcck"},"content":{"rendered":"<div class=\"wpb_text_column wpb_content_element  vc_custom_1669284016688\">\n<div class=\"wpb_wrapper\">\n<p>Das PVC am Rand des Bienenstocks verhindert die Bildung von Wachsbr\u00fccken zwischen den R\u00e4hmchen und dem oberen Element. Es macht\u00a0zudem den Kontakt zwischen verschiedenen Familien beim \u00d6ffnen der Quadri-Hive- und Poly-Hive-Befruchtungsbienenst\u00f6cke (in der Version PVC Quadri-Hive) unm\u00f6glich.<\/p>\n<\/div>\n<\/div>\n<div class=\"img-with-aniamtion-wrap \" data-max-width=\"100%\" data-max-width-mobile=\"default\" data-shadow=\"none\" data-animation=\"fade-in\">\n<div class=\"inner\">\n<div class=\"hover-wrap\">\n<div class=\"hover-wrap-inner\">\n<p>&nbsp;<\/p>\n<div class='avia-iframe-wrap'><iframe loading=\"lazy\" title=\"P-HIVE: LA RUCHE EN POLYSTYR\u00c8NE QUI FAIT AVANCER L\u2019APICULTURE VERS L\u2019AVENIR.\" width=\"1500\" height=\"844\" src=\"https:\/\/www.youtube.com\/embed\/zaXSGsmqa78?feature=oembed\" frameborder=\"0\" allow=\"accelerometer; autoplay; clipboard-write; encrypted-media; gyroscope; picture-in-picture; web-share\" allowfullscreen><\/iframe><\/div>\n<p class=\"p1\"><b>DIE PREISE SIND JE NACH MENGE DEGRESSIV.<\/b><\/p>\n<p class=\"p1\"><b>F\u00fcr weitere Informationen kontaktieren Sie mich bitte.<\/b><\/p>\n<p class=\"p2\"><span class=\"s1\"><a href=\"mailto:info@apimat.ch\"><b>info@apimat.ch<\/b><\/a><\/span><\/p>\n<p class=\"p1\"><b>Telefon: 076 213 80 33<\/b><\/p>\n<\/div>\n<\/div>\n<\/div>\n<\/div>\n","protected":false},"excerpt":{"rendered":"<p>Das PVC am Rand des Bienenstocks verhindert die Bildung von Wachsbr\u00fccken zwischen den R\u00e4hmchen und dem oberen Element. Es macht\u00a0zudem den Kontakt zwischen verschiedenen Familien beim \u00d6ffnen der Quadri-Hive- und Poly-Hive-Befruchtungsbienenst\u00f6cke (in der Version PVC Quadri-Hive) unm\u00f6glich. &nbsp; DIE PREISE SIND JE NACH MENGE DEGRESSIV. F\u00fcr weitere Informationen kontaktieren Sie mich bitte. info@apimat.ch Telefon: 076 [&hellip;]<\/p>\n","protected":false},"featured_media":24873,"template":"","meta":{"_uf_show_specific_survey":0,"_uf_disable_surveys":false},"product_cat":[378],"product_tag":[],"aioseo_notices":[],"_links":{"self":[{"href":"https:\/\/apimat.ch\/de\/wp-json\/wp\/v2\/product\/24876"}],"collection":[{"href":"https:\/\/apimat.ch\/de\/wp-json\/wp\/v2\/product"}],"about":[{"href":"https:\/\/apimat.ch\/de\/wp-json\/wp\/v2\/types\/product"}],"wp:featuredmedia":[{"embeddable":true,"href":"https:\/\/apimat.ch\/de\/wp-json\/wp\/v2\/media\/24873"}],"wp:attachment":[{"href":"https:\/\/apimat.ch\/de\/wp-json\/wp\/v2\/media?parent=24876"}],"wp:term":[{"taxonomy":"product_cat","embeddable":true,"href":"https:\/\/apimat.ch\/de\/wp-json\/wp\/v2\/product_cat?post=24876"},{"taxonomy":"product_tag","embeddable":true,"href":"https:\/\/apimat.ch\/de\/wp-json\/wp\/v2\/product_tag?post=24876"}],"curies":[{"name":"wp","href":"https:\/\/api.w.org\/{rel}","templated":true}]}}