{"id":25511,"date":"2023-07-29T07:07:23","date_gmt":"2023-07-29T05:16:23","guid":{"rendered":"https:\/\/apimat.ch\/?post_type=product&#038;p=25511"},"modified":"2023-08-01T14:44:00","modified_gmt":"2023-08-01T12:44:00","slug":"schwenkkappen-kit-fuer-sublimox-apf-plus-neues-zubehoer","status":"publish","type":"product","link":"https:\/\/apimat.ch\/de\/produit\/schwenkkappen-kit-fuer-sublimox-apf-plus-neues-zubehoer\/","title":{"rendered":"Schwenkkappen-Kit f\u00fcr Sublimox apf-plus &#8211; neues Zubeh\u00f6r"},"content":{"rendered":"<p>Schwenkkappen-Kit f\u00fcr Sublimox apf-plus &#8211; neues Zubeh\u00f6r<\/p>\n<p>Vorteile:<\/p>\n<ul>\n<li>Schneller und einfacher<\/li>\n<li>Die Oxals\u00e4ure wird vollst\u00e4ndig sublimiert, ohne R\u00fcckst\u00e4nde zu hinterlassen, wie es bei Standardkappen der Fall ist<\/li>\n<li>Kein Dichtungsproblem<\/li>\n<\/ul>\n<div class='avia-iframe-wrap'><iframe loading=\"lazy\" title=\"Kit de bouchon basculant pour Sublimox - nouvel accessoire\" width=\"1500\" height=\"844\" src=\"https:\/\/www.youtube.com\/embed\/QqACt0SPBY4?feature=oembed\" frameborder=\"0\" allow=\"accelerometer; autoplay; clipboard-write; encrypted-media; gyroscope; picture-in-picture; web-share\" allowfullscreen><\/iframe><\/div>\n<p>&nbsp;<\/p>\n<p class=\"p2\"><b>DIE PREISE SIND JE NACH MENGE DEGRESSIV.<\/b><\/p>\n<p class=\"p2\"><b>F\u00fcr weitere Informationen kontaktieren Sie mich bitte.<\/b><\/p>\n<p class=\"p3\"><span class=\"s1\"><a href=\"mailto:info@apimat.ch\"><b>info@apimat.ch<\/b><\/a><\/span><\/p>\n<p class=\"p2\"><b>Telefon: 076 213 80 33<\/b><\/p>\n","protected":false},"excerpt":{"rendered":"<p>Schwenkkappen-Kit f\u00fcr Sublimox apf-plus &#8211; neues Zubeh\u00f6r Vorteile: Schneller und einfacher Die Oxals\u00e4ure wird vollst\u00e4ndig sublimiert, ohne R\u00fcckst\u00e4nde zu hinterlassen, wie es bei Standardkappen der Fall ist Kein Dichtungsproblem &nbsp; DIE PREISE SIND JE NACH MENGE DEGRESSIV. F\u00fcr weitere Informationen kontaktieren Sie mich bitte. info@apimat.ch Telefon: 076 213 80 33<\/p>\n","protected":false},"featured_media":25503,"template":"","meta":{"_uf_show_specific_survey":0,"_uf_disable_surveys":false},"product_cat":[390],"product_tag":[],"aioseo_notices":[],"_links":{"self":[{"href":"https:\/\/apimat.ch\/de\/wp-json\/wp\/v2\/product\/25511"}],"collection":[{"href":"https:\/\/apimat.ch\/de\/wp-json\/wp\/v2\/product"}],"about":[{"href":"https:\/\/apimat.ch\/de\/wp-json\/wp\/v2\/types\/product"}],"wp:featuredmedia":[{"embeddable":true,"href":"https:\/\/apimat.ch\/de\/wp-json\/wp\/v2\/media\/25503"}],"wp:attachment":[{"href":"https:\/\/apimat.ch\/de\/wp-json\/wp\/v2\/media?parent=25511"}],"wp:term":[{"taxonomy":"product_cat","embeddable":true,"href":"https:\/\/apimat.ch\/de\/wp-json\/wp\/v2\/product_cat?post=25511"},{"taxonomy":"product_tag","embeddable":true,"href":"https:\/\/apimat.ch\/de\/wp-json\/wp\/v2\/product_tag?post=25511"}],"curies":[{"name":"wp","href":"https:\/\/api.w.org\/{rel}","templated":true}]}}