{"id":25529,"date":"2023-07-29T07:54:39","date_gmt":"2023-07-29T05:59:07","guid":{"rendered":"https:\/\/apimat.ch\/?post_type=product&#038;p=25529"},"modified":"2023-07-29T07:59:07","modified_gmt":"2023-07-29T05:59:07","slug":"silikonkappe-zur-reinigung-2-stueck-pack","status":"publish","type":"product","link":"https:\/\/apimat.ch\/de\/produit\/silikonkappe-zur-reinigung-2-stueck-pack\/","title":{"rendered":"Silikonkappe zur Reinigung ( 2 St\u00fcck\/Pack )"},"content":{"rendered":"<p>Hitzebest\u00e4ndige Silikonkappe zur Reinigung der InstantVap-Sublimatoren nach dem Gebrauch.<\/p>\n<p>Nur mit Handschuhen und Maske zu verwenden!<\/p>\n<p>Bei der Reinigung entweichen Reste von Oxals\u00e4uredampf!<\/p>\n<p>Nicht verwenden, wenn das Ger\u00e4t verstopft ist!<\/p>\n<p>Bei der Reinigung entsteht im Ger\u00e4t ein \u00dcberdruck!<\/p>\n<p>Vorsicht, Verbrennungsgefahr!<\/p>\n<p>Inhalt: 2 St\u00fcck Silikonbecher<\/p>\n<div class='avia-iframe-wrap'><iframe loading=\"lazy\" title=\"Cleaning InstantVap vaporizer after use\" width=\"1500\" height=\"844\" src=\"https:\/\/www.youtube.com\/embed\/R5T8-Pk7e0c?start=7&#038;feature=oembed\" frameborder=\"0\" allow=\"accelerometer; autoplay; clipboard-write; encrypted-media; gyroscope; picture-in-picture; web-share\" allowfullscreen><\/iframe><\/div>\n<p class=\"p1\"><b>DIE PREISE SIND JE NACH MENGE DEGRESSIV.<\/b><\/p>\n<p class=\"p1\"><b>F\u00fcr weitere Informationen kontaktieren Sie mich bitte.<\/b><\/p>\n<p class=\"p2\"><span class=\"s1\"><a href=\"mailto:info@apimat.ch\"><b>info@apimat.ch<\/b><\/a><\/span><\/p>\n<p class=\"p1\"><b>Telefon: 076 213 80 33<\/b><\/p>\n","protected":false},"excerpt":{"rendered":"<p>Hitzebest\u00e4ndige Silikonkappe zur Reinigung der InstantVap-Sublimatoren nach dem Gebrauch. Nur mit Handschuhen und Maske zu verwenden! Bei der Reinigung entweichen Reste von Oxals\u00e4uredampf! Nicht verwenden, wenn das Ger\u00e4t verstopft ist! Bei der Reinigung entsteht im Ger\u00e4t ein \u00dcberdruck! Vorsicht, Verbrennungsgefahr! Inhalt: 2 St\u00fcck Silikonbecher DIE PREISE SIND JE NACH MENGE DEGRESSIV. F\u00fcr weitere Informationen kontaktieren [&hellip;]<\/p>\n","protected":false},"featured_media":25527,"template":"","meta":{"_uf_show_specific_survey":0,"_uf_disable_surveys":false},"product_cat":[390],"product_tag":[],"aioseo_notices":[],"_links":{"self":[{"href":"https:\/\/apimat.ch\/de\/wp-json\/wp\/v2\/product\/25529"}],"collection":[{"href":"https:\/\/apimat.ch\/de\/wp-json\/wp\/v2\/product"}],"about":[{"href":"https:\/\/apimat.ch\/de\/wp-json\/wp\/v2\/types\/product"}],"wp:featuredmedia":[{"embeddable":true,"href":"https:\/\/apimat.ch\/de\/wp-json\/wp\/v2\/media\/25527"}],"wp:attachment":[{"href":"https:\/\/apimat.ch\/de\/wp-json\/wp\/v2\/media?parent=25529"}],"wp:term":[{"taxonomy":"product_cat","embeddable":true,"href":"https:\/\/apimat.ch\/de\/wp-json\/wp\/v2\/product_cat?post=25529"},{"taxonomy":"product_tag","embeddable":true,"href":"https:\/\/apimat.ch\/de\/wp-json\/wp\/v2\/product_tag?post=25529"}],"curies":[{"name":"wp","href":"https:\/\/api.w.org\/{rel}","templated":true}]}}