{"id":25539,"date":"2023-07-29T08:09:37","date_gmt":"2023-07-29T06:37:33","guid":{"rendered":"https:\/\/apimat.ch\/?post_type=product&#038;p=25539"},"modified":"2023-07-29T08:37:34","modified_gmt":"2023-07-29T06:37:34","slug":"isolierhuelle-aus-silikon-1-stueck","status":"publish","type":"product","link":"https:\/\/apimat.ch\/de\/produit\/isolierhuelle-aus-silikon-1-stueck\/","title":{"rendered":"Isolierh\u00fclle aus Silikon, 1 St\u00fcck"},"content":{"rendered":"<p>Erh\u00f6ht die Effektivit\u00e4t des InstantVap Vaporizers!<\/p>\n<p>Weniger W\u00e4rmeverlust.<\/p>\n<p>Saubereres Ger\u00e4t, da es die abfallende Oxals\u00e4ure auff\u00e4ngt.<\/p>\n<p>Entfernen Sie den Dispenser und dr\u00fccken Sie dann den Verdampfer durch den Dispenserschlauch fest an! Das Silikon muss fest auf das Ger\u00e4t gepresst werden, so dass darunter kein Spalt bleibt! Die Silikonh\u00fclle kann nach dem Gebrauch auf dem Ger\u00e4t belassen werden, sie muss nicht entfernt werden.<\/p>\n<p class=\"p1\"><b>DIE PREISE SIND JE NACH MENGE DEGRESSIV.<\/b><\/p>\n<p class=\"p1\"><b>F\u00fcr weitere Informationen kontaktieren Sie mich bitte.<\/b><\/p>\n<p class=\"p2\"><span class=\"s1\"><a href=\"mailto:info@apimat.ch\"><b>info@apimat.ch<\/b><\/a><\/span><\/p>\n<p class=\"p1\"><b>Telefon: 076 213 80 33<\/b><\/p>\n","protected":false},"excerpt":{"rendered":"<p>Erh\u00f6ht die Effektivit\u00e4t des InstantVap Vaporizers! Weniger W\u00e4rmeverlust. Saubereres Ger\u00e4t, da es die abfallende Oxals\u00e4ure auff\u00e4ngt. Entfernen Sie den Dispenser und dr\u00fccken Sie dann den Verdampfer durch den Dispenserschlauch fest an! Das Silikon muss fest auf das Ger\u00e4t gepresst werden, so dass darunter kein Spalt bleibt! Die Silikonh\u00fclle kann nach dem Gebrauch auf dem Ger\u00e4t [&hellip;]<\/p>\n","protected":false},"featured_media":25536,"template":"","meta":{"_uf_show_specific_survey":0,"_uf_disable_surveys":false},"product_cat":[390],"product_tag":[],"aioseo_notices":[],"_links":{"self":[{"href":"https:\/\/apimat.ch\/de\/wp-json\/wp\/v2\/product\/25539"}],"collection":[{"href":"https:\/\/apimat.ch\/de\/wp-json\/wp\/v2\/product"}],"about":[{"href":"https:\/\/apimat.ch\/de\/wp-json\/wp\/v2\/types\/product"}],"wp:featuredmedia":[{"embeddable":true,"href":"https:\/\/apimat.ch\/de\/wp-json\/wp\/v2\/media\/25536"}],"wp:attachment":[{"href":"https:\/\/apimat.ch\/de\/wp-json\/wp\/v2\/media?parent=25539"}],"wp:term":[{"taxonomy":"product_cat","embeddable":true,"href":"https:\/\/apimat.ch\/de\/wp-json\/wp\/v2\/product_cat?post=25539"},{"taxonomy":"product_tag","embeddable":true,"href":"https:\/\/apimat.ch\/de\/wp-json\/wp\/v2\/product_tag?post=25539"}],"curies":[{"name":"wp","href":"https:\/\/api.w.org\/{rel}","templated":true}]}}