{"id":25555,"date":"2023-07-29T12:31:47","date_gmt":"2023-07-29T11:43:59","guid":{"rendered":"https:\/\/apimat.ch\/?post_type=product&#038;p=25555"},"modified":"2023-07-29T13:43:59","modified_gmt":"2023-07-29T11:43:59","slug":"konische-silikonisolierung-fuer-polyfoam-bienenstoecke-5-stueck-pack","status":"publish","type":"product","link":"https:\/\/apimat.ch\/de\/produit\/konische-silikonisolierung-fuer-polyfoam-bienenstoecke-5-stueck-pack\/","title":{"rendered":"Konische Silikonisolierung f\u00fcr Polyfoam-Bienenst\u00f6cke ( 5 St\u00fcck\/Pack )"},"content":{"rendered":"<p>Konische Silikonisolierung f\u00fcr Polyfoam-Bienenst\u00f6cke ( 5 St\u00fcck\/Pack )<\/p>\n<p>Silikonisolierung f\u00fcr Polyschaumbeuten (5 St.\/Pack)<\/p>\n<p>Hitzebest\u00e4ndiges Silikon zur Isolierung des Auslassrohrs.<\/p>\n<p>N\u00fctzliche Erg\u00e4nzung f\u00fcr Polybeuten.<\/p>\n<p>Das Ende des Silikons muss so zugeschnitten sein, dass es nicht \u00fcber das Abflussrohr hinausragt!<\/p>\n<p>Wenn es \u00fcbersteht, kann die Oxals\u00e4ure am Ende des Abflussrohrs auskristallisieren.<\/p>\n<p>Inhalt: 5 St. Silikonisolierung pro Packung.<\/p>\n<p>Farbe variiert!<\/p>\n<p>&nbsp;<\/p>\n<p class=\"p2\"><b>DIE PREISE SIND JE NACH MENGE DEGRESSIV.<\/b><\/p>\n<p class=\"p2\"><b>F\u00fcr weitere Informationen kontaktieren Sie mich bitte.<\/b><\/p>\n<p class=\"p3\"><span class=\"s1\"><a href=\"mailto:info@apimat.ch\"><b>info@apimat.ch<\/b><\/a><\/span><\/p>\n<p class=\"p2\"><b>Telefon: 076 213 80 33<\/b><\/p>\n","protected":false},"excerpt":{"rendered":"<p>Konische Silikonisolierung f\u00fcr Polyfoam-Bienenst\u00f6cke ( 5 St\u00fcck\/Pack ) Silikonisolierung f\u00fcr Polyschaumbeuten (5 St.\/Pack) Hitzebest\u00e4ndiges Silikon zur Isolierung des Auslassrohrs. N\u00fctzliche Erg\u00e4nzung f\u00fcr Polybeuten. Das Ende des Silikons muss so zugeschnitten sein, dass es nicht \u00fcber das Abflussrohr hinausragt! Wenn es \u00fcbersteht, kann die Oxals\u00e4ure am Ende des Abflussrohrs auskristallisieren. Inhalt: 5 St. Silikonisolierung pro Packung. [&hellip;]<\/p>\n","protected":false},"featured_media":28028,"template":"","meta":{"_uf_show_specific_survey":0,"_uf_disable_surveys":false},"product_cat":[390],"product_tag":[],"aioseo_notices":[],"_links":{"self":[{"href":"https:\/\/apimat.ch\/de\/wp-json\/wp\/v2\/product\/25555"}],"collection":[{"href":"https:\/\/apimat.ch\/de\/wp-json\/wp\/v2\/product"}],"about":[{"href":"https:\/\/apimat.ch\/de\/wp-json\/wp\/v2\/types\/product"}],"wp:featuredmedia":[{"embeddable":true,"href":"https:\/\/apimat.ch\/de\/wp-json\/wp\/v2\/media\/28028"}],"wp:attachment":[{"href":"https:\/\/apimat.ch\/de\/wp-json\/wp\/v2\/media?parent=25555"}],"wp:term":[{"taxonomy":"product_cat","embeddable":true,"href":"https:\/\/apimat.ch\/de\/wp-json\/wp\/v2\/product_cat?post=25555"},{"taxonomy":"product_tag","embeddable":true,"href":"https:\/\/apimat.ch\/de\/wp-json\/wp\/v2\/product_tag?post=25555"}],"curies":[{"name":"wp","href":"https:\/\/api.w.org\/{rel}","templated":true}]}}