{"id":25559,"date":"2023-07-29T13:34:54","date_gmt":"2023-07-29T11:50:14","guid":{"rendered":"https:\/\/apimat.ch\/?post_type=product&#038;p=25559"},"modified":"2023-07-29T13:50:15","modified_gmt":"2023-07-29T11:50:15","slug":"silikon-isolierschlauch-fuer-polyfoam-bienenstoecke-10-stueck-pack","status":"publish","type":"product","link":"https:\/\/apimat.ch\/de\/produit\/silikon-isolierschlauch-fuer-polyfoam-bienenstoecke-10-stueck-pack\/","title":{"rendered":"Silikon-Isolierschlauch f\u00fcr Polyfoam-Bienenst\u00f6cke ( 10 St\u00fcck\/Pack )"},"content":{"rendered":"<p>Silikon-Isolierschlauch f\u00fcr Polyfoam-Bienenst\u00f6cke ( 10 St\u00fcck\/Pack )<\/p>\n<p>Hitzebest\u00e4ndiges Silikon zur Isolierung von Abflussrohren.<\/p>\n<p>N\u00fctzliche Erg\u00e4nzung f\u00fcr Polybeuten.<\/p>\n<p>Auf Ma\u00df schneiden.<\/p>\n<p>Inhalt: 10 St. Silikonisolierung pro Packung.<\/p>\n<p class=\"p2\"><b>DIE PREISE SIND JE NACH MENGE DEGRESSIV.<\/b><\/p>\n<p class=\"p2\"><b>F\u00fcr weitere Informationen kontaktieren Sie mich bitte.<\/b><\/p>\n<p class=\"p3\"><span class=\"s1\"><a href=\"mailto:info@apimat.ch\"><b>info@apimat.ch<\/b><\/a><\/span><\/p>\n<p class=\"p2\"><b>Telefon: 076 213 80 33<\/b><\/p>\n","protected":false},"excerpt":{"rendered":"<p>Silikon-Isolierschlauch f\u00fcr Polyfoam-Bienenst\u00f6cke ( 10 St\u00fcck\/Pack ) Hitzebest\u00e4ndiges Silikon zur Isolierung von Abflussrohren. N\u00fctzliche Erg\u00e4nzung f\u00fcr Polybeuten. Auf Ma\u00df schneiden. Inhalt: 10 St. Silikonisolierung pro Packung. DIE PREISE SIND JE NACH MENGE DEGRESSIV. F\u00fcr weitere Informationen kontaktieren Sie mich bitte. info@apimat.ch Telefon: 076 213 80 33<\/p>\n","protected":false},"featured_media":25548,"template":"","meta":{"_uf_show_specific_survey":0,"_uf_disable_surveys":false},"product_cat":[390],"product_tag":[],"aioseo_notices":[],"_links":{"self":[{"href":"https:\/\/apimat.ch\/de\/wp-json\/wp\/v2\/product\/25559"}],"collection":[{"href":"https:\/\/apimat.ch\/de\/wp-json\/wp\/v2\/product"}],"about":[{"href":"https:\/\/apimat.ch\/de\/wp-json\/wp\/v2\/types\/product"}],"wp:featuredmedia":[{"embeddable":true,"href":"https:\/\/apimat.ch\/de\/wp-json\/wp\/v2\/media\/25548"}],"wp:attachment":[{"href":"https:\/\/apimat.ch\/de\/wp-json\/wp\/v2\/media?parent=25559"}],"wp:term":[{"taxonomy":"product_cat","embeddable":true,"href":"https:\/\/apimat.ch\/de\/wp-json\/wp\/v2\/product_cat?post=25559"},{"taxonomy":"product_tag","embeddable":true,"href":"https:\/\/apimat.ch\/de\/wp-json\/wp\/v2\/product_tag?post=25559"}],"curies":[{"name":"wp","href":"https:\/\/api.w.org\/{rel}","templated":true}]}}