{"id":25587,"date":"2023-07-29T16:07:49","date_gmt":"2023-07-29T14:31:34","guid":{"rendered":"https:\/\/apimat.ch\/?post_type=product&#038;p=25587"},"modified":"2023-07-29T16:43:46","modified_gmt":"2023-07-29T14:43:46","slug":"ersatztuch-fuer-professionellen-nassenheider-diffusor","status":"publish","type":"product","link":"https:\/\/apimat.ch\/de\/produit\/ersatztuch-fuer-professionellen-nassenheider-diffusor\/","title":{"rendered":"Ersatztuch f\u00fcr professionellen Nassenheider-Diffusor"},"content":{"rendered":"<p>Ersatztuch f\u00fcr professionellen Nassenheider-Diffusor<\/p>\n<p>Ersatzschwamm f\u00fcr den Profi-Verdampfer, da die saugf\u00e4higen Schw\u00e4mme, die Ameisens\u00e4ure aufnehmen, regelm\u00e4\u00dfig ausgetauscht werden m\u00fcssen.<\/p>\n<p>Abmessungen: 19,5 cm x 32 cm<\/p>\n<p class=\"p1\"><b>DIE PREISE SIND JE NACH MENGE DEGRESSIV.<\/b><\/p>\n<p class=\"p1\"><b>F\u00fcr weitere Informationen kontaktieren Sie mich bitte.<\/b><\/p>\n<p class=\"p2\"><span class=\"s1\"><a href=\"mailto:info@apimat.ch\"><b>info@apimat.ch<\/b><\/a><\/span><\/p>\n<p class=\"p1\"><b>Telefon: 076 213 80 33<\/b><\/p>\n","protected":false},"excerpt":{"rendered":"<p>Ersatztuch f\u00fcr professionellen Nassenheider-Diffusor Ersatzschwamm f\u00fcr den Profi-Verdampfer, da die saugf\u00e4higen Schw\u00e4mme, die Ameisens\u00e4ure aufnehmen, regelm\u00e4\u00dfig ausgetauscht werden m\u00fcssen. Abmessungen: 19,5 cm x 32 cm DIE PREISE SIND JE NACH MENGE DEGRESSIV. F\u00fcr weitere Informationen kontaktieren Sie mich bitte. info@apimat.ch Telefon: 076 213 80 33<\/p>\n","protected":false},"featured_media":25571,"template":"","meta":{"_uf_show_specific_survey":0,"_uf_disable_surveys":false},"product_cat":[390],"product_tag":[],"aioseo_notices":[],"_links":{"self":[{"href":"https:\/\/apimat.ch\/de\/wp-json\/wp\/v2\/product\/25587"}],"collection":[{"href":"https:\/\/apimat.ch\/de\/wp-json\/wp\/v2\/product"}],"about":[{"href":"https:\/\/apimat.ch\/de\/wp-json\/wp\/v2\/types\/product"}],"wp:featuredmedia":[{"embeddable":true,"href":"https:\/\/apimat.ch\/de\/wp-json\/wp\/v2\/media\/25571"}],"wp:attachment":[{"href":"https:\/\/apimat.ch\/de\/wp-json\/wp\/v2\/media?parent=25587"}],"wp:term":[{"taxonomy":"product_cat","embeddable":true,"href":"https:\/\/apimat.ch\/de\/wp-json\/wp\/v2\/product_cat?post=25587"},{"taxonomy":"product_tag","embeddable":true,"href":"https:\/\/apimat.ch\/de\/wp-json\/wp\/v2\/product_tag?post=25587"}],"curies":[{"name":"wp","href":"https:\/\/api.w.org\/{rel}","templated":true}]}}