{"id":25594,"date":"2023-07-29T16:24:38","date_gmt":"2023-07-29T14:38:02","guid":{"rendered":"https:\/\/apimat.ch\/?post_type=product&#038;p=25594"},"modified":"2023-07-29T16:38:37","modified_gmt":"2023-07-29T14:38:37","slug":"diffusor-nassenheider-universal-r","status":"publish","type":"product","link":"https:\/\/apimat.ch\/de\/produit\/diffusor-nassenheider-universal-r\/","title":{"rendered":"Diffusor Nassenheider Universal R"},"content":{"rendered":"<p>Diffusor Nassenheider Universal R<\/p>\n<p><strong>Hervorragende Effektivit\u00e4t bei der Varroabehandlung<\/strong><br \/>\nDas einzigartige, patentierte Verdunstungsprinzip mit zwei Dochten gew\u00e4hrleistet einen nahezu konstanten Volumenstrom an Ameisens\u00e4ure w\u00e4hrend der gesamten Behandlungsdauer von 10 Tagen.<\/p>\n<p><strong>Absolut keine K\u00f6niginnenverluste!<\/strong><br \/>\nEin langsamer Verdunstungsbeginn sowie die gleichm\u00e4\u00dfige Verdunstung w\u00e4hrend der gesamten Behandlungsdauer sch\u00fctzen das Leben Ihrer K\u00f6niginnen sehr wirksam.<\/p>\n<p><strong>Kompatibilit\u00e4t des R\u00e4hmchens:<\/strong><\/p>\n<p>Das R\u00e4hmchen passt in viele g\u00e4ngige Beutenma\u00dfe:<\/p>\n<p>&#8211; Deutsch Normal, Zander, Dadant &#8230;<\/p>\n<p>Bei gro\u00dfen Beuten, z. B. Dadant, liegt das R\u00e4hmchen nicht mit den herk\u00f6mmlichen Ohren auf dem Beutenrand auf, sondern mit unseren speziellen seitlichen Einh\u00e4ngohren einseitig auf dem Beutenrand sowie auf der anderen Seite auf dem R\u00e4hmchen daneben.<\/p>\n<p>Bitte vergeichen Sie die Ma\u00dfe:<\/p>\n<p><strong>Abma\u00dfe des R\u00e4hmchens au\u00dfen:<\/strong><br \/>\n&#8211; Breite 370 mm<\/p>\n<p>&#8211; H\u00f6he: 220 mm<\/p>\n<p>&#8211; Tiefe: 40 mm + Einh\u00e4ngohren = 58 mm<\/p>\n<p><strong>Der Tank ist eine verschraubbare Flasche mit Skala &#8211;<\/strong>\u00a0bef\u00fcllen Sie diese unter optimalen Sicherheitsbedingungen in Ihren R\u00e4umen und nehmen Sie sie geschlossen mit zu den Bienenst\u00e4nden.<\/p>\n<p><strong>Der Tankinhalt betr\u00e4gt 300 ml &#8211;<\/strong>\u00a0genug, um auch gro\u00dfe V\u00f6lker mit Ameisens\u00e4ure zu behandeln, ohne zwischendurch wieder auff\u00fcllen zu m\u00fcssen.<\/p>\n<p><strong>Der ganze Verdunster ist eine kompakte Einheit.<\/strong><br \/>\nDie Montage der Schiene in ein R\u00e4hmchen erfolgt mit zwei Schrauben. Die Flasche l\u00e4sst sich zur Bef\u00fcllung einfach herausnehmen. Das R\u00e4hmchen wird an eine Seitewand der Beute gehangen.<\/p>\n<p><strong>Der Verdunster universal ersetzt die Verdunster &#8220;classic&#8221; und &#8220;horizontal&#8221;,<\/strong><br \/>\ndiese sind seit 2017 nicht mehr lieferbar.<\/p>\n<p class=\"western\" lang=\"en-us\" xml:lang=\"en-us\"><span lang=\"de-de\" xml:lang=\"de-de\"><strong>Behandlungshinweise (genaue Details in der Gebrauchsanweisung):<\/strong><\/span><\/p>\n<p class=\"western\" lang=\"en-us\" xml:lang=\"en-us\"><span lang=\"de-de\" xml:lang=\"de-de\">Nach der letzten Honigernte Ende Juli \/ Anfang August mindestens 10 Tage mit 60%-iger Ameisens\u00e4ure ad us. vet. behandeln. Danach oder gleichzeitig einf\u00fcttern.<\/span><\/p>\n<p class=\"western\" lang=\"en-us\" xml:lang=\"en-us\"><span lang=\"de-de\" xml:lang=\"de-de\">Mitte bis Ende September erfolgt eine zweite Behandlung &#8211; je nach Wetter- und H\u00f6henlage nochmals mindestens 10 Tage mit 60%-iger oder 85%-iger Ameisens\u00e4ure ad us. vet. Auch nach anf\u00e4nglich erfolgreicher Behandlung kann es durch R\u00e4uberei zu einer Reinfektion kommen und der Milebnbefall wieder zunehmen. Wird Mitte Oktober noch ein nat\u00fcrlicher Milbentotenfall von mehr als einer Milbe pro Tag beobachtet, sollte ein drittes Mal behandelt werden. dabei 85%-ige Ameisens\u00e4ure einsetzen, um die normalerweise niedrigeren Au\u00dfentemperaturen auszugleichen.<\/span><\/p>\n<p class=\"western\" lang=\"en-us\" xml:lang=\"en-us\"><span lang=\"de-de\" xml:lang=\"de-de\">Die Mindestbehandlungsdauer mit unseren Ger\u00e4ten betr\u00e4gt 10 Tage. Der Verdunster kann auch l\u00e4nger im Bienenstock verbleiben. Leere Verdunster im Besonderen, aktive Verdunster unter Umst\u00e4nden, werden von den Bienen \u201eattackiert\u201c. Sie k\u00f6nnen diese eventuell verkitten oder fressen die Dochte \/ das Vliestuch an. Wir empfehlen daher, Vliestuch und R\u00e4hmchen-Untertr\u00e4ger von au\u00dfen \/ unten mit einer handels\u00fcblichen Fliegengaze zu bespannen, um Verkitten oder Abfressen des Vliestuches durch die Bienen zu verhindern.<\/span><\/p>\n<p lang=\"en-us\" xml:lang=\"en-us\"><a href=\"https:\/\/apimat.ch\/wp-content\/uploads\/2023\/07\/Gebrauchsanweisung-NV-universal-R-de-2022-02-17.pdf\">Gebrauchsanweisung-NV-universal-R-de 2022-02-17<\/a><\/p>\n<p class=\"western\" lang=\"en-us\" xml:lang=\"en-us\"><span lang=\"de-de\" xml:lang=\"de-de\">Im Video sehen Sie die genaue Arbeitsweise:<\/span><\/p>\n<div class='avia-iframe-wrap'><iframe loading=\"lazy\" title=\"Nassenheider Verdunster universal R - Tutorial\" width=\"1500\" height=\"844\" src=\"https:\/\/www.youtube.com\/embed\/pRk52rPlcXg?start=87&#038;feature=oembed\" frameborder=\"0\" allow=\"accelerometer; autoplay; clipboard-write; encrypted-media; gyroscope; picture-in-picture; web-share\" allowfullscreen><\/iframe><\/div>\n<p class=\"p1\"><b>DIE PREISE SIND JE NACH MENGE DEGRESSIV.<\/b><\/p>\n<p class=\"p1\"><b>F\u00fcr weitere Informationen kontaktieren Sie mich bitte.<\/b><\/p>\n<p class=\"p2\"><span class=\"s1\"><a href=\"mailto:info@apimat.ch\"><b>info@apimat.ch<\/b><\/a><\/span><\/p>\n<p class=\"p1\"><b>Telefon: 076 213 80 33<\/b><\/p>\n<p>&nbsp;<\/p>\n","protected":false},"excerpt":{"rendered":"<p>Diffusor Nassenheider Universal R Hervorragende Effektivit\u00e4t bei der Varroabehandlung Das einzigartige, patentierte Verdunstungsprinzip mit zwei Dochten gew\u00e4hrleistet einen nahezu konstanten Volumenstrom an Ameisens\u00e4ure w\u00e4hrend der gesamten Behandlungsdauer von 10 Tagen. Absolut keine K\u00f6niginnenverluste! Ein langsamer Verdunstungsbeginn sowie die gleichm\u00e4\u00dfige Verdunstung w\u00e4hrend der gesamten Behandlungsdauer sch\u00fctzen das Leben Ihrer K\u00f6niginnen sehr wirksam. Kompatibilit\u00e4t des R\u00e4hmchens: Das [&hellip;]<\/p>\n","protected":false},"featured_media":25579,"template":"","meta":{"_uf_show_specific_survey":0,"_uf_disable_surveys":false},"product_cat":[390],"product_tag":[],"aioseo_notices":[],"_links":{"self":[{"href":"https:\/\/apimat.ch\/de\/wp-json\/wp\/v2\/product\/25594"}],"collection":[{"href":"https:\/\/apimat.ch\/de\/wp-json\/wp\/v2\/product"}],"about":[{"href":"https:\/\/apimat.ch\/de\/wp-json\/wp\/v2\/types\/product"}],"wp:featuredmedia":[{"embeddable":true,"href":"https:\/\/apimat.ch\/de\/wp-json\/wp\/v2\/media\/25579"}],"wp:attachment":[{"href":"https:\/\/apimat.ch\/de\/wp-json\/wp\/v2\/media?parent=25594"}],"wp:term":[{"taxonomy":"product_cat","embeddable":true,"href":"https:\/\/apimat.ch\/de\/wp-json\/wp\/v2\/product_cat?post=25594"},{"taxonomy":"product_tag","embeddable":true,"href":"https:\/\/apimat.ch\/de\/wp-json\/wp\/v2\/product_tag?post=25594"}],"curies":[{"name":"wp","href":"https:\/\/api.w.org\/{rel}","templated":true}]}}